{"id":2611,"date":"2024-09-26T16:58:48","date_gmt":"2024-09-26T13:58:48","guid":{"rendered":"https:\/\/globalhotel.com.tr\/urun\/printed-frosted-flowpack-soap\/"},"modified":"2025-04-15T19:29:48","modified_gmt":"2025-04-15T16:29:48","slug":"printed-frosted-flowpack-soap","status":"publish","type":"product","link":"https:\/\/globalhotel.com.tr\/en\/urun\/printed-frosted-flowpack-soap\/","title":{"rendered":"Printed Frosted Flowpack Soap"},"content":{"rendered":"<h2 class=\"product-title product_title entry-title\"><strong>Printed Frosted Flowpack Soap<\/strong><\/h2>\n<p>Misafir memnuniyetine \u00f6nem veren oteller ve i\u015fletmeler i\u00e7in \u00f6zel olarak tasarlanan <a href=\"https:\/\/globalhotel.com.tr\/en\/\"><strong>Bask\u0131l\u0131 Buzlu Flowpack Sabunu<\/strong><\/a>, hem \u015f\u0131k ambalaj\u0131 hem de hijyenik yap\u0131s\u0131yla dikkat \u00e7eker. Flowpack ambalaj\u0131 sayesinde sabun d\u0131\u015f etkenlere kar\u015f\u0131 korunakl\u0131 olup kullan\u0131m \u00f6ncesinde temizli\u011fini muhafaza eder. \u00dczerine i\u015fletme logosu ya da \u00f6zel bir tasar\u0131m bask\u0131s\u0131 yap\u0131labilen bu sabunlar, markan\u0131za profesyonel bir imaj kazand\u0131r\u0131r.  <\/p>\n<h3><strong>Hijyen ve Kaliteyi Bulu\u015fturan Sabun<\/strong><\/h3>\n<p>Bask\u0131l\u0131 Buzlu Flowpack Sabunu, y\u00fcksek kaliteli i\u00e7eriklerle \u00fcretilmi\u015f olup cilt dostu yap\u0131s\u0131yla g\u00fcvenli bir temizlik sunar. K\u00f6p\u00fcklenme kapasitesi y\u00fcksek oldu\u011fu i\u00e7in az miktarla bile etkili bir temizlik sa\u011flar. Ho\u015f ve hafif kokusuyla misafirlerinize ferahlat\u0131c\u0131 bir deneyim ya\u015fat\u0131r.  <\/p>\n<h3><strong>\u015e\u0131k ve Koruyucu Ambalaj<\/strong><\/h3>\n<p>Flowpack teknolojisi, \u00fcr\u00fcn\u00fcn uzun s\u00fcre tazeli\u011fini korumas\u0131na olanak tan\u0131r. Buzlu ambalaj tasar\u0131m\u0131, modern ve zarif bir g\u00f6r\u00fcn\u00fcm sunarak otellerin prestijli imaj\u0131n\u0131 peki\u015ftirir. Ayr\u0131ca, ki\u015fiselle\u015ftirilmi\u015f bask\u0131 se\u00e7ene\u011fi sayesinde sabunlar\u0131n\u0131z i\u015fletmenizin kimli\u011fini yans\u0131tabilir.  <\/p>\n<h3><strong>\u00c7e\u015fitli Kullan\u0131m Alanlar\u0131<\/strong><\/h3>\n<p>Bu \u00f6zel sabunlar yaln\u0131zca otellerde de\u011fil, spa merkezleri, spor salonlar\u0131 ve konuk a\u011f\u0131rlama hizmeti sunan i\u015fletmelerde de tercih edilmektedir. Kullan\u0131\u015fl\u0131 boyutu sayesinde tek kullan\u0131ml\u0131k olarak sunulabilir, hijyen standartlar\u0131n\u0131 en \u00fcst d\u00fczeye ta\u015f\u0131r. <\/p>\n<p>&nbsp;<\/p>\n<p>Our soap types and product codes are as follows.<\/p>\n<ul>\n<li><strong>MML 0084<\/strong>: Thyme Soap<\/li>\n<li><strong>MML 0084<\/strong>: Lavender Soap<\/li>\n<li><strong>MML 0132<\/strong>: Cake Soap<\/li>\n<\/ul>\n<ul>\n<li><strong>MML 0133<\/strong>: Citrus Soap<\/li>\n<li><strong>MML 0134<\/strong>: Argan Soap<\/li>\n<li><strong>MML 0135<\/strong>: Olive Oil Soap<\/li>\n<\/ul>\n<p>&nbsp;<\/p>\n","protected":false},"excerpt":{"rendered":"<div class=\"flex max-w-full flex-col flex-grow\">\n<div class=\"min-h-8 text-message flex w-full flex-col items-end gap-2 whitespace-normal break-words text-start [.text-message+&amp;]:mt-5\" dir=\"auto\" data-message-author-role=\"assistant\" data-message-id=\"5d060e47-eac5-4893-83f0-b46b8961e2ce\" data-message-model-slug=\"gpt-4o-mini\">\n<div class=\"flex w-full flex-col gap-1 empty:hidden first:pt-[3px]\">\n<div class=\"markdown prose w-full break-words dark:prose-invert light\">\n<p><strong>Printed Frosted Flowpack Soap<\/strong>, ist ein hygienisches und praktisches K\u00f6rperpflegeprodukt, das speziell f\u00fcr Hotels und Beherbergungsbetriebe entwickelt wurde. Seine mattierte Verpackung spiegelt Qualit\u00e4t wider und bietet ein elegantes und stilvolles Aussehen. Dank seiner hautfreundlichen Formel und seines angenehmen Duftes bietet es den G\u00e4sten ein erfrischendes Reinigungserlebnis. Sein kompaktes Einwegdesign erm\u00f6glicht eine einfache Anwendung. Das aufgedruckte Design erh\u00f6ht das Prestige Ihres Hotels und pr\u00e4sentiert Ihre Marke auf elegante Weise den G\u00e4sten.     <strong>We design especially for you with your hotel logo and reflect your brand in the most elegant way.<\/strong><\/p>\n<\/div>\n<\/div>\n<\/div>\n<\/div>\n<ul>\n<li><strong>PL Printed Frosted Flowback Soap:<\/strong> 15 g.<\/li>\n<li><strong>PL Printed Frosted Flowback Soap:<\/strong> 20 g.<\/li>\n<li><strong>PL Printed Frosted Flowback Soap:<\/strong> 25 g.<\/li>\n<li><strong>PL Printed Frosted Flowback Soap:<\/strong> 30 g.<\/li>\n<\/ul>\n<p>Our company produces high quality hotel soaps in accordance with European standards. The hotel soaps we produce to meet the expectations of your guests and ensure their satisfaction stand out with their skin-friendly and hygienic structures.<\/p>\n<p>You can also contact us to increase the hygiene standards of your hotel and increase the satisfaction of your guests. For detailed information about our price offers and products, you can call us or contact us through our communication channels.<\/p>\n","protected":false},"featured_media":1573,"comment_status":"open","ping_status":"closed","template":"","meta":{"inline_featured_image":false},"product_brand":[],"product_cat":[85,88],"product_tag":[],"class_list":{"0":"post-2611","1":"product","2":"type-product","3":"status-publish","4":"has-post-thumbnail","6":"product_cat-boucle-materials","7":"product_cat-hotel-soap","8":"tm-has-options","10":"first","11":"instock","12":"shipping-taxable","13":"product-type-simple"},"_links":{"self":[{"href":"https:\/\/globalhotel.com.tr\/en\/wp-json\/wp\/v2\/product\/2611","targetHints":{"allow":["GET"]}}],"collection":[{"href":"https:\/\/globalhotel.com.tr\/en\/wp-json\/wp\/v2\/product"}],"about":[{"href":"https:\/\/globalhotel.com.tr\/en\/wp-json\/wp\/v2\/types\/product"}],"replies":[{"embeddable":true,"href":"https:\/\/globalhotel.com.tr\/en\/wp-json\/wp\/v2\/comments?post=2611"}],"wp:featuredmedia":[{"embeddable":true,"href":"https:\/\/globalhotel.com.tr\/en\/wp-json\/wp\/v2\/media\/1573"}],"wp:attachment":[{"href":"https:\/\/globalhotel.com.tr\/en\/wp-json\/wp\/v2\/media?parent=2611"}],"wp:term":[{"taxonomy":"product_brand","embeddable":true,"href":"https:\/\/globalhotel.com.tr\/en\/wp-json\/wp\/v2\/product_brand?post=2611"},{"taxonomy":"product_cat","embeddable":true,"href":"https:\/\/globalhotel.com.tr\/en\/wp-json\/wp\/v2\/product_cat?post=2611"},{"taxonomy":"product_tag","embeddable":true,"href":"https:\/\/globalhotel.com.tr\/en\/wp-json\/wp\/v2\/product_tag?post=2611"}],"curies":[{"name":"wp","href":"https:\/\/api.w.org\/{rel}","templated":true}]}}