{"id":2606,"date":"2024-09-26T16:58:48","date_gmt":"2024-09-26T13:58:48","guid":{"rendered":"https:\/\/globalhotel.com.tr\/urun\/velvet-double-layer-double-sole-embroidered-slippers\/"},"modified":"2025-04-15T16:48:13","modified_gmt":"2025-04-15T13:48:13","slug":"velvet-double-layer-double-sole-embroidered-slippers","status":"publish","type":"product","link":"https:\/\/globalhotel.com.tr\/en\/urun\/velvet-double-layer-double-sole-embroidered-slippers\/","title":{"rendered":"Velvet Double Layer Double Sole Embroidered Slippers"},"content":{"rendered":"<h2 class=\"product-title product_title entry-title\"><strong>Velvet Double Layer Double Sole Embroidered Slippers<\/strong><\/h2>\n<p data-start=\"86\" data-end=\"436\">Otelinizin misafirlerine sunabilece\u011finiz en \u015f\u0131k ve konforlu \u00fcr\u00fcnlerden biri olan <strong><a href=\"https:\/\/globalhotel.com.tr\/en\/\">Kadife \u00c7ift Kat \u00c7ift Taban Nak\u0131\u015fl\u0131 Terlik<\/a><\/strong>, \u00fcst\u00fcn kalite ve esteti\u011fi bir araya getirerek unutulmaz bir deneyim sunar. Misafirlerinizi mutlu etmek ve onlara y\u00fcksek konfor sa\u011flamak i\u00e7in tasarlanm\u0131\u015f bu terlik, otel malzemeleri koleksiyonunuzda vazge\u00e7ilmez bir par\u00e7a olacak. <\/p>\n<h2 data-start=\"438\" data-end=\"470\"><strong data-start=\"438\" data-end=\"470\">\u015e\u0131kl\u0131k ve Zarafetin Simbol\u00fc<\/strong><\/h2>\n<p data-start=\"472\" data-end=\"1029\">Kadife kuma\u015f\u0131, zarafeti ve yumu\u015fak dokusuyla terli\u011fin her bir ad\u0131mda konfor sa\u011flamas\u0131n\u0131 sa\u011flar. \u00c7ift kat yap\u0131s\u0131 sayesinde ekstra yast\u0131klama sunarak misafirlerinize uzun s\u00fcreli kullan\u0131mda bile rahatl\u0131k hissi verir. Her ad\u0131mda m\u00fckemmel bir destek sunarak otel misafirlerinizin kendilerini evlerinde gibi hissetmelerini sa\u011flar. \u00dczerinde yer alan ince nak\u0131\u015f detaylar\u0131 ise zarif bir dokunu\u015f katmakta ve g\u00f6rsel olarak \u015f\u0131kl\u0131\u011f\u0131n\u0131 art\u0131rmaktad\u0131r. Her misafir i\u00e7in \u00f6zel bir deneyim yaratmak ad\u0131na, ince i\u015f\u00e7ilikle haz\u0131rlanm\u0131\u015f nak\u0131\u015flar terli\u011fin l\u00fcks havas\u0131n\u0131 peki\u015ftirir.    <\/p>\n<h3 data-start=\"1031\" data-end=\"1072\"><strong data-start=\"1031\" data-end=\"1072\">\u00c7ift Taban \u00d6zelli\u011fi ile Dayan\u0131kl\u0131l\u0131k<\/strong><\/h3>\n<p data-start=\"1074\" data-end=\"1491\">Terli\u011fin \u00e7ift taban tasar\u0131m\u0131, hem dayan\u0131kl\u0131l\u0131\u011f\u0131 art\u0131r\u0131r hem de uzun s\u00fcreli kullan\u0131mda rahatl\u0131k sa\u011flar. Misafirlerin otel odalar\u0131nda, spa alanlar\u0131nda veya otel i\u00e7indeki di\u011fer alanlarda rahat\u00e7a kullanabilece\u011fi bu terlik, zeminle m\u00fckemmel uyum sa\u011flar ve kaymaz \u00f6zellik g\u00f6sterir. \u00c7ift tabanl\u0131 yap\u0131, yaln\u0131zca estetik de\u011fil, ayn\u0131 zamanda fonksiyonellik de sunar, b\u00f6ylece misafirleriniz her ad\u0131mda g\u00fcvenli ve rahat hisseder.  <\/p>\n<h3 data-start=\"1493\" data-end=\"1517\"><strong data-start=\"1493\" data-end=\"1517\">Konfor ve Pratiklik<\/strong><\/h3>\n<p data-start=\"1519\" data-end=\"1970\">Otel malzemelerinde pratiklik \u00f6nemli bir fakt\u00f6rd\u00fcr. Bu terlik, kolay temizlenebilir \u00f6zelliklere sahiptir ve dayan\u0131kl\u0131 yap\u0131s\u0131yla uzun s\u00fcre kullan\u0131ma uygundur. Her oda i\u00e7in ideal bir se\u00e7enek olan Kadife \u00c7ift Kat \u00c7ift Taban Nak\u0131\u015fl\u0131 Terlik, otel y\u00f6netimi i\u00e7in de bak\u0131m\u0131 kolay, y\u00fcksek kaliteli bir \u00fcr\u00fcnd\u00fcr. Misafirlerinizin konforu d\u00fc\u015f\u00fcn\u00fclerek \u00fcretilmi\u015f olan bu terlik, onlar\u0131n her an\u0131nda yanlar\u0131nda olacak ve unutulmaz bir konaklama deneyimi ya\u015fatacakt\u0131r.   <\/p>\n","protected":false},"excerpt":{"rendered":"<p><strong>Velvet Double Layer Double Sole Embroidered Slippers<\/strong> offer elegance and comfort to your guests in accommodations such as hotels and spas. It provides extra comfort with its soft velvet fabric and double layer sole. While gaining an elegant look with embroidery details, its durable structure offers long-lasting use. It increases guest satisfaction with its stylish design and quality material. It is specially selected with different color and print options.   <\/p>\n<p class=\"p1\"><strong>Upper Upper:<\/strong><\/p>\n<ul class=\"ul1\">\n<li class=\"li1\">3+3 mm sponge<\/li>\n<li class=\"li1\">Velvet<\/li>\n<\/ul>\n<p class=\"p1\"><strong>Base Upper:<\/strong><\/p>\n<ul>\n<li class=\"p1\">5 mm eva<\/li>\n<li class=\"p1\">Non-slip base<\/li>\n<li class=\"p1\">2 mm cardboard<\/li>\n<li>3 mm sponge<\/li>\n<li class=\"p1\">Velvet<\/li>\n<li class=\"p1\">10 g interlining<\/li>\n<\/ul>\n<p><strong>Pieces per box: <\/strong>100<\/p>\n<p><strong>Parcel Size:<\/strong> 620 x 400 x 400 mm<\/p>\n<p><strong>Volume:<\/strong> 0.099 m<sup>3<\/sup><\/p>\n","protected":false},"featured_media":1588,"comment_status":"open","ping_status":"closed","template":"","meta":{"inline_featured_image":false},"product_brand":[],"product_cat":[85,87],"product_tag":[],"class_list":{"0":"post-2606","1":"product","2":"type-product","3":"status-publish","4":"has-post-thumbnail","6":"product_cat-boucle-materials","7":"product_cat-hotel-slippers","8":"tm-has-options","10":"first","11":"instock","12":"shipping-taxable","13":"product-type-simple"},"_links":{"self":[{"href":"https:\/\/globalhotel.com.tr\/en\/wp-json\/wp\/v2\/product\/2606","targetHints":{"allow":["GET"]}}],"collection":[{"href":"https:\/\/globalhotel.com.tr\/en\/wp-json\/wp\/v2\/product"}],"about":[{"href":"https:\/\/globalhotel.com.tr\/en\/wp-json\/wp\/v2\/types\/product"}],"replies":[{"embeddable":true,"href":"https:\/\/globalhotel.com.tr\/en\/wp-json\/wp\/v2\/comments?post=2606"}],"wp:featuredmedia":[{"embeddable":true,"href":"https:\/\/globalhotel.com.tr\/en\/wp-json\/wp\/v2\/media\/1588"}],"wp:attachment":[{"href":"https:\/\/globalhotel.com.tr\/en\/wp-json\/wp\/v2\/media?parent=2606"}],"wp:term":[{"taxonomy":"product_brand","embeddable":true,"href":"https:\/\/globalhotel.com.tr\/en\/wp-json\/wp\/v2\/product_brand?post=2606"},{"taxonomy":"product_cat","embeddable":true,"href":"https:\/\/globalhotel.com.tr\/en\/wp-json\/wp\/v2\/product_cat?post=2606"},{"taxonomy":"product_tag","embeddable":true,"href":"https:\/\/globalhotel.com.tr\/en\/wp-json\/wp\/v2\/product_tag?post=2606"}],"curies":[{"name":"wp","href":"https:\/\/api.w.org\/{rel}","templated":true}]}}