{"id":2603,"date":"2024-09-26T16:58:48","date_gmt":"2024-09-26T13:58:48","guid":{"rendered":"https:\/\/globalhotel.com.tr\/urun\/standard-polyester-slippers\/"},"modified":"2025-04-14T16:26:43","modified_gmt":"2025-04-14T13:26:43","slug":"standard-polyester-slippers","status":"publish","type":"product","link":"https:\/\/globalhotel.com.tr\/en\/urun\/standard-polyester-slippers\/","title":{"rendered":"OT-006 Standard Polyester Slippers"},"content":{"rendered":"<h2 class=\"product-title product_title entry-title\"><strong> Standart Polyester Terlik<\/strong><\/h2>\n<p data-start=\"145\" data-end=\"467\">Otel sekt\u00f6r\u00fcnde misafirlerinize sundu\u011funuz her bir detay, onlar\u0131n konforunu ve memnuniyetini do\u011frudan etkiler. Standart Polyester Terlik, bu anlamda otelinizdeki her odada yer almas\u0131 gereken pratik ve \u015f\u0131k bir \u00fcr\u00fcnd\u00fcr. Misafirlerinize sunaca\u011f\u0131n\u0131z bu terlik, hem i\u015flevsel hem de estetik a\u00e7\u0131dan m\u00fckemmel bir tercih olacakt\u0131r.  <\/p>\n<h3 data-start=\"469\" data-end=\"506\"><strong data-start=\"469\" data-end=\"506\">Y\u00fcksek Kaliteli Polyester Malzeme<\/strong><\/h3>\n<p data-start=\"508\" data-end=\"976\"><a href=\"https:\/\/globalhotel.com.tr\/en\/\"><strong>Standart Polyester Terlik<\/strong><\/a>, dayan\u0131kl\u0131l\u0131\u011f\u0131 ve konforu bir araya getiren y\u00fcksek kaliteli polyester malzemeden \u00fcretilmi\u015ftir. Polyester, hafifli\u011fi ve dayan\u0131kl\u0131l\u0131\u011f\u0131yla uzun \u00f6m\u00fcrl\u00fc bir kullan\u0131m sunar. Hem misafirlerinizin hem de otel personelinin kullan\u0131m\u0131na uygun olan bu terlik, y\u00fcksek y\u0131kama dayan\u0131kl\u0131l\u0131\u011f\u0131na sahip olup, uzun s\u00fcre formunu korur. Misafirlerinize konforlu bir kullan\u0131m sunarken, ayn\u0131 zamanda bak\u0131m\u0131n\u0131n kolay olmas\u0131yla da i\u015fletmeniz i\u00e7in b\u00fcy\u00fck avantaj sa\u011flar.   <\/p>\n<h2 data-start=\"978\" data-end=\"1007\"><strong data-start=\"978\" data-end=\"1007\">Konforlu ve Hafif Tasar\u0131m<\/strong><\/h2>\n<p data-start=\"1009\" data-end=\"1349\">Misafirlerinize g\u00fcn boyu rahatl\u0131k sa\u011flayacak olan bu terlik, hafif ve esnek yap\u0131s\u0131yla her ad\u0131mda konfor sunar. Standart Polyester Terlik, ayaklar\u0131 rahat\u00e7a sarar ve uzun s\u00fcreli kullan\u0131mlarda dahi rahats\u0131zl\u0131k yaratmaz. Yumu\u015fak yap\u0131s\u0131, misafirlerinize evlerindeki rahatl\u0131k hissini verirken, otelinizin kaliteli hizmet anlay\u0131\u015f\u0131n\u0131 da peki\u015ftirir.  <\/p>\n<h3 data-start=\"1351\" data-end=\"1376\"><strong data-start=\"1351\" data-end=\"1376\">\u015e\u0131k ve Modern G\u00f6r\u00fcn\u00fcm<\/strong><\/h3>\n<p data-start=\"1378\" data-end=\"1720\">Otel terlikleri sadece fonksiyonel de\u011fil, ayn\u0131 zamanda \u015f\u0131k bir g\u00f6r\u00fcn\u00fcme sahip olmal\u0131d\u0131r. Standart Polyester Terlik, minimalist tasar\u0131m\u0131 ile her t\u00fcrl\u00fc otel dekoruna uyum sa\u011flar. Beyaz\u0131n sade ve temiz g\u00f6r\u00fcnt\u00fcs\u00fcyle, otelinizin odalar\u0131nda modern bir atmosfer yarat\u0131r. Misafirleriniz, terlikleri giyerken kendilerini \u015f\u0131k ve rahat hissedeceklerdir.   <\/p>\n","protected":false},"excerpt":{"rendered":"<p><strong>OT-006 Standard Polyester Slippers<\/strong> offer your guests a comfortable and hygienic experience in hotels and accommodation facilities. It provides long-lasting use with durable polyester material. It offers a comfortable use with its lightweight structure and ergonomic design. It increases guest satisfaction with its stylish design, useful structure and quality material. It is specially selected with different color and print options.    <\/p>\n<p class=\"p1\"><strong>Upper Features:<\/strong><\/p>\n<ul class=\"ul1\">\n<li class=\"li1\">2 mm sponge<\/li>\n<li class=\"li1\">10 g interlining<\/li>\n<li class=\"li1\">Polyester<\/li>\n<\/ul>\n<p class=\"p1\"><strong>Base Features:<\/strong><\/p>\n<ul class=\"ul1\">\n<li class=\"li1\">3.2 mm eva<\/li>\n<li class=\"li1\">2 mm sponge<\/li>\n<li class=\"li1\">Polyester<\/li>\n<li class=\"li1\">10 g interlining<\/li>\n<\/ul>\n<p><strong>Qty. per box:<\/strong> 200<\/p>\n<p><strong>Parcel Size:<\/strong> 620 x 400 x 400 mm<\/p>\n<p><strong>Volume:<\/strong> 0.099 m<sup>3<\/sup><\/p>\n","protected":false},"featured_media":1581,"comment_status":"open","ping_status":"closed","template":"","meta":{"inline_featured_image":false},"product_brand":[],"product_cat":[85,87],"product_tag":[],"class_list":{"0":"post-2603","1":"product","2":"type-product","3":"status-publish","4":"has-post-thumbnail","6":"product_cat-boucle-materials","7":"product_cat-hotel-slippers","8":"tm-has-options","10":"first","11":"instock","12":"shipping-taxable","13":"product-type-simple"},"_links":{"self":[{"href":"https:\/\/globalhotel.com.tr\/en\/wp-json\/wp\/v2\/product\/2603","targetHints":{"allow":["GET"]}}],"collection":[{"href":"https:\/\/globalhotel.com.tr\/en\/wp-json\/wp\/v2\/product"}],"about":[{"href":"https:\/\/globalhotel.com.tr\/en\/wp-json\/wp\/v2\/types\/product"}],"replies":[{"embeddable":true,"href":"https:\/\/globalhotel.com.tr\/en\/wp-json\/wp\/v2\/comments?post=2603"}],"wp:featuredmedia":[{"embeddable":true,"href":"https:\/\/globalhotel.com.tr\/en\/wp-json\/wp\/v2\/media\/1581"}],"wp:attachment":[{"href":"https:\/\/globalhotel.com.tr\/en\/wp-json\/wp\/v2\/media?parent=2603"}],"wp:term":[{"taxonomy":"product_brand","embeddable":true,"href":"https:\/\/globalhotel.com.tr\/en\/wp-json\/wp\/v2\/product_brand?post=2603"},{"taxonomy":"product_cat","embeddable":true,"href":"https:\/\/globalhotel.com.tr\/en\/wp-json\/wp\/v2\/product_cat?post=2603"},{"taxonomy":"product_tag","embeddable":true,"href":"https:\/\/globalhotel.com.tr\/en\/wp-json\/wp\/v2\/product_tag?post=2603"}],"curies":[{"name":"wp","href":"https:\/\/api.w.org\/{rel}","templated":true}]}}