{"id":2602,"date":"2024-09-26T16:58:48","date_gmt":"2024-09-26T13:58:48","guid":{"rendered":"https:\/\/globalhotel.com.tr\/urun\/velvet-double-slippers\/"},"modified":"2025-04-14T16:14:29","modified_gmt":"2025-04-14T13:14:29","slug":"velvet-double-slippers","status":"publish","type":"product","link":"https:\/\/globalhotel.com.tr\/en\/urun\/velvet-double-slippers\/","title":{"rendered":"Velvet Double Slippers"},"content":{"rendered":"<h2 class=\"product-title product_title entry-title\"><strong>Velvet Double Slippers<\/strong><\/h2>\n<p data-start=\"150\" data-end=\"505\">Otel ve konaklama sekt\u00f6r\u00fcnde misafirlerinizin rahat\u0131n\u0131 \u00f6n planda tutmak, kaliteli hizmetin bir par\u00e7as\u0131 haline gelmi\u015ftir. Kadife \u00e7ift kat terlik, hem konforlu hem de \u015f\u0131k bir se\u00e7enek olarak, otel malzemeleri aras\u0131nda vazge\u00e7ilmez yerini al\u0131yor. Yumu\u015fak dokusu, \u015f\u0131kl\u0131\u011f\u0131 ve dayan\u0131kl\u0131l\u0131\u011f\u0131 ile konuklar\u0131n\u0131z\u0131n ayaklar\u0131n\u0131 sarar, onlara unutulmaz bir deneyim sunar.  <\/p>\n<h2 data-start=\"507\" data-end=\"540\"><strong data-start=\"507\" data-end=\"540\">\u00d6zel Tasar\u0131m ve Y\u00fcksek Kalite<\/strong><\/h2>\n<p data-start=\"542\" data-end=\"942\"><strong><a href=\"https:\/\/globalhotel.com.tr\/en\/\">Kadife \u00e7ift kat terlik<\/a><\/strong>, kaliteli kuma\u015f\u0131 ve zarif tasar\u0131m\u0131 ile dikkat \u00e7eker. Terli\u011fin \u00fcst y\u00fczeyi, kadife dokusu ile misafirlere l\u00fcks bir his verirken, alt y\u00fczeyi ise kaymaz \u00f6zellikte olup g\u00fcvenli bir kullan\u0131m sa\u011flar. \u00c7ift kat yap\u0131s\u0131, terli\u011fin dayan\u0131kl\u0131l\u0131\u011f\u0131n\u0131 art\u0131r\u0131rken ayn\u0131 zamanda m\u00fckemmel bir yumu\u015fakl\u0131k sunar. Konuklar\u0131n\u0131z, bu terlikleri giyerken kendilerini evlerinde gibi rahat hissedeceklerdir.   <\/p>\n<h2 data-start=\"944\" data-end=\"977\"><strong data-start=\"944\" data-end=\"977\">Konforlu ve Sa\u011fl\u0131kl\u0131 Kullan\u0131m<\/strong><\/h2>\n<p data-start=\"979\" data-end=\"1398\">Otel misafirlerinin ihtiya\u00e7lar\u0131n\u0131 g\u00f6zeterek tasarlanan kadife \u00e7ift kat terlik, uzun s\u00fcreli kullan\u0131mda bile rahatl\u0131k sunar. Ayaklar\u0131 yormayan i\u00e7 taban\u0131, g\u00fcn boyu konforlu bir kullan\u0131m sa\u011flar. Hafif yap\u0131s\u0131 ve nefes alabilen kuma\u015f\u0131, terliklerin s\u0131cak yaz g\u00fcnlerinde bile rahat\u00e7a kullan\u0131labilmesine olanak tan\u0131r. \u00dcst\u00fcn kaliteli malzemelerle \u00fcretilmi\u015f olan bu terlik, hem konforlu hem de sa\u011fl\u0131kl\u0131 bir kullan\u0131m i\u00e7in idealdir.   <\/p>\n<h2 data-start=\"1400\" data-end=\"1437\"><strong data-start=\"1400\" data-end=\"1437\">\u015e\u0131kl\u0131\u011f\u0131yla Mekan\u0131n\u0131za De\u011fer Katar<\/strong><\/h2>\n<p data-start=\"1439\" data-end=\"1836\">Sade ve \u015f\u0131k tasar\u0131m\u0131 sayesinde kadife \u00e7ift kat terlik, her t\u00fcrl\u00fc otel dekorasyonu ile uyum sa\u011flar. Terli\u011fin zarif dokusu, mekan\u0131n\u0131za l\u00fcks bir dokunu\u015f katarken, \u015f\u0131kl\u0131\u011f\u0131 ile de misafirlerinize estetik bir deneyim sunar. Otel odalar\u0131n\u0131zda, spa alanlar\u0131nda, havuz kenarlar\u0131nda ya da misafir odalar\u0131n\u0131zda rahatl\u0131kla kullanabilece\u011finiz bu terlikler, konuklar\u0131n\u0131za premium bir konaklama deneyimi ya\u015fat\u0131r.  <\/p>\n","protected":false},"excerpt":{"rendered":"<p><strong>Velvet Double Fold Slippers<\/strong> offer comfort and elegance to guests in hotels and accommodation facilities. Soft velvet fabric and double layer structure provide extra comfort. Produced with durable technologies, these slippers offer long-lasting use and a hygienic option. With its stylish design, it adds an elegant touch to hotel rooms and increases the satisfaction of your guests. It is specially selected with different color and print options.   <\/p>\n<p class=\"p1\"><strong>Base Upper:<\/strong><\/p>\n<ul class=\"ul1\">\n<li class=\"li1\">5 mm eva<\/li>\n<li class=\"li1\">3 mm sponge<\/li>\n<li class=\"li1\">Velvet<\/li>\n<li class=\"li1\">10 g interlining<\/li>\n<\/ul>\n<p class=\"p1\"><strong>Upper Sava:<\/strong><\/p>\n<ul>\n<li class=\"p1\">3+3 mm sponge<\/li>\n<li class=\"p1\">Velvet<\/li>\n<\/ul>\n<p><strong>Qty in parcel: <\/strong>150<\/p>\n<p><strong>Parcel Size:<\/strong> 620 x 400 x 400 mm<\/p>\n<p><strong>Volume:<\/strong> 0.099 m<sup>3<\/sup><\/p>\n","protected":false},"featured_media":1587,"comment_status":"open","ping_status":"closed","template":"","meta":{"inline_featured_image":false},"product_brand":[],"product_cat":[85,87],"product_tag":[],"class_list":{"0":"post-2602","1":"product","2":"type-product","3":"status-publish","4":"has-post-thumbnail","6":"product_cat-boucle-materials","7":"product_cat-hotel-slippers","8":"tm-has-options","10":"first","11":"instock","12":"shipping-taxable","13":"product-type-simple"},"_links":{"self":[{"href":"https:\/\/globalhotel.com.tr\/en\/wp-json\/wp\/v2\/product\/2602","targetHints":{"allow":["GET"]}}],"collection":[{"href":"https:\/\/globalhotel.com.tr\/en\/wp-json\/wp\/v2\/product"}],"about":[{"href":"https:\/\/globalhotel.com.tr\/en\/wp-json\/wp\/v2\/types\/product"}],"replies":[{"embeddable":true,"href":"https:\/\/globalhotel.com.tr\/en\/wp-json\/wp\/v2\/comments?post=2602"}],"wp:featuredmedia":[{"embeddable":true,"href":"https:\/\/globalhotel.com.tr\/en\/wp-json\/wp\/v2\/media\/1587"}],"wp:attachment":[{"href":"https:\/\/globalhotel.com.tr\/en\/wp-json\/wp\/v2\/media?parent=2602"}],"wp:term":[{"taxonomy":"product_brand","embeddable":true,"href":"https:\/\/globalhotel.com.tr\/en\/wp-json\/wp\/v2\/product_brand?post=2602"},{"taxonomy":"product_cat","embeddable":true,"href":"https:\/\/globalhotel.com.tr\/en\/wp-json\/wp\/v2\/product_cat?post=2602"},{"taxonomy":"product_tag","embeddable":true,"href":"https:\/\/globalhotel.com.tr\/en\/wp-json\/wp\/v2\/product_tag?post=2602"}],"curies":[{"name":"wp","href":"https:\/\/api.w.org\/{rel}","templated":true}]}}