{"id":2579,"date":"2024-09-26T17:00:10","date_gmt":"2024-09-26T14:00:10","guid":{"rendered":"https:\/\/globalhotel.com.tr\/urun\/abs-2015-welcome-tray\/"},"modified":"2025-12-11T00:39:16","modified_gmt":"2025-12-10T21:39:16","slug":"abs-2015-welcome-tray","status":"publish","type":"product","link":"https:\/\/globalhotel.com.tr\/en\/urun\/abs-2015-welcome-tray\/","title":{"rendered":"ABS 2015 Welcome Tray"},"content":{"rendered":"<div class=\"flex-shrink-0 flex flex-col relative items-end\">\n<div class=\"pt-0\">\n<div class=\"gizmo-bot-avatar flex h-8 w-8 items-center justify-center overflow-hidden rounded-full\">\n<div class=\"relative p-1 rounded-sm flex items-center justify-center bg-token-main-surface-primary text-token-text-primary h-8 w-8\"><strong style=\"color: #555555;\">Fantom Kaps\u00fcl Kahve Makinesi<\/strong><span style=\"color: #555555;\">, otel ve konaklama tesislerinde <\/span>h\u0131zl\u0131 ve pratik kahve haz\u0131rlama<span style=\"color: #555555;\"> imkan\u0131 sunar. <\/span>Kaps\u00fcl kahve sistemi<span style=\"color: #555555;\"> sayesinde misafirleriniz, zahmetsizce <\/span>kaliteli ve lezzetli kahveler<span style=\"color: #555555;\"> haz\u0131rlayabilir. <\/span>\u015e\u0131k ve kompakt tasar\u0131m\u0131<span style=\"color: #555555;\"> otel odalar\u0131, lobi ve dinlenme alanlar\u0131nda kullan\u0131m i\u00e7in uygundur. <\/span>Y\u00fcksek bas\u0131n\u00e7l\u0131 demleme teknolojisi<span style=\"color: #555555;\">, kahvenin aromalar\u0131n\u0131 en iyi \u015fekilde ortaya \u00e7\u0131kar\u0131rken, <\/span>enerji tasarruflu \u00e7al\u0131\u015fma sistemi<span style=\"color: #555555;\"> ile verimli kullan\u0131m sa\u011flar.<\/span><\/div>\n<div>\n<ul>\n<li>\n<table>\n<tbody>\n<tr>\n<td>\n<div class=\"title\">FUNCTION<\/div>\n<\/td>\n<td> Expresso Machine<\/td>\n<\/tr>\n<tr>\n<td>\n<table>\n<tbody>\n<tr>\n<td>\n<div class=\"title\">POWER<\/div>\n<\/td>\n<\/tr>\n<\/tbody>\n<\/table>\n<\/td>\n<td>1450 Watt<\/td>\n<\/tr>\n<tr>\n<td>\n<div class=\"title\">PUMP PRESSURE<\/div>\n<\/td>\n<td>50-60 19 Bar Pompa Ba\u0131nc\u0131<\/td>\n<\/tr>\n<tr>\n<td>\n<div class=\"title\">HOPPER CAPACITY<\/div>\n<\/td>\n<td>0,6 litre<\/td>\n<\/tr>\n<tr>\n<td>\n<div class=\"title\">WATER TANK<\/div>\n<\/td>\n<td>Removable Water Reservoir<\/td>\n<\/tr>\n<tr>\n<td>\n<div class=\"title\">STANDY BY MODU<\/div>\n<\/td>\n<td>There is<\/td>\n<\/tr>\n<tr>\n<td>\n<div class=\"title\">CHOOSING SMALL AND LARGE GLASSES<\/div>\n<\/td>\n<td>There is<\/td>\n<\/tr>\n<tr>\n<td>\n<div class=\"title\">MANUAL AND AUTOMATIC STOP<\/div>\n<\/td>\n<td>There is<\/td>\n<\/tr>\n<tr>\n<td>\n<div class=\"title\">NESPRESSO AND DOLCE GUSTO CAPSULES<\/div>\n<\/td>\n<td>Available(Suitable for Use)<\/td>\n<\/tr>\n<tr>\n<td>\n<div class=\"title\">GROUND COFFEE<\/div>\n<\/td>\n<td>Available(Suitable for Use)<\/td>\n<\/tr>\n<tr>\n<td>\n<div class=\"title\">ENERGY SAVING FEATURE<\/div>\n<\/td>\n<td>There is<\/td>\n<\/tr>\n<\/tbody>\n<\/table>\n<\/li>\n<\/ul>\n<\/div>\n<\/div>\n<\/div>\n<\/div>\n","protected":false},"excerpt":{"rendered":"<p><strong>ABS 2015 Welcome Tray <\/strong>provides a stylish and durable presentation in hotels and accommodation facilities. It is long-lasting and durable thanks to its high quality ABS material and increases the prestige of your hotel with its stylish design. It offers a comfortable experience to your guests, allowing you to provide fast and practical service in rooms or reception areas. Ideal for all kinds of use with its easy-to-clean surface and aesthetic structure.   <\/p>\n<ul>\n<li class=\"av_iconlist_title iconlist_title_small \">ABS BODY<\/li>\n<li class=\"av_iconlist_title iconlist_title_small \">2 CUPS + 5 MATERIAL COMPARTMENTS<\/li>\n<li><strong>Size:<\/strong> 199 x 543 x 50 mm<\/li>\n<li><strong>Weight:<\/strong> 0,930 kg<\/li>\n<li><strong>Qty. per Parcel:<\/strong> 12<\/li>\n<li><strong>Parcel Size:<\/strong> 200 x 544 x 51 mm<\/li>\n<li><strong>Volume:<\/strong> 0,08 m<sup>3<\/sup><\/li>\n<\/ul>\n","protected":false},"featured_media":1680,"comment_status":"open","ping_status":"closed","template":"","meta":{"inline_featured_image":false},"product_brand":[],"product_cat":[89,94],"product_tag":[],"class_list":{"0":"post-2579","1":"product","2":"type-product","3":"status-publish","4":"has-post-thumbnail","6":"product_cat-in-room-equipment","7":"product_cat-welcome-sets","8":"tm-has-options","10":"first","11":"instock","12":"shipping-taxable","13":"product-type-simple"},"_links":{"self":[{"href":"https:\/\/globalhotel.com.tr\/en\/wp-json\/wp\/v2\/product\/2579","targetHints":{"allow":["GET"]}}],"collection":[{"href":"https:\/\/globalhotel.com.tr\/en\/wp-json\/wp\/v2\/product"}],"about":[{"href":"https:\/\/globalhotel.com.tr\/en\/wp-json\/wp\/v2\/types\/product"}],"replies":[{"embeddable":true,"href":"https:\/\/globalhotel.com.tr\/en\/wp-json\/wp\/v2\/comments?post=2579"}],"wp:featuredmedia":[{"embeddable":true,"href":"https:\/\/globalhotel.com.tr\/en\/wp-json\/wp\/v2\/media\/1680"}],"wp:attachment":[{"href":"https:\/\/globalhotel.com.tr\/en\/wp-json\/wp\/v2\/media?parent=2579"}],"wp:term":[{"taxonomy":"product_brand","embeddable":true,"href":"https:\/\/globalhotel.com.tr\/en\/wp-json\/wp\/v2\/product_brand?post=2579"},{"taxonomy":"product_cat","embeddable":true,"href":"https:\/\/globalhotel.com.tr\/en\/wp-json\/wp\/v2\/product_cat?post=2579"},{"taxonomy":"product_tag","embeddable":true,"href":"https:\/\/globalhotel.com.tr\/en\/wp-json\/wp\/v2\/product_tag?post=2579"}],"curies":[{"name":"wp","href":"https:\/\/api.w.org\/{rel}","templated":true}]}}