{"id":2513,"date":"2024-09-26T17:01:59","date_gmt":"2024-09-26T14:01:59","guid":{"rendered":"https:\/\/globalhotel.com.tr\/urun\/printed-condom\/"},"modified":"2025-04-11T14:07:45","modified_gmt":"2025-04-11T11:07:45","slug":"printed-condom","status":"publish","type":"product","link":"https:\/\/globalhotel.com.tr\/en\/urun\/printed-condom\/","title":{"rendered":"BKL-014 Printed Condom"},"content":{"rendered":"<p>&nbsp;<\/p>\n<div id=\"254C497F_ED5F_539E_BF08_9192F9A99B64\">\n<h2><strong>Printed Condom<\/strong><\/h2>\n<p>Otel konforunun ve misafir memnuniyetinin en \u00f6nemli unsurlar\u0131ndan biri, konuklar\u0131n ihtiya\u00e7lar\u0131n\u0131 kar\u015f\u0131layacak her t\u00fcrl\u00fc malzemenin sa\u011flanmas\u0131d\u0131r. Bu ba\u011flamda, hijyenik ve kaliteli otel malzemeleri sunmak, misafirlerinize daha iyi bir deneyim ya\u015fatmak i\u00e7in b\u00fcy\u00fck \u00f6nem ta\u015f\u0131r. <a href=\"https:\/\/globalhotel.com.tr\/en\/\"><strong>Bask\u0131l\u0131 Prezervatif<\/strong><\/a>, otellerde kullan\u0131labilecek \u015f\u0131k ve kullan\u0131\u015fl\u0131 bir \u00fcr\u00fcnd\u00fcr. Hem g\u00fcvenlik hem de tarz\u0131 bir arada sunan bu \u00fcr\u00fcn, konuklar\u0131n\u0131z\u0131n ihtiya\u00e7lar\u0131n\u0131 kar\u015f\u0131lamak i\u00e7in ideal bir tercihtir.  <\/p>\n<h3>\u015e\u0131kl\u0131k ve Zarafet<\/h3>\n<p>Bask\u0131l\u0131 prezervatifler, sade bir fonksiyonellikten \u00e7ok daha fazlas\u0131n\u0131 sunar. \u00dczerine yap\u0131lan zarif bask\u0131lar, otelinizi tan\u0131tan veya konuklar\u0131n\u0131za \u00f6zel mesajlar veren tasar\u0131mlar ile \u015f\u0131kl\u0131k kazand\u0131r\u0131r. Bu t\u00fcr ki\u015fiselle\u015ftirilmi\u015f bask\u0131lar, markan\u0131z\u0131 g\u00fc\u00e7lendirebilir ve konuklar\u0131n\u0131za unutulmaz bir izlenim b\u0131rakabilir. \u00d6zel tasar\u0131m se\u00e7enekleriyle otelinizin konseptine uygun olarak se\u00e7im yapabilir, misafirlerinize estetik a\u00e7\u0131dan tatmin edici bir \u00fcr\u00fcn sunabilirsiniz.   <\/p>\n<h3>Y\u00fcksek Kalite ve G\u00fcvenlik<\/h3>\n<p>Bask\u0131l\u0131 prezervatifler yaln\u0131zca \u015f\u0131k de\u011fil, ayn\u0131 zamanda y\u00fcksek kalite ve g\u00fcvenlik standartlar\u0131na g\u00f6re \u00fcretilir. Otel misafirlerinizin g\u00fcvenli\u011fini \u00f6n planda tutarak, markal\u0131 ve g\u00fcvenilir prezervatif se\u00e7enekleri sunmak, onlar\u0131n sa\u011fl\u0131\u011f\u0131n\u0131 koruma ad\u0131na \u00f6nemli bir ad\u0131md\u0131r. Her prezervatif, kullan\u0131m\u0131 g\u00fcvenli ve rahat olan, do\u011fru boyutlarda \u00fcretilmi\u015f olup, t\u0131bbi standartlara uygun \u015fekilde paketlenmi\u015ftir.  <\/p>\n<h3>Kullan\u0131m Kolayl\u0131\u011f\u0131 ve Pratiklik<\/h3>\n<p>Misafirlerinizin \u00f6zel ihtiya\u00e7lar\u0131na hitap edebilmek i\u00e7in, bask\u0131l\u0131 prezervatifler g\u00fcnl\u00fck kullan\u0131m i\u00e7in olduk\u00e7a pratik bir se\u00e7enektir. Otel odalar\u0131nda, minibarlarda ya da banyolarda kolayca bulundurulabilir ve her zaman ula\u015f\u0131labilir durumda olabilir. K\u00fc\u00e7\u00fck ve ta\u015f\u0131nabilir olmalar\u0131, misafirlerinizin ihtiya\u00e7 an\u0131nda kolayca kullanabilmesini sa\u011flar. Ayr\u0131ca, uygun fiyatlarla temin edilebilen bask\u0131l\u0131 prezervatifler, uzun s\u00fcreli kullan\u0131m i\u00e7in ekonomik bir \u00e7\u00f6z\u00fcm sunar.   <\/p>\n<\/div>\n","protected":false},"excerpt":{"rendered":"<p><strong>BKL-014 Printed Condom<\/strong>, offers a stylish and hygienic solution for hotels and corporate businesses. Made with high quality products, it ensures safe use and can be personalized with your business logo or special messages. Offering a special experience to your guests, these protectors create a professional and eye-catching presentation of the hotel while increasing your brand awareness. We design it specially for you with your hotel logo and reflect your brand in the most elegant way.   <\/p>\n<ul>\n<li><strong>Size:<\/strong> 50 x 50 x 17 mm<\/li>\n<li><strong>Weight:<\/strong> 5 gr<\/li>\n<li><strong>Qty. per Parcel: <\/strong>865<\/li>\n<li><strong>Parcel Size:<\/strong> 400 x 250 x 410 mm<\/li>\n<li><strong>Volume:<\/strong> 0.041 m<sup>3<\/sup><\/li>\n<\/ul>\n<div id=\"254C497F_ED5F_539E_BF08_9192F9A99B64\"><\/div>\n","protected":false},"featured_media":1805,"comment_status":"open","ping_status":"closed","template":"","meta":{"inline_featured_image":false},"product_brand":[],"product_cat":[85,118],"product_tag":[],"class_list":{"0":"post-2513","1":"product","2":"type-product","3":"status-publish","4":"has-post-thumbnail","6":"product_cat-boucle-materials","7":"product_cat-bouquet-in-room","8":"tm-has-options","10":"first","11":"instock","12":"shipping-taxable","13":"product-type-simple"},"_links":{"self":[{"href":"https:\/\/globalhotel.com.tr\/en\/wp-json\/wp\/v2\/product\/2513","targetHints":{"allow":["GET"]}}],"collection":[{"href":"https:\/\/globalhotel.com.tr\/en\/wp-json\/wp\/v2\/product"}],"about":[{"href":"https:\/\/globalhotel.com.tr\/en\/wp-json\/wp\/v2\/types\/product"}],"replies":[{"embeddable":true,"href":"https:\/\/globalhotel.com.tr\/en\/wp-json\/wp\/v2\/comments?post=2513"}],"wp:featuredmedia":[{"embeddable":true,"href":"https:\/\/globalhotel.com.tr\/en\/wp-json\/wp\/v2\/media\/1805"}],"wp:attachment":[{"href":"https:\/\/globalhotel.com.tr\/en\/wp-json\/wp\/v2\/media?parent=2513"}],"wp:term":[{"taxonomy":"product_brand","embeddable":true,"href":"https:\/\/globalhotel.com.tr\/en\/wp-json\/wp\/v2\/product_brand?post=2513"},{"taxonomy":"product_cat","embeddable":true,"href":"https:\/\/globalhotel.com.tr\/en\/wp-json\/wp\/v2\/product_cat?post=2513"},{"taxonomy":"product_tag","embeddable":true,"href":"https:\/\/globalhotel.com.tr\/en\/wp-json\/wp\/v2\/product_tag?post=2513"}],"curies":[{"name":"wp","href":"https:\/\/api.w.org\/{rel}","templated":true}]}}