{"id":2512,"date":"2024-09-26T17:01:59","date_gmt":"2024-09-26T14:01:59","guid":{"rendered":"https:\/\/globalhotel.com.tr\/urun\/printed-wooden-dress-brush\/"},"modified":"2025-09-11T16:55:06","modified_gmt":"2025-09-11T13:55:06","slug":"printed-wooden-dress-brush","status":"publish","type":"product","link":"https:\/\/globalhotel.com.tr\/en\/urun\/printed-wooden-dress-brush\/","title":{"rendered":"BKL-013 Bask\u0131l\u0131 Ah\u015fap Elbise F\u0131r\u00e7as\u0131"},"content":{"rendered":"<p>&nbsp;<\/p>\n<div id=\"254C497F_ED5F_539E_BF08_9192F9A99B64\">\n<h2><strong>Printed Wooden Dress Brush<\/strong><\/h2>\n<p><a href=\"https:\/\/globalhotel.com.tr\/urun\/baskili-ahsap-elsbise-fircasi\/\">Bask\u0131l\u0131 Ah\u015fap Elbise F\u0131r\u00e7as\u0131<\/a>, otellerin odalar\u0131nda, spa ve wellness merkezlerinde, misafirlerin rahatl\u0131kla kullanabilece\u011fi \u015f\u0131k ve kullan\u0131\u015fl\u0131 bir \u00fcr\u00fcnd\u00fcr. Ah\u015fap yap\u0131s\u0131 ve bask\u0131 detaylar\u0131yla estetik bir g\u00f6r\u00fcn\u00fcm sunarken, ayn\u0131 zamanda elbiselerinizi nazik\u00e7e temizlemenizi sa\u011flayacak fonksiyonel bir ara\u00e7t\u0131r.<\/p>\n<h3><strong>Dayan\u0131kl\u0131 ve Zarif Ah\u015fap Tasar\u0131m<\/strong><\/h3>\n<p>F\u0131r\u00e7a, kaliteli ah\u015fap malzemeden \u00fcretilmi\u015ftir ve uzun \u00f6m\u00fcrl\u00fc kullan\u0131m sunar. Do\u011fal ah\u015fap dokusu, modern ve klasik tasar\u0131mlarla kolayca uyum sa\u011flar. Misafirlerinize s\u0131cak bir his ve kaliteli bir deneyim sunmak i\u00e7in ideal olan bu f\u0131r\u00e7a, otellerin \u015f\u0131kl\u0131\u011f\u0131n\u0131 tamamlayacak zarif bir detayd\u0131r. \u00dczerine bask\u0131 yap\u0131lan \u00f6zel tasar\u0131mlar ise hem otelinize \u00f6zel bir hava katar hem de \u00fcr\u00fcn\u00fcn g\u00f6r\u00fcn\u00fcm\u00fcn\u00fc daha estetik hale getirir.<\/p>\n<h3><strong>Etkili Temizlik ve Bak\u0131m \u00d6zelli\u011fi<\/strong><\/h3>\n<p><a href=\"https:\/\/globalhotel.com.tr\/en\/\">Bask\u0131l\u0131 Ah\u015fap Elbise F\u0131r\u00e7as\u0131<\/a>, elbiselerinizi nazik\u00e7e tararken kuma\u015f\u0131n yap\u0131s\u0131na zarar vermeden kiri ve tozu uzakla\u015ft\u0131r\u0131r. F\u0131r\u00e7an\u0131n do\u011fal k\u0131llar\u0131, giysilerinizin y\u00fczeyini \u00e7izmeden, d\u00fczg\u00fcn bir \u015fekilde temizler. Hem k\u0131r\u0131\u015f\u0131kl\u0131klar\u0131 a\u00e7ar hem de elbiselerinizi taze tutman\u0131za yard\u0131mc\u0131 olur. Farkl\u0131 kuma\u015f t\u00fcrleriyle uyumlu olarak, y\u00fcksek performans g\u00f6sterir. Bu \u00f6zellikleriyle, otel misafirlerine sundu\u011funuz ek hizmetlerin kalitesini art\u0131r\u0131r.<\/p>\n<h3><strong>\u015e\u0131k ve Pratik Kullan\u0131m<\/strong><\/h3>\n<p>Her oda i\u00e7in m\u00fckemmel bir tamamlay\u0131c\u0131 olan Bask\u0131l\u0131 Ah\u015fap Elbise F\u0131r\u00e7as\u0131, kullan\u0131m kolayl\u0131\u011f\u0131 sa\u011flar. Hafif yap\u0131s\u0131 sayesinde ta\u015f\u0131mas\u0131 son derece basittir. Ayr\u0131ca, ah\u015fap sap\u0131 ergonomik bir \u015fekilde tasarlanm\u0131\u015ft\u0131r, bu da f\u0131r\u00e7ay\u0131 uzun s\u00fcre kullan\u0131rken bile rahat bir tutu\u015f sa\u011flar. Misafirlerinizin g\u00fcnl\u00fck rutinlerinde ihtiyac\u0131 olan pratik bir ara\u00e7 sunar.<\/p>\n<\/div>\n","protected":false},"excerpt":{"rendered":"<div id=\"col-230977942\" class=\"col medium-8 small-12 large-8\">\n<div class=\"col-inner\">\n<div class=\"product-short-description\">\n<div id=\"254C497F_ED5F_539E_BF08_9192F9A99B64\">\n<p><strong>BKL-013 Printed Wooden Dress Brush<\/strong>, made of durable and high quality materials. With its stylish design and printed surface, it is suitable for use in hotel rooms and accommodation facilities. This product, which facilitates the clothing care of your guests, offers aesthetics and functionality together. We design it specially for you with your hotel logo and reflect your brand in the most stylish way.<\/p>\n<div id=\"254C497F_ED5F_539E_BF08_9192F9A99B64\">\n<ul>\n<li><strong>Size:<\/strong> 170 \u00d7 45 \u00d7 5 mm<\/li>\n<li><strong>Weight:<\/strong> 126 gr<\/li>\n<li><strong>Qty. per Parcel: <\/strong>30<\/li>\n<li><strong>Parcel Size:<\/strong> 400 x 250 x 410 mm<\/li>\n<li><strong>Volume:<\/strong> 0.041 m<sup>3<\/sup><\/li>\n<\/ul>\n<\/div>\n<\/div>\n<div id=\"254C497F_ED5F_539E_BF08_9192F9A99B64\"><\/div>\n<\/div>\n<\/div>\n<\/div>\n<div id=\"col-803378591\" class=\"col medium-8 small-12 large-8\">\n<div class=\"col-inner\">\n<div id=\"row-2054490710\" class=\"row align-equal\">\n<div id=\"col-2013808976\" class=\"col medium-4 small-12 large-4\">\n<div class=\"col-inner\"><\/div>\n<\/div>\n<\/div>\n<\/div>\n<\/div>\n<p>&nbsp;<\/p>\n<p>&nbsp;<\/p>\n<div id=\"254C497F_ED5F_539E_BF08_9192F9A99B64\"><\/div>\n","protected":false},"featured_media":1806,"comment_status":"open","ping_status":"closed","template":"","meta":{"inline_featured_image":false},"product_brand":[],"product_cat":[85,118],"product_tag":[],"class_list":{"0":"post-2512","1":"product","2":"type-product","3":"status-publish","4":"has-post-thumbnail","6":"product_cat-boucle-materials","7":"product_cat-bouquet-in-room","8":"tm-has-options","10":"first","11":"instock","12":"shipping-taxable","13":"product-type-simple"},"_links":{"self":[{"href":"https:\/\/globalhotel.com.tr\/en\/wp-json\/wp\/v2\/product\/2512","targetHints":{"allow":["GET"]}}],"collection":[{"href":"https:\/\/globalhotel.com.tr\/en\/wp-json\/wp\/v2\/product"}],"about":[{"href":"https:\/\/globalhotel.com.tr\/en\/wp-json\/wp\/v2\/types\/product"}],"replies":[{"embeddable":true,"href":"https:\/\/globalhotel.com.tr\/en\/wp-json\/wp\/v2\/comments?post=2512"}],"wp:featuredmedia":[{"embeddable":true,"href":"https:\/\/globalhotel.com.tr\/en\/wp-json\/wp\/v2\/media\/1806"}],"wp:attachment":[{"href":"https:\/\/globalhotel.com.tr\/en\/wp-json\/wp\/v2\/media?parent=2512"}],"wp:term":[{"taxonomy":"product_brand","embeddable":true,"href":"https:\/\/globalhotel.com.tr\/en\/wp-json\/wp\/v2\/product_brand?post=2512"},{"taxonomy":"product_cat","embeddable":true,"href":"https:\/\/globalhotel.com.tr\/en\/wp-json\/wp\/v2\/product_cat?post=2512"},{"taxonomy":"product_tag","embeddable":true,"href":"https:\/\/globalhotel.com.tr\/en\/wp-json\/wp\/v2\/product_tag?post=2512"}],"curies":[{"name":"wp","href":"https:\/\/api.w.org\/{rel}","templated":true}]}}