{"id":2510,"date":"2024-09-26T17:01:59","date_gmt":"2024-09-26T14:01:59","guid":{"rendered":"https:\/\/globalhotel.com.tr\/urun\/printed-laundry-bag\/"},"modified":"2025-04-11T13:46:37","modified_gmt":"2025-04-11T10:46:37","slug":"printed-laundry-bag","status":"publish","type":"product","link":"https:\/\/globalhotel.com.tr\/en\/urun\/printed-laundry-bag\/","title":{"rendered":"BKL-011 Printed Laundry Bag"},"content":{"rendered":"<p>&nbsp;<\/p>\n<div id=\"254C497F_ED5F_539E_BF08_9192F9A99B64\">\n<h2><strong>Printed Laundry Bag<\/strong><\/h2>\n<p>Otel ve konaklama sekt\u00f6r\u00fcnde hijyen ve konfor, misafir deneyiminin temel ta\u015flar\u0131n\u0131 olu\u015fturur. Bu nedenle, her detay\u0131n \u00f6zenle se\u00e7ilmesi ve tasarlanmas\u0131 b\u00fcy\u00fck \u00f6nem ta\u015f\u0131r. Bask\u0131l\u0131 \u00e7ama\u015f\u0131r torbas\u0131, misafirlerinizin g\u00fcnl\u00fck temizliklerini kolayla\u015ft\u0131rmak ve ayn\u0131 zamanda otelinizin \u015f\u0131kl\u0131\u011f\u0131n\u0131 yans\u0131tmak i\u00e7in m\u00fckemmel bir se\u00e7enektir. Hem i\u015flevsel hem de estetik a\u00e7\u0131dan dikkat \u00e7eken bu \u00fcr\u00fcn, otel odalar\u0131ndaki en \u00f6nemli malzemelerden biri haline gelmi\u015ftir.   <\/p>\n<h3><strong>Functional and Durable Design<\/strong><\/h3>\n<p><strong><a href=\"https:\/\/globalhotel.com.tr\/en\/\">Bask\u0131l\u0131 \u00e7ama\u015f\u0131r torbas\u0131<\/a><\/strong>, dayan\u0131kl\u0131 malzemelerden \u00fcretilmi\u015ftir ve uzun s\u00fcreli kullan\u0131m i\u00e7in tasarlanm\u0131\u015ft\u0131r. \u00c7ama\u015f\u0131rlar\u0131 g\u00fcvenli bir \u015fekilde ta\u015f\u0131yabilmesi i\u00e7in sa\u011flam diki\u015fler ve g\u00fc\u00e7l\u00fc iplikler kullan\u0131larak \u00fcretilmi\u015ftir. \u00d6zel tasar\u0131m\u0131 sayesinde, a\u011f\u0131r \u00e7ama\u015f\u0131r y\u00fcklerini ta\u015f\u0131ma kapasitesine sahip olup, herhangi bir y\u0131pranma veya deformasyon ya\u015fanmaz. Torban\u0131n geni\u015f i\u00e7 hacmi, misafirlerin \u00e7ama\u015f\u0131rlar\u0131n\u0131 rahatl\u0131kla yerle\u015ftirebilmelerine olanak tan\u0131r.   <\/p>\n<\/div>\n","protected":false},"excerpt":{"rendered":"<p><span style=\"color: #000000;\"><strong>BKL-011 Printed Laundry Bag<\/strong> offers your guests a practical and stylish use in hotel rooms. Made of durable fabric, this bag ensures that laundry is collected in an organized manner. Available with different printing options, this product adds an elegant touch to hotel rooms in terms of both functionality and aesthetics. We design it specially for you with your hotel logo and reflect your brand in the most elegant way.   <\/span><\/p>\n<ul>\n<li><strong>Size:<\/strong> 250 x 310<\/li>\n<li><strong>Weight:<\/strong> 1 gr<\/li>\n<li><strong>Qty. per Parcel:<\/strong> 1000<\/li>\n<li><strong>Parcel Size:<\/strong> 560 x 150 x 300 mm<\/li>\n<li><strong>Volume:<\/strong> 0.025 m<sup>3<\/sup><\/li>\n<\/ul>\n<div id=\"254C497F_ED5F_539E_BF08_9192F9A99B64\"><\/div>\n","protected":false},"featured_media":1804,"comment_status":"open","ping_status":"closed","template":"","meta":{"inline_featured_image":false},"product_brand":[],"product_cat":[85,118],"product_tag":[],"class_list":{"0":"post-2510","1":"product","2":"type-product","3":"status-publish","4":"has-post-thumbnail","6":"product_cat-boucle-materials","7":"product_cat-bouquet-in-room","8":"tm-has-options","10":"first","11":"instock","12":"shipping-taxable","13":"product-type-simple"},"_links":{"self":[{"href":"https:\/\/globalhotel.com.tr\/en\/wp-json\/wp\/v2\/product\/2510","targetHints":{"allow":["GET"]}}],"collection":[{"href":"https:\/\/globalhotel.com.tr\/en\/wp-json\/wp\/v2\/product"}],"about":[{"href":"https:\/\/globalhotel.com.tr\/en\/wp-json\/wp\/v2\/types\/product"}],"replies":[{"embeddable":true,"href":"https:\/\/globalhotel.com.tr\/en\/wp-json\/wp\/v2\/comments?post=2510"}],"wp:featuredmedia":[{"embeddable":true,"href":"https:\/\/globalhotel.com.tr\/en\/wp-json\/wp\/v2\/media\/1804"}],"wp:attachment":[{"href":"https:\/\/globalhotel.com.tr\/en\/wp-json\/wp\/v2\/media?parent=2510"}],"wp:term":[{"taxonomy":"product_brand","embeddable":true,"href":"https:\/\/globalhotel.com.tr\/en\/wp-json\/wp\/v2\/product_brand?post=2510"},{"taxonomy":"product_cat","embeddable":true,"href":"https:\/\/globalhotel.com.tr\/en\/wp-json\/wp\/v2\/product_cat?post=2510"},{"taxonomy":"product_tag","embeddable":true,"href":"https:\/\/globalhotel.com.tr\/en\/wp-json\/wp\/v2\/product_tag?post=2510"}],"curies":[{"name":"wp","href":"https:\/\/api.w.org\/{rel}","templated":true}]}}