{"id":2509,"date":"2024-09-26T17:01:59","date_gmt":"2024-09-26T14:01:59","guid":{"rendered":"https:\/\/globalhotel.com.tr\/urun\/printed-cup-lid\/"},"modified":"2025-04-10T20:52:06","modified_gmt":"2025-04-10T17:52:06","slug":"printed-cup-lid","status":"publish","type":"product","link":"https:\/\/globalhotel.com.tr\/en\/urun\/printed-cup-lid\/","title":{"rendered":"BKL-016 Printed Cup Lid"},"content":{"rendered":"<p>&nbsp;<\/p>\n<div id=\"254C497F_ED5F_539E_BF08_9192F9A99B64\">\n<h2><strong>Bask\u0131l\u0131 Bardak Kapa\u011f\u0131<\/strong><\/h2>\n<p>&nbsp;<\/p>\n<p><strong><a href=\"https:\/\/globalhotel.com.tr\/en\/\">Bask\u0131l\u0131 bardak kapa\u011f\u0131<\/a><\/strong>, otel, kafe, restoran ve benzeri i\u015fletmeler i\u00e7in hem pratik hem de estetik bir \u00e7\u00f6z\u00fcmd\u00fcr. M\u00fc\u015fterilerinize sundu\u011funuz i\u00e7eceklerin hijyenini korurken, ayn\u0131 zamanda markan\u0131z\u0131 tan\u0131tman\u0131n zarif bir yolunu sunar. Otel malzemeleri kategorisinde \u00f6nemli bir yer tutan bu \u00fcr\u00fcn, sade bir i\u015flevsellikten \u00f6te, kullan\u0131m alan\u0131na ba\u011fl\u0131 olarak tasar\u0131m\u0131yla da dikkat \u00e7eker. \u00d6zellikle saten bask\u0131 y\u00f6ntemiyle kaliteli ve \u015f\u0131k bir g\u00f6r\u00fcn\u00fcm elde etmek m\u00fcmk\u00fcnd\u00fcr, bu da i\u015fletmenizin profesyonel imaj\u0131n\u0131 g\u00fc\u00e7lendirir.   <\/p>\n<\/div>\n","protected":false},"excerpt":{"rendered":"<div class=\"flex max-w-full flex-col flex-grow\">\n<div class=\"min-h-8 text-message flex w-full flex-col items-end gap-2 whitespace-normal break-words text-start [.text-message+&amp;]:mt-5\" dir=\"auto\" data-message-author-role=\"assistant\" data-message-id=\"1290c285-43bb-40be-be49-6e0da1cd7f12\" data-message-model-slug=\"gpt-4o-mini\">\n<div class=\"flex w-full flex-col gap-1 empty:hidden first:pt-[3px]\">\n<div class=\"markdown prose w-full break-words dark:prose-invert dark\">\n<p><span style=\"color: #000000;\"><strong>BKL-016 Printed Cup Lid<\/strong>, is a stylish and practical product used in hotel rooms and restaurants. Made of durable materials, these lids keep your drinks hygienic and highlight your brand with aesthetic printing options. Available in different designs and sizes, this product provides long-lasting use and an elegant presentation. We customize it with your hotel logo and reflect your brand in the most elegant way.   <\/span><\/p>\n<\/div>\n<\/div>\n<\/div>\n<\/div>\n<div id=\"254C497F_ED5F_539E_BF08_9192F9A99B64\">\n<ul>\n<li><span style=\"color: #000000;\"><strong>Size:<\/strong> 75 mm \u00d8<\/span><\/li>\n<li><span style=\"color: #000000;\"><strong>Weight:<\/strong> 2 gr<\/span><\/li>\n<li><span style=\"color: #000000;\"><strong>Qty. per Parcel:<\/strong>2500<\/span><\/li>\n<li><span style=\"color: #000000;\"><strong>Parcel Size:<\/strong> 400 x 600 x 400 mm<\/span><\/li>\n<li><span style=\"color: #000000;\"><strong>Volume:<\/strong> 0.096 m<sup>3<\/sup><\/span><\/li>\n<\/ul>\n<\/div>\n<div id=\"254C497F_ED5F_539E_BF08_9192F9A99B64\"><\/div>\n","protected":false},"featured_media":1807,"comment_status":"open","ping_status":"closed","template":"","meta":{"inline_featured_image":false},"product_brand":[],"product_cat":[85,118],"product_tag":[],"class_list":{"0":"post-2509","1":"product","2":"type-product","3":"status-publish","4":"has-post-thumbnail","6":"product_cat-boucle-materials","7":"product_cat-bouquet-in-room","8":"tm-has-options","10":"first","11":"instock","12":"shipping-taxable","13":"product-type-simple"},"_links":{"self":[{"href":"https:\/\/globalhotel.com.tr\/en\/wp-json\/wp\/v2\/product\/2509","targetHints":{"allow":["GET"]}}],"collection":[{"href":"https:\/\/globalhotel.com.tr\/en\/wp-json\/wp\/v2\/product"}],"about":[{"href":"https:\/\/globalhotel.com.tr\/en\/wp-json\/wp\/v2\/types\/product"}],"replies":[{"embeddable":true,"href":"https:\/\/globalhotel.com.tr\/en\/wp-json\/wp\/v2\/comments?post=2509"}],"wp:featuredmedia":[{"embeddable":true,"href":"https:\/\/globalhotel.com.tr\/en\/wp-json\/wp\/v2\/media\/1807"}],"wp:attachment":[{"href":"https:\/\/globalhotel.com.tr\/en\/wp-json\/wp\/v2\/media?parent=2509"}],"wp:term":[{"taxonomy":"product_brand","embeddable":true,"href":"https:\/\/globalhotel.com.tr\/en\/wp-json\/wp\/v2\/product_brand?post=2509"},{"taxonomy":"product_cat","embeddable":true,"href":"https:\/\/globalhotel.com.tr\/en\/wp-json\/wp\/v2\/product_cat?post=2509"},{"taxonomy":"product_tag","embeddable":true,"href":"https:\/\/globalhotel.com.tr\/en\/wp-json\/wp\/v2\/product_tag?post=2509"}],"curies":[{"name":"wp","href":"https:\/\/api.w.org\/{rel}","templated":true}]}}