{"id":2508,"date":"2024-09-26T17:01:59","date_gmt":"2024-09-26T14:01:59","guid":{"rendered":"https:\/\/globalhotel.com.tr\/urun\/printed-coasters\/"},"modified":"2025-04-16T01:28:33","modified_gmt":"2025-04-15T22:28:33","slug":"printed-coasters","status":"publish","type":"product","link":"https:\/\/globalhotel.com.tr\/en\/urun\/printed-coasters\/","title":{"rendered":"BKL-015 Printed Coasters"},"content":{"rendered":"<p>&nbsp;<\/p>\n<div id=\"254C497F_ED5F_539E_BF08_9192F9A99B64\">\n<h2>Bask\u0131l\u0131 Bardak Altl\u0131\u011f\u0131<\/h2>\n<p><a href=\"https:\/\/globalhotel.com.tr\/en\/\"><strong>Bask\u0131l\u0131 bardak altl\u0131\u011f\u0131<\/strong><\/a>, hem estetik hem de pratik kullan\u0131m\u0131 bir araya getiren ideal otel malzemelerinden biridir. \u015e\u0131k tasar\u0131mlar\u0131yla otelinizin atmosferine zarif bir dokunu\u015f katan bu \u00fcr\u00fcnler, ayn\u0131 zamanda y\u00fczeylerinizi leke ve \u00e7iziklerden koruyarak uzun vadede fayda sa\u011flar. Dayan\u0131kl\u0131 malzemelerden \u00fcretilen bask\u0131l\u0131 bardak altl\u0131klar\u0131, hem m\u00fc\u015fterilerinize profesyonel bir deneyim sunar hem de markan\u0131z\u0131 \u00f6n plana \u00e7\u0131kar\u0131r.  <\/p>\n<\/div>\n","protected":false},"excerpt":{"rendered":"<div class=\"flex max-w-full flex-col flex-grow\">\n<div class=\"min-h-8 text-message flex w-full flex-col items-end gap-2 whitespace-normal break-words text-start [.text-message+&amp;]:mt-5\" dir=\"auto\" data-message-author-role=\"assistant\" data-message-id=\"afb51b95-91fa-4641-92db-1cf8b0f6ea54\" data-message-model-slug=\"gpt-4o\">\n<div class=\"flex w-full flex-col gap-1 empty:hidden first:pt-[3px]\">\n<div class=\"markdown prose w-full break-words dark:prose-invert dark\">\n<p><span style=\"color: #282828;\"><strong>BKL-015 Printed Coasters<\/strong>, With its durable material and stylish design, it is ideal for completing your presentation in hotel rooms and restaurants. Available in different sizes and printing options, these products offer an aesthetic experience to your guests while protecting the surfaces. It provides long-lasting use with its quality structure. We design specially for you with your hotel logo and reflect your brand in the most elegant way.   <\/span><\/p>\n<\/div>\n<\/div>\n<\/div>\n<\/div>\n<div class=\"mb-2 flex gap-3 empty:hidden -ml-2\">\n<div class=\"items-center justify-start rounded-xl p-1 flex\">\n<div class=\"flex items-center\">\n<div class=\"flex items-center pb-0\"><\/div>\n<\/div>\n<\/div>\n<\/div>\n<div id=\"254C497F_ED5F_539E_BF08_9192F9A99B64\">\n<ul>\n<li><strong>Size:<\/strong> 80 mm \u00d8<\/li>\n<li><strong>Weight:<\/strong> 0<span style=\"color: #282828;\">,8 gr<\/span><\/li>\n<li><strong>Qty. per Parcel:<\/strong> 5000<\/li>\n<li><strong>Parcel Size:<\/strong> 450 x 270 x 180 mm<\/li>\n<li><strong>Volume:<\/strong> 0.022 m<sup>3<\/sup><\/li>\n<\/ul>\n<\/div>\n","protected":false},"featured_media":1808,"comment_status":"open","ping_status":"closed","template":"","meta":{"inline_featured_image":false},"product_brand":[],"product_cat":[85,118],"product_tag":[],"class_list":{"0":"post-2508","1":"product","2":"type-product","3":"status-publish","4":"has-post-thumbnail","6":"product_cat-boucle-materials","7":"product_cat-bouquet-in-room","8":"tm-has-options","10":"first","11":"instock","12":"shipping-taxable","13":"product-type-simple"},"_links":{"self":[{"href":"https:\/\/globalhotel.com.tr\/en\/wp-json\/wp\/v2\/product\/2508","targetHints":{"allow":["GET"]}}],"collection":[{"href":"https:\/\/globalhotel.com.tr\/en\/wp-json\/wp\/v2\/product"}],"about":[{"href":"https:\/\/globalhotel.com.tr\/en\/wp-json\/wp\/v2\/types\/product"}],"replies":[{"embeddable":true,"href":"https:\/\/globalhotel.com.tr\/en\/wp-json\/wp\/v2\/comments?post=2508"}],"wp:featuredmedia":[{"embeddable":true,"href":"https:\/\/globalhotel.com.tr\/en\/wp-json\/wp\/v2\/media\/1808"}],"wp:attachment":[{"href":"https:\/\/globalhotel.com.tr\/en\/wp-json\/wp\/v2\/media?parent=2508"}],"wp:term":[{"taxonomy":"product_brand","embeddable":true,"href":"https:\/\/globalhotel.com.tr\/en\/wp-json\/wp\/v2\/product_brand?post=2508"},{"taxonomy":"product_cat","embeddable":true,"href":"https:\/\/globalhotel.com.tr\/en\/wp-json\/wp\/v2\/product_cat?post=2508"},{"taxonomy":"product_tag","embeddable":true,"href":"https:\/\/globalhotel.com.tr\/en\/wp-json\/wp\/v2\/product_tag?post=2508"}],"curies":[{"name":"wp","href":"https:\/\/api.w.org\/{rel}","templated":true}]}}