{"id":2506,"date":"2024-09-26T17:01:59","date_gmt":"2024-09-26T14:01:59","guid":{"rendered":"https:\/\/globalhotel.com.tr\/urun\/printed-bottle-opener\/"},"modified":"2025-04-11T14:05:21","modified_gmt":"2025-04-11T11:05:21","slug":"printed-bottle-opener","status":"publish","type":"product","link":"https:\/\/globalhotel.com.tr\/en\/urun\/printed-bottle-opener\/","title":{"rendered":"BKL-010 Printed bottle opener"},"content":{"rendered":"<p>&nbsp;<\/p>\n<div id=\"254C497F_ED5F_539E_BF08_9192F9A99B64\">\n<h2><strong>Printed Bottle Opener <\/strong><\/h2>\n<p><a href=\"https:\/\/globalhotel.com.tr\/en\/\"><strong>Bask\u0131l\u0131 \u015fi\u015fe a\u00e7aca\u011f\u0131<\/strong><\/a>, otel ve restoranlar i\u00e7in hem pratik hem de estetik bir \u00fcr\u00fcnd\u00fcr. \u00d6zellikle misafirlerinize sunaca\u011f\u0131n\u0131z i\u00e7ecekleri a\u00e7mak i\u00e7in kullanacaklar\u0131 bu \u00fcr\u00fcn, marka bilinirli\u011finizi art\u0131rman\u0131n yan\u0131 s\u0131ra i\u015flevsel bir kullan\u0131m sa\u011flar. Sade bir tasar\u0131mdan \u00f6te, markan\u0131z\u0131 yans\u0131tan bask\u0131 se\u00e7enekleri ile \u015fi\u015fe a\u00e7aca\u011f\u0131n\u0131z\u0131n \u00fczerine logo, slogan veya g\u00f6rsel yerle\u015ftirilebilir. Bu, i\u015fletmenizin tan\u0131t\u0131m\u0131na da katk\u0131da bulunur. \u015ei\u015fe a\u00e7acaklar\u0131, yaln\u0131zca otel odalar\u0131nda de\u011fil, barlar, restoranlar ve kafe i\u015fletmelerinde de kullanabilece\u011finiz \u00f6nemli ara\u00e7lard\u0131r.    <\/p>\n<h3><strong>\u00d6zellikler ve Kullan\u0131m Alanlar\u0131<\/strong><\/h3>\n<p>Bask\u0131l\u0131 \u015fi\u015fe a\u00e7acaklar\u0131, ergonomik tasar\u0131mlar\u0131 sayesinde rahat kullan\u0131m sunar. Kolay ta\u015f\u0131nabilir ve hafif olan bu \u015fi\u015fe a\u00e7acaklar\u0131, \u00f6zellikle barlarda \u00e7al\u0131\u015fan personel i\u00e7in h\u0131zl\u0131 ve verimli bir \u00e7\u00f6z\u00fcm sunar. Saten dokusu, \u015f\u0131kl\u0131\u011f\u0131 ve zarif g\u00f6r\u00fcn\u00fcm\u00fcyle otel ve restoranlar i\u00e7in m\u00fckemmel bir se\u00e7imdir. Dayan\u0131kl\u0131 malzemelerden \u00fcretilen bu \u00fcr\u00fcn, uzun s\u00fcreli kullan\u0131m sa\u011flar ve k\u0131r\u0131lma ya da a\u015f\u0131nma gibi sorunlar ya\u015fanmaz. Her bir \u015fi\u015fe a\u00e7aca\u011f\u0131, fonksiyonel olman\u0131n yan\u0131 s\u0131ra dekoratif bir \u00f6\u011fe olarak da kullan\u0131labilir. \u00d6zellikle \u00f6zel g\u00fcnlerde, etkinliklerde ya da a\u00e7\u0131l\u0131\u015flarda misafirlere sunulabilecek \u015f\u0131k hediyelerden biri olabilir.     <\/p>\n<h3><strong>Saten Yap\u0131n\u0131n Avantajlar\u0131<\/strong><\/h3>\n<p>Saten malzeme, \u015fi\u015fe a\u00e7acaklar\u0131n\u0131n g\u00f6r\u00fcn\u00fcm\u00fcne zarif bir doku katar. \u00dczerine uygulanan bask\u0131lar, saten y\u00fczeyde olduk\u00e7a net ve estetik bir \u015fekilde g\u00f6r\u00fcn\u00fcr. Yumu\u015fak ve p\u00fcr\u00fczs\u00fcz y\u00fczeyiyle kullan\u0131c\u0131lara rahat bir tutu\u015f sa\u011flar. Ayr\u0131ca, \u015fi\u015fe a\u00e7aca\u011f\u0131 elinize al\u0131nd\u0131\u011f\u0131nda, satenin yans\u0131tt\u0131\u011f\u0131 parlakl\u0131k da g\u00f6z al\u0131c\u0131d\u0131r. Dayan\u0131kl\u0131 yap\u0131s\u0131 sayesinde, zamanla \u015fekil kayb\u0131 ya\u015famaz ve her zaman yeni gibi g\u00f6r\u00fcn\u00fcr. Hem \u015f\u0131kl\u0131\u011f\u0131 hem de dayan\u0131kl\u0131l\u0131\u011f\u0131 sayesinde, otel malzemeleri aras\u0131nda pop\u00fcler bir se\u00e7imdir.     <\/p>\n<h3><strong>Marka Tan\u0131t\u0131m\u0131 \u0130\u00e7in Etkili Bir Ara\u00e7<\/strong><\/h3>\n<p>Bask\u0131l\u0131 \u015fi\u015fe a\u00e7acaklar\u0131, markan\u0131z\u0131 tan\u0131tmak i\u00e7in m\u00fckemmel bir f\u0131rsat sunar. Otelinizin veya restoran\u0131n\u0131z\u0131n logosu, ad\u0131 veya slogan\u0131, \u015fi\u015fe a\u00e7aca\u011f\u0131n\u0131z\u0131n \u00fczerine bas\u0131labilir. Bu sayede, misafirleriniz \u00fcr\u00fcnleri kullan\u0131rken markan\u0131z s\u00fcrekli g\u00f6z \u00f6n\u00fcnde olur. Ayr\u0131ca, bu t\u00fcr \u00fcr\u00fcnler, misafirlerinize hediyelik olarak sunulabilir ve bu da marka sadakatini art\u0131rabilir.   <\/p>\n<\/div>\n","protected":false},"excerpt":{"rendered":"<p><strong>BKL-010 Printed Bottle Opener<\/strong>, is a practical and stylish product for hotel and corporate work. Made with high quality products, this bottle opener is easy to use and can be personalized with your business logo or special message. Providing a functional tool for both your guests and employees, this product increases your brand awareness and adds an elegant touch to the detail of your hotel. With its aesthetic design and durable structure, it can be used for a long time and leaves a professional mark. We design it specially for you with your hotel logo and reflect your brand in the most elegant way.    <\/p>\n<ul>\n<li><strong>Size:<\/strong> 90 x 42 mm<\/li>\n<li><strong>Weight:<\/strong> 30 gr<\/li>\n<li><strong>Qty. per Parcel:<\/strong> 1000<\/li>\n<li><strong>Parcel Size:<\/strong> 450 x 350 x 250 mm<\/li>\n<li><strong>Volume:<\/strong> 0.039 m<sup>3<\/sup><\/li>\n<\/ul>\n<div id=\"254C497F_ED5F_539E_BF08_9192F9A99B64\"><\/div>\n","protected":false},"featured_media":1801,"comment_status":"open","ping_status":"closed","template":"","meta":{"inline_featured_image":false},"product_brand":[],"product_cat":[85,118],"product_tag":[],"class_list":{"0":"post-2506","1":"product","2":"type-product","3":"status-publish","4":"has-post-thumbnail","6":"product_cat-boucle-materials","7":"product_cat-bouquet-in-room","8":"tm-has-options","10":"first","11":"instock","12":"shipping-taxable","13":"product-type-simple"},"_links":{"self":[{"href":"https:\/\/globalhotel.com.tr\/en\/wp-json\/wp\/v2\/product\/2506","targetHints":{"allow":["GET"]}}],"collection":[{"href":"https:\/\/globalhotel.com.tr\/en\/wp-json\/wp\/v2\/product"}],"about":[{"href":"https:\/\/globalhotel.com.tr\/en\/wp-json\/wp\/v2\/types\/product"}],"replies":[{"embeddable":true,"href":"https:\/\/globalhotel.com.tr\/en\/wp-json\/wp\/v2\/comments?post=2506"}],"wp:featuredmedia":[{"embeddable":true,"href":"https:\/\/globalhotel.com.tr\/en\/wp-json\/wp\/v2\/media\/1801"}],"wp:attachment":[{"href":"https:\/\/globalhotel.com.tr\/en\/wp-json\/wp\/v2\/media?parent=2506"}],"wp:term":[{"taxonomy":"product_brand","embeddable":true,"href":"https:\/\/globalhotel.com.tr\/en\/wp-json\/wp\/v2\/product_brand?post=2506"},{"taxonomy":"product_cat","embeddable":true,"href":"https:\/\/globalhotel.com.tr\/en\/wp-json\/wp\/v2\/product_cat?post=2506"},{"taxonomy":"product_tag","embeddable":true,"href":"https:\/\/globalhotel.com.tr\/en\/wp-json\/wp\/v2\/product_tag?post=2506"}],"curies":[{"name":"wp","href":"https:\/\/api.w.org\/{rel}","templated":true}]}}