{"id":2499,"date":"2024-09-26T17:01:59","date_gmt":"2024-09-26T14:01:59","guid":{"rendered":"https:\/\/globalhotel.com.tr\/urun\/printed-pencil\/"},"modified":"2025-08-29T17:30:19","modified_gmt":"2025-08-29T14:30:19","slug":"printed-pencil","status":"publish","type":"product","link":"https:\/\/globalhotel.com.tr\/en\/urun\/printed-pencil\/","title":{"rendered":"BKL-002 Printed Pencil"},"content":{"rendered":"<p>&nbsp;<\/p>\n<div id=\"254C497F_ED5F_539E_BF08_9192F9A99B64\">\n<h2><strong>Printed Pencil<\/strong><\/h2>\n<p>Otelinizin konuklar\u0131na veya etkinliklerinize prestij katacak <a href=\"https:\/\/globalhotel.com.tr\/en\/\"><strong>bask\u0131l\u0131 kur\u015fun kalem<\/strong><\/a> ile tan\u0131\u015f\u0131n! Hem i\u015flevsel hem de \u015f\u0131k bir tasar\u0131ma sahip olan bu \u00f6zel kalemler, markan\u0131z\u0131n kimli\u011fini her ortamda etkili bir \u015fekilde yans\u0131tmak i\u00e7in m\u00fckemmel bir se\u00e7enektir. Ofislerden toplant\u0131 odalar\u0131na, otel odalar\u0131ndan konferans salonlar\u0131na kadar bir\u00e7ok alanda kullan\u0131labilen bask\u0131l\u0131 kur\u015fun kalemler, hem kullan\u0131\u015fl\u0131 bir ara\u00e7 hem de etkili bir tan\u0131t\u0131m materyalidir.  <\/p>\n<h3><strong>Dayan\u0131kl\u0131 ve Estetik Tasar\u0131m<\/strong><\/h3>\n<p>Bask\u0131l\u0131 kur\u015fun kalemlerimiz, y\u00fcksek kaliteli malzemelerden \u00fcretilmi\u015ftir. Dayan\u0131kl\u0131 yap\u0131s\u0131 sayesinde uzun s\u00fcre kullan\u0131labilir ve konforlu bir yaz\u0131m deneyimi sunar. Kalem y\u00fczeyine \u00f6zel tekniklerle uygulanan bask\u0131lar, markan\u0131z\u0131n logosu veya istedi\u011finiz herhangi bir tasar\u0131m\u0131 net ve dikkat \u00e7ekici bir \u015fekilde yans\u0131t\u0131r. Kullan\u0131lan bask\u0131 teknolojisi, desenin kalem \u00fczerinde solmadan ve y\u0131pranmadan uzun s\u00fcre kalmas\u0131n\u0131 sa\u011flar.   <\/p>\n<h3><strong>Farkl\u0131 Renk ve Tasar\u0131m Se\u00e7enekleri<\/strong><\/h3>\n<p>\u00dcr\u00fcn yelpazemiz, otelinizin konseptine veya organizasyonunuzun temas\u0131na uyacak \u015fekilde geni\u015f bir renk ve tasar\u0131m se\u00e7ene\u011fi sunar. Minimalist, klasik veya modern tasar\u0131mlar aras\u0131ndan tercihinizi yapabilir, diledi\u011finiz logo, isim veya sloganla \u00f6zelle\u015ftirebilirsiniz. \u00d6rne\u011fin, otelinizin marka renklerini vurgulayan bir tasar\u0131mla konuklar\u0131n\u0131za kurumsal bir hediye sunabilirsiniz.  <\/p>\n<h3><strong>\u00c7evre Dostu ve Ekonomik<\/strong><\/h3>\n<p>Bask\u0131l\u0131 kur\u015fun kalemlerimiz, \u00e7evreye duyarl\u0131 i\u015fletmeler i\u00e7in de ideal bir tercihtir. \u00c7evre dostu malzemelerden \u00fcretilmi\u015f olmas\u0131, s\u00fcrd\u00fcr\u00fclebilir bir d\u00fcnyaya katk\u0131 sa\u011flaman\u0131z\u0131 destekler. Ayr\u0131ca, toplu sipari\u015flerde uygun maliyet avantaj\u0131 sunarak b\u00fct\u00e7enizi verimli bir \u015fekilde kullanman\u0131z\u0131 sa\u011flar.  <\/p>\n<\/div>\n","protected":false},"excerpt":{"rendered":"<p><strong>BKL-002 Printed Pencil<\/strong>, are offered with special design options for hotels, restaurants and corporate activities. These high quality pens offer both a stylish writing option and an effective tool to increase your brand awareness. It gives a professional and elegant look with the possibility of custom printing for your business. With its durable construction and aesthetic design, it is an ideal choice for businesses that pay attention to details. We design it specially for you with your hotel logo and reflect your brand in the most elegant way.    <\/p>\n<ul>\n<li><strong>Size:<\/strong> 170 x 10 mm<\/li>\n<li><strong>Weight:<\/strong> 3 gr<\/li>\n<li><strong>Qty. per Parcel:<\/strong>2500<\/li>\n<li><strong>Parcel Size:<\/strong> 330 x 550 x 220 mm<\/li>\n<li><strong>Volume:<\/strong> 0.04 m<sup>3<\/sup><\/li>\n<\/ul>\n<div id=\"254C497F_ED5F_539E_BF08_9192F9A99B64\"><\/div>\n","protected":false},"featured_media":1794,"comment_status":"open","ping_status":"closed","template":"","meta":{"inline_featured_image":false},"product_brand":[],"product_cat":[85,118],"product_tag":[],"class_list":{"0":"post-2499","1":"product","2":"type-product","3":"status-publish","4":"has-post-thumbnail","6":"product_cat-boucle-materials","7":"product_cat-bouquet-in-room","8":"tm-has-options","10":"first","11":"instock","12":"shipping-taxable","13":"product-type-simple"},"_links":{"self":[{"href":"https:\/\/globalhotel.com.tr\/en\/wp-json\/wp\/v2\/product\/2499","targetHints":{"allow":["GET"]}}],"collection":[{"href":"https:\/\/globalhotel.com.tr\/en\/wp-json\/wp\/v2\/product"}],"about":[{"href":"https:\/\/globalhotel.com.tr\/en\/wp-json\/wp\/v2\/types\/product"}],"replies":[{"embeddable":true,"href":"https:\/\/globalhotel.com.tr\/en\/wp-json\/wp\/v2\/comments?post=2499"}],"wp:featuredmedia":[{"embeddable":true,"href":"https:\/\/globalhotel.com.tr\/en\/wp-json\/wp\/v2\/media\/1794"}],"wp:attachment":[{"href":"https:\/\/globalhotel.com.tr\/en\/wp-json\/wp\/v2\/media?parent=2499"}],"wp:term":[{"taxonomy":"product_brand","embeddable":true,"href":"https:\/\/globalhotel.com.tr\/en\/wp-json\/wp\/v2\/product_brand?post=2499"},{"taxonomy":"product_cat","embeddable":true,"href":"https:\/\/globalhotel.com.tr\/en\/wp-json\/wp\/v2\/product_cat?post=2499"},{"taxonomy":"product_tag","embeddable":true,"href":"https:\/\/globalhotel.com.tr\/en\/wp-json\/wp\/v2\/product_tag?post=2499"}],"curies":[{"name":"wp","href":"https:\/\/api.w.org\/{rel}","templated":true}]}}