{"id":2492,"date":"2024-09-26T17:02:00","date_gmt":"2024-09-26T14:02:00","guid":{"rendered":"https:\/\/globalhotel.com.tr\/urun\/printed-plastic-shoe-polish\/"},"modified":"2025-04-10T17:24:24","modified_gmt":"2025-04-10T14:24:24","slug":"printed-plastic-shoe-polish","status":"publish","type":"product","link":"https:\/\/globalhotel.com.tr\/en\/urun\/printed-plastic-shoe-polish\/","title":{"rendered":"BKL-021 Printed Plastic Shoe Polish"},"content":{"rendered":"<p>&nbsp;<\/p>\n<div id=\"254C497F_ED5F_539E_BF08_9192F9A99B64\">\n<h2><strong>Bask\u0131l\u0131 Plastik Ayakkab\u0131 Cila <\/strong><\/h2>\n<p>Otel i\u015fletmeleri i\u00e7in estetik ve pratik \u00e7\u00f6z\u00fcmler sunan Bask\u0131l\u0131 Plastik Ayakkab\u0131 Cila, hem misafirlerinizin hem de personelinizin ihtiya\u00e7lar\u0131na hitap eden m\u00fckemmel bir \u00fcr\u00fcnd\u00fcr. Bu \u00f6zel cila, ayakkab\u0131lar\u0131n temiz ve parlak kalmas\u0131n\u0131 sa\u011flamakla kalmaz, ayn\u0131 zamanda otel odalar\u0131ndaki \u015f\u0131kl\u0131\u011f\u0131 da art\u0131r\u0131r. Misafirlerinize sa\u011flad\u0131\u011f\u0131n\u0131z bu k\u00fc\u00e7\u00fck dokunu\u015f, otelinizin hizmet kalitesini y\u00fckselten \u00f6nemli bir ayr\u0131nt\u0131d\u0131r.  <\/p>\n<h3><strong>\u00dcst\u00fcn Temizlik ve Parlakl\u0131k<\/strong><\/h3>\n<p><strong><a href=\"https:\/\/globalhotel.com.tr\/en\/\">Bask\u0131l\u0131 Plastik Ayakkab\u0131 Cila<\/a><\/strong>, \u00f6zel form\u00fcl\u00fc sayesinde ayakkab\u0131lar\u0131n\u0131z\u0131n y\u00fczeyinde uzun s\u00fcreli parlakl\u0131k sa\u011flar. Ayakkab\u0131lar\u0131n derinlemesine temizlenmesine yard\u0131mc\u0131 olurken, ayn\u0131 zamanda d\u0131\u015f etkenlere kar\u015f\u0131 dayan\u0131kl\u0131 bir koruyucu tabaka olu\u015fturur. Deri, s\u00fcet ya da kuma\u015f ayakkab\u0131larda kullan\u0131labilmesi, \u00e7ok y\u00f6nl\u00fc bir temizlik \u00e7\u00f6z\u00fcm\u00fc sunar. Misafirlerinize veya otel personelinize, kolayca kullanabilecekleri, etkili bir bak\u0131m \u00fcr\u00fcn\u00fc sunmu\u015f olursunuz.   <\/p>\n<h3><strong>\u015e\u0131k ve Kullan\u0131\u015fl\u0131 Tasar\u0131m<\/strong><\/h3>\n<p>\u00dcr\u00fcn, plastik bir \u015fi\u015fede sunulmu\u015f olup, \u015fi\u015fe \u00fczerine yap\u0131lan \u015f\u0131k bask\u0131lar sayesinde otel odalar\u0131na ve di\u011fer alanlara zarif bir dokunu\u015f katar. Misafirlerinize sunulacak olan bu \u00fcr\u00fcn, ayn\u0131 zamanda otelinizi tan\u0131tan bir reklam unsuru i\u015flevi g\u00f6r\u00fcr. Ayakkab\u0131 cila \u015fi\u015fesinin ergonomik tasar\u0131m\u0131, pratik bir kullan\u0131m sa\u011flar. Hafif ve kompakt yap\u0131s\u0131, kolay ta\u015f\u0131nabilir ve her kullan\u0131mda y\u00fcksek verimlilik sunar.   <\/p>\n<h2><strong>Ekonomik ve Uzun S\u00fcreli Kullan\u0131m<\/strong><\/h2>\n<p>Bask\u0131l\u0131 Plastik Ayakkab\u0131 Cila, uzun s\u00fcreli kullan\u0131m imkan\u0131 sa\u011flayan bir \u00fcr\u00fcnd\u00fcr. Az bir miktar ile b\u00fcy\u00fck alanlarda etkili sonu\u00e7lar alabilirsiniz. Bu \u00f6zelli\u011fi sayesinde otel i\u015fletmelerine ekonomik bir \u00e7\u00f6z\u00fcm sunar. Y\u00fcksek kaliteli i\u00e7erik ve etkin form\u00fcl, her kullan\u0131mda \u00fcst\u00fcn sonu\u00e7lar verir. Otelinizin ayakkab\u0131 bak\u0131m\u0131 i\u00e7in hem misafirlerinize hem de personelinize pratik ve etkin bir bak\u0131m \u00fcr\u00fcn\u00fc sa\u011flar.    <\/p>\n<\/div>\n","protected":false},"excerpt":{"rendered":"<p><strong>BKL-021 Printed Plastic Shoe Polish<\/strong>, It is a practical and stylish product for hotel and corporate work. Made with high quality products, this shoe polish protects and shines your shoes. This product, which can be personalized with your business logo or special prints, increases your brand awareness and offers a quality experience to your guests. Both functional and aesthetically elegant, this polish adds elegance to the details in the hotel and leaves a professional impression to your guests. We customize it with your hotel logo and reflect your brand in the most elegant way.    <\/p>\n<ul>\n<li><strong>Size:<\/strong> 145 x 100 mm<\/li>\n<li><strong>Weight:<\/strong> 15 gr<\/li>\n<li><strong>Qty. per Parcel:<\/strong> 1000<\/li>\n<li><strong>Parcel Size: <\/strong>310 x 300 x 200 mm<\/li>\n<li><strong>Volume:<\/strong> 0.019 m<sup>3<\/sup><\/li>\n<\/ul>\n<div id=\"254C497F_ED5F_539E_BF08_9192F9A99B64\"><\/div>\n","protected":false},"featured_media":1814,"comment_status":"open","ping_status":"closed","template":"","meta":{"inline_featured_image":false},"product_brand":[],"product_cat":[85,118],"product_tag":[],"class_list":{"0":"post-2492","1":"product","2":"type-product","3":"status-publish","4":"has-post-thumbnail","6":"product_cat-boucle-materials","7":"product_cat-bouquet-in-room","8":"tm-has-options","10":"first","11":"instock","12":"shipping-taxable","13":"product-type-simple"},"_links":{"self":[{"href":"https:\/\/globalhotel.com.tr\/en\/wp-json\/wp\/v2\/product\/2492","targetHints":{"allow":["GET"]}}],"collection":[{"href":"https:\/\/globalhotel.com.tr\/en\/wp-json\/wp\/v2\/product"}],"about":[{"href":"https:\/\/globalhotel.com.tr\/en\/wp-json\/wp\/v2\/types\/product"}],"replies":[{"embeddable":true,"href":"https:\/\/globalhotel.com.tr\/en\/wp-json\/wp\/v2\/comments?post=2492"}],"wp:featuredmedia":[{"embeddable":true,"href":"https:\/\/globalhotel.com.tr\/en\/wp-json\/wp\/v2\/media\/1814"}],"wp:attachment":[{"href":"https:\/\/globalhotel.com.tr\/en\/wp-json\/wp\/v2\/media?parent=2492"}],"wp:term":[{"taxonomy":"product_brand","embeddable":true,"href":"https:\/\/globalhotel.com.tr\/en\/wp-json\/wp\/v2\/product_brand?post=2492"},{"taxonomy":"product_cat","embeddable":true,"href":"https:\/\/globalhotel.com.tr\/en\/wp-json\/wp\/v2\/product_cat?post=2492"},{"taxonomy":"product_tag","embeddable":true,"href":"https:\/\/globalhotel.com.tr\/en\/wp-json\/wp\/v2\/product_tag?post=2492"}],"curies":[{"name":"wp","href":"https:\/\/api.w.org\/{rel}","templated":true}]}}