{"id":2491,"date":"2024-09-26T17:02:00","date_gmt":"2024-09-26T14:02:00","guid":{"rendered":"https:\/\/globalhotel.com.tr\/urun\/printed-wooden-hotel-hanger-with-latch\/"},"modified":"2025-12-11T00:41:32","modified_gmt":"2025-12-10T21:41:32","slug":"printed-wooden-hotel-hanger-with-latch","status":"publish","type":"product","link":"https:\/\/globalhotel.com.tr\/en\/urun\/printed-wooden-hotel-hanger-with-latch\/","title":{"rendered":"BKL-030 Printed Wooden Hotel Hangers with Pegs"},"content":{"rendered":"<p>&nbsp;<\/p>\n<div id=\"254C497F_ED5F_539E_BF08_9192F9A99B64\">\n<h2>Bask\u0131l\u0131 Ah\u015fap Mandall\u0131 Otel Ask\u0131lar\u0131<\/h2>\n<p><a href=\"https:\/\/globalhotel.com.tr\/en\/\">Bask\u0131l\u0131 Ah\u015fap Otel Ask\u0131s\u0131<\/a> Mandall\u0131, otel odalar\u0131n\u0131n zarafetini art\u0131r\u0131rken, konuklar\u0131n\u0131z\u0131n ihtiya\u00e7lar\u0131na kusursuz bir \u00e7\u00f6z\u00fcm sunmak i\u00e7in tasarlanm\u0131\u015ft\u0131r. Kaliteli malzemelerden \u00fcretilen bu ask\u0131lar, hem dayan\u0131kl\u0131l\u0131\u011f\u0131 hem de estetik g\u00f6r\u00fcn\u00fcm\u00fc bir araya getiriyor. Otelinizin marka imaj\u0131n\u0131 g\u00fc\u00e7lendiren \u00f6zel bask\u0131 se\u00e7enekleriyle, profesyonelli\u011finizi her detayda yans\u0131tabilirsiniz.  <\/p>\n<p>Ah\u015fap malzemenin do\u011fal ve s\u0131cak dokusuyla modern tasar\u0131m\u0131n birle\u015fti\u011fi bu ask\u0131lar, otel odalar\u0131nda konfor ve \u015f\u0131kl\u0131\u011f\u0131 bir arada sunar. Mandall\u0131 yap\u0131s\u0131 sayesinde sadece giysiler i\u00e7in de\u011fil, ayn\u0131 zamanda etek, pantolon veya hassas kuma\u015flar gibi \u00f6zel par\u00e7alar i\u00e7in de idealdir. Misafirlerinizin k\u0131yafetlerini d\u00fczenli ve g\u00fcvenli bir \u015fekilde muhafaza etmesine olanak tan\u0131r.  <\/p>\n<\/div>\n","protected":false},"excerpt":{"rendered":"<p><strong>BKL-030 Printed Wooden Hotel Hangers with Pegs<\/strong>, With its durable wooden structure and stylish design, it is the perfect solution for hotel rooms. These hangers, which offer the opportunity to hang different types of clothes thanks to their clothespin design, provide both functionality and aesthetics with their quality materials and special printing options. We design it specially for you with your hotel logo and reflect your brand in the most elegant way.  <\/p>\n<div id=\"254C497F_ED5F_539E_BF08_9192F9A99B64\">\n<ul>\n<li><strong>Size:<\/strong> 445 \u00d7 245mm<\/li>\n<li><strong>Weight:<\/strong> 115 gr<\/li>\n<li><strong>Qty. per Parcel:<\/strong> 100<\/li>\n<li><strong>Parcel Size:<\/strong> 600 x 300 x 300 mm<\/li>\n<li><strong>Volume<\/strong> 0.054 m<sup>3<\/sup><\/li>\n<\/ul>\n<\/div>\n<div id=\"254C497F_ED5F_539E_BF08_9192F9A99B64\"><\/div>\n","protected":false},"featured_media":1821,"comment_status":"open","ping_status":"closed","template":"","meta":{"inline_featured_image":false},"product_brand":[],"product_cat":[85,118],"product_tag":[],"class_list":{"0":"post-2491","1":"product","2":"type-product","3":"status-publish","4":"has-post-thumbnail","6":"product_cat-boucle-materials","7":"product_cat-bouquet-in-room","8":"tm-has-options","10":"first","11":"instock","12":"shipping-taxable","13":"product-type-simple"},"_links":{"self":[{"href":"https:\/\/globalhotel.com.tr\/en\/wp-json\/wp\/v2\/product\/2491","targetHints":{"allow":["GET"]}}],"collection":[{"href":"https:\/\/globalhotel.com.tr\/en\/wp-json\/wp\/v2\/product"}],"about":[{"href":"https:\/\/globalhotel.com.tr\/en\/wp-json\/wp\/v2\/types\/product"}],"replies":[{"embeddable":true,"href":"https:\/\/globalhotel.com.tr\/en\/wp-json\/wp\/v2\/comments?post=2491"}],"wp:featuredmedia":[{"embeddable":true,"href":"https:\/\/globalhotel.com.tr\/en\/wp-json\/wp\/v2\/media\/1821"}],"wp:attachment":[{"href":"https:\/\/globalhotel.com.tr\/en\/wp-json\/wp\/v2\/media?parent=2491"}],"wp:term":[{"taxonomy":"product_brand","embeddable":true,"href":"https:\/\/globalhotel.com.tr\/en\/wp-json\/wp\/v2\/product_brand?post=2491"},{"taxonomy":"product_cat","embeddable":true,"href":"https:\/\/globalhotel.com.tr\/en\/wp-json\/wp\/v2\/product_cat?post=2491"},{"taxonomy":"product_tag","embeddable":true,"href":"https:\/\/globalhotel.com.tr\/en\/wp-json\/wp\/v2\/product_tag?post=2491"}],"curies":[{"name":"wp","href":"https:\/\/api.w.org\/{rel}","templated":true}]}}