{"id":2490,"date":"2024-09-26T17:02:00","date_gmt":"2024-09-26T14:02:00","guid":{"rendered":"https:\/\/globalhotel.com.tr\/urun\/printed-shoe-polish-sponge\/"},"modified":"2025-04-16T03:22:00","modified_gmt":"2025-04-16T00:22:00","slug":"printed-shoe-polish-sponge","status":"publish","type":"product","link":"https:\/\/globalhotel.com.tr\/en\/urun\/printed-shoe-polish-sponge\/","title":{"rendered":"BKL-019 Printed Shoe Polish Sponge"},"content":{"rendered":"<p>&nbsp;<\/p>\n<div id=\"254C497F_ED5F_539E_BF08_9192F9A99B64\">\n<h3>Printed Shoe Polish Sponge<\/h3>\n<p><strong><a href=\"https:\/\/globalhotel.com.tr\/en\/\">Bask\u0131l\u0131 Ayakkab\u0131 Cila S\u00fcngeri<\/a><\/strong>, \u015f\u0131kl\u0131\u011f\u0131 ve pratikli\u011fi bir araya getirerek ayakkab\u0131lar\u0131n\u0131z\u0131n her zaman temiz ve parlak g\u00f6r\u00fcnmesini sa\u011flar. G\u00fcnl\u00fck kullan\u0131m i\u00e7in ideal olan bu \u00fcr\u00fcn, \u00f6zellikle yo\u011fun i\u015f temposuna sahip kullan\u0131c\u0131lar veya seyahat edenler i\u00e7in m\u00fckemmel bir \u00e7\u00f6z\u00fcm sunar. Kompakt boyutu sayesinde \u00e7antan\u0131zda, araban\u0131zda ya da ofis \u00e7ekmecenizde kolayca ta\u015f\u0131yabilir ve her an yan\u0131n\u0131zda bulundurabilirsiniz. Bask\u0131l\u0131 d\u0131\u015f y\u00fczeyi, markan\u0131z\u0131n logolar\u0131n\u0131 veya \u00f6zel tasar\u0131mlar\u0131n\u0131z\u0131 sergilemek i\u00e7in m\u00fckemmel bir y\u00fczey sunar ve otel, restoran, spor salonu gibi i\u015fletmeler i\u00e7in ideal bir promosyon malzemesi haline gelir.   <\/p>\n<\/div>\n","protected":false},"excerpt":{"rendered":"<div id=\"254C497F_ED5F_539E_BF08_9192F9A99B64\">\n<p><strong>BKL-019 Printed Shoe Polish Sponge<\/strong>, with its compact and handy design, it is ideal for quickly polishing your shoes. Made from quality materials, this product offers a practical solution for your guests in hotel rooms. Available with different printing options, the polishing sponge is the perfect complement to both functionality and aesthetics. We design it specially for you with your hotel logo and reflect your brand in the most elegant way.   <\/p>\n<div id=\"254C497F_ED5F_539E_BF08_9192F9A99B64\">\n<ul>\n<li><strong>Size:<\/strong> 70 \u00d7 47 \u00d7 27 mm<\/li>\n<li><strong>Weight:<\/strong> 6 gr<\/li>\n<li><strong>Qty. per Parcel: <\/strong>375<\/li>\n<li><strong>Parcel Size:<\/strong> 400 x 250 x 410 mm<\/li>\n<li><strong>Volume:<\/strong> 0.041 m<sup>3<\/sup><\/li>\n<\/ul>\n<\/div>\n<\/div>\n","protected":false},"featured_media":1812,"comment_status":"open","ping_status":"closed","template":"","meta":{"inline_featured_image":false},"product_brand":[],"product_cat":[85,118],"product_tag":[],"class_list":{"0":"post-2490","1":"product","2":"type-product","3":"status-publish","4":"has-post-thumbnail","6":"product_cat-boucle-materials","7":"product_cat-bouquet-in-room","8":"tm-has-options","10":"first","11":"instock","12":"shipping-taxable","13":"product-type-simple"},"_links":{"self":[{"href":"https:\/\/globalhotel.com.tr\/en\/wp-json\/wp\/v2\/product\/2490","targetHints":{"allow":["GET"]}}],"collection":[{"href":"https:\/\/globalhotel.com.tr\/en\/wp-json\/wp\/v2\/product"}],"about":[{"href":"https:\/\/globalhotel.com.tr\/en\/wp-json\/wp\/v2\/types\/product"}],"replies":[{"embeddable":true,"href":"https:\/\/globalhotel.com.tr\/en\/wp-json\/wp\/v2\/comments?post=2490"}],"wp:featuredmedia":[{"embeddable":true,"href":"https:\/\/globalhotel.com.tr\/en\/wp-json\/wp\/v2\/media\/1812"}],"wp:attachment":[{"href":"https:\/\/globalhotel.com.tr\/en\/wp-json\/wp\/v2\/media?parent=2490"}],"wp:term":[{"taxonomy":"product_brand","embeddable":true,"href":"https:\/\/globalhotel.com.tr\/en\/wp-json\/wp\/v2\/product_brand?post=2490"},{"taxonomy":"product_cat","embeddable":true,"href":"https:\/\/globalhotel.com.tr\/en\/wp-json\/wp\/v2\/product_cat?post=2490"},{"taxonomy":"product_tag","embeddable":true,"href":"https:\/\/globalhotel.com.tr\/en\/wp-json\/wp\/v2\/product_tag?post=2490"}],"curies":[{"name":"wp","href":"https:\/\/api.w.org\/{rel}","templated":true}]}}