{"id":2489,"date":"2024-09-26T17:02:00","date_gmt":"2024-09-26T14:02:00","guid":{"rendered":"https:\/\/globalhotel.com.tr\/urun\/printed-door-handle-instruction\/"},"modified":"2025-04-10T17:12:51","modified_gmt":"2025-04-10T14:12:51","slug":"printed-door-handle-instruction","status":"publish","type":"product","link":"https:\/\/globalhotel.com.tr\/en\/urun\/printed-door-handle-instruction\/","title":{"rendered":"BKL-020 Printed Door Handle Instruction"},"content":{"rendered":"<h2>Bask\u0131l\u0131 Kap\u0131 Kolu Talimat\u0131 \u2013 \u015e\u0131k ve \u0130\u015flevsel \u00c7\u00f6z\u00fcm<\/h2>\n<p><a href=\"https:\/\/globalhotel.com.tr\/en\/\"><strong>Bask\u0131l\u0131 Kap\u0131 Kolu Talimat\u0131<\/strong><\/a>, otel odalar\u0131ndan ofis alanlar\u0131na kadar bir\u00e7ok mek\u00e2nda pratik bir bilgilendirme \u00e7\u00f6z\u00fcm\u00fc sunar. Kap\u0131 koluna kolayca as\u0131labilen bu talimat kartlar\u0131, konuklara veya personelinize \u00f6nemli bilgiler aktarman\u0131n en etkili yollar\u0131ndan biridir. \u00d6zellikle otellerde oda temizlik talimatlar\u0131, &#8220;Rahats\u0131z Etmeyin&#8221; veya &#8220;Odam\u0131 Temizleyin&#8221; gibi mesajlar i\u00e7in idealdir. \u00dcr\u00fcn, hem g\u00f6rsel a\u00e7\u0131dan \u015f\u0131k bir tasar\u0131m sunar hem de kullan\u0131m\u0131 son derece kolayd\u0131r.   <\/p>\n<h4><strong>Neden Bask\u0131l\u0131 Kap\u0131 Kolu Talimat\u0131 Tercih Etmelisiniz?<\/strong><\/h4>\n<ol>\n<li>Kap\u0131 kolu talimatlar\u0131, kap\u0131 kollar\u0131na as\u0131lmas\u0131 i\u00e7in \u00f6zel olarak tasarlanm\u0131\u015ft\u0131r. Standart boyutlara uygun kesimi sayesinde hemen her t\u00fcr kap\u0131da rahatl\u0131kla kullan\u0131labilir. Kaliteli bask\u0131 teknolojisi ile \u00fcretilmi\u015f bu \u00fcr\u00fcn, kullan\u0131c\u0131 dostu yap\u0131s\u0131yla da \u00f6ne \u00e7\u0131kar.  <\/li>\n<\/ol>\n<div id=\"254C497F_ED5F_539E_BF08_9192F9A99B64\"><\/div>\n","protected":false},"excerpt":{"rendered":"<div class=\"flex max-w-full flex-col flex-grow\">\n<div class=\"min-h-8 text-message flex w-full flex-col items-end gap-2 whitespace-normal break-words text-start [.text-message+&amp;]:mt-5\" dir=\"auto\" data-message-author-role=\"assistant\" data-message-id=\"0539eaff-2d89-4413-be41-ef703f03b083\" data-message-model-slug=\"gpt-4o\">\n<div class=\"flex w-full flex-col gap-1 empty:hidden first:pt-[3px]\">\n<div class=\"markdown prose w-full break-words dark:prose-invert dark\">\n<p><span style=\"background-color: #ffffff; color: #000000;\"><strong>BKL-020 Printed Door Handle Instruction<\/strong>, designed to provide guidance and information to your guests in hotel rooms. Made of quality materials, these instructions are available in different printing options, creating a stylish and professional look. It increases guest satisfaction by offering both an aesthetic and functional solution. We design it specially for you with your hotel logo and reflect your brand in the most elegant way.   <\/span><\/p>\n<ul>\n<li><span style=\"background-color: #ffffff; color: #000000;\"><strong>Size:<\/strong> 235 x 82<\/span><\/li>\n<li><span style=\"background-color: #ffffff; color: #000000;\"><strong>Weight:<\/strong> 5 gr<\/span><\/li>\n<li><span style=\"background-color: #ffffff; color: #000000;\"><strong>Qty. per Parcel:<\/strong> 1000<\/span><\/li>\n<li><span style=\"background-color: #ffffff; color: #000000;\"><strong>Parcel Size:<\/strong> 340 x 240 x 100 mm<\/span><\/li>\n<li><span style=\"background-color: #ffffff; color: #000000;\"><strong>Volume:<\/strong> 0.008 m<sup>3<\/sup><\/span><\/li>\n<\/ul>\n<\/div>\n<\/div>\n<\/div>\n<\/div>\n","protected":false},"featured_media":1811,"comment_status":"open","ping_status":"closed","template":"","meta":{"inline_featured_image":false},"product_brand":[],"product_cat":[85,118],"product_tag":[],"class_list":{"0":"post-2489","1":"product","2":"type-product","3":"status-publish","4":"has-post-thumbnail","6":"product_cat-boucle-materials","7":"product_cat-bouquet-in-room","8":"tm-has-options","10":"first","11":"instock","12":"shipping-taxable","13":"product-type-simple"},"_links":{"self":[{"href":"https:\/\/globalhotel.com.tr\/en\/wp-json\/wp\/v2\/product\/2489","targetHints":{"allow":["GET"]}}],"collection":[{"href":"https:\/\/globalhotel.com.tr\/en\/wp-json\/wp\/v2\/product"}],"about":[{"href":"https:\/\/globalhotel.com.tr\/en\/wp-json\/wp\/v2\/types\/product"}],"replies":[{"embeddable":true,"href":"https:\/\/globalhotel.com.tr\/en\/wp-json\/wp\/v2\/comments?post=2489"}],"wp:featuredmedia":[{"embeddable":true,"href":"https:\/\/globalhotel.com.tr\/en\/wp-json\/wp\/v2\/media\/1811"}],"wp:attachment":[{"href":"https:\/\/globalhotel.com.tr\/en\/wp-json\/wp\/v2\/media?parent=2489"}],"wp:term":[{"taxonomy":"product_brand","embeddable":true,"href":"https:\/\/globalhotel.com.tr\/en\/wp-json\/wp\/v2\/product_brand?post=2489"},{"taxonomy":"product_cat","embeddable":true,"href":"https:\/\/globalhotel.com.tr\/en\/wp-json\/wp\/v2\/product_cat?post=2489"},{"taxonomy":"product_tag","embeddable":true,"href":"https:\/\/globalhotel.com.tr\/en\/wp-json\/wp\/v2\/product_tag?post=2489"}],"curies":[{"name":"wp","href":"https:\/\/api.w.org\/{rel}","templated":true}]}}