{"id":2488,"date":"2024-09-26T17:02:00","date_gmt":"2024-09-26T14:02:00","guid":{"rendered":"https:\/\/globalhotel.com.tr\/urun\/printed-cube-tissue-box\/"},"modified":"2025-04-16T03:04:02","modified_gmt":"2025-04-16T00:04:02","slug":"printed-cube-tissue-box","status":"publish","type":"product","link":"https:\/\/globalhotel.com.tr\/en\/urun\/printed-cube-tissue-box\/","title":{"rendered":"BKL-017 Printed Cube Tissue Box"},"content":{"rendered":"<p>&nbsp;<\/p>\n<div id=\"254C497F_ED5F_539E_BF08_9192F9A99B64\">\n<h2><strong>Bask\u0131l\u0131 K\u00fcp Kutu Mendil<\/strong><\/h2>\n<p>Otelinizin ya da i\u015fletmenizin zarif ve kullan\u0131\u015fl\u0131 bir detay\u0131 olacak <a href=\"https:\/\/globalhotel.com.tr\/en\/\"><strong>Bask\u0131l\u0131 K\u00fcp Kutu Mendil<\/strong><\/a>, hem dekorasyonunuza uyum sa\u011flayan tasar\u0131m\u0131 hem de pratik kullan\u0131m\u0131yla misafirlerinize unutulmaz bir deneyim sunar. Her detayda kaliteye \u00f6nem veren i\u015fletmeler i\u00e7in \u00f6zel olarak tasarlanan bu \u00fcr\u00fcn, y\u00fcksek kaliteli bask\u0131s\u0131yla markan\u0131z\u0131 \u00f6n plana \u00e7\u0131kar\u0131rken ayn\u0131 zamanda hijyenik bir \u00e7\u00f6z\u00fcm sunar. <\/p>\n<h3><strong>\u015e\u0131k ve \u00d6zg\u00fcn Tasar\u0131m<\/strong><\/h3>\n<p>Bask\u0131l\u0131 k\u00fcp kutu mendiller, i\u015fletmenizin logosu veya \u00f6zel tasar\u0131m\u0131 ile tamamen ki\u015fiselle\u015ftirilebilir. Bu \u00f6zellik, otel odalar\u0131ndan lobi alanlar\u0131na kadar her noktada markan\u0131z\u0131n profesyonel duru\u015funu yans\u0131tman\u0131za olanak tan\u0131r. Minimalist, modern veya klasik tarzda bir bask\u0131 tercih ederek marka kimli\u011finizi g\u00fc\u00e7lendirebilirsiniz. Dayan\u0131kl\u0131 ve \u00e7evre dostu karton malzemeden \u00fcretilen kutular, uzun s\u00fcreli kullan\u0131ma uygun ve estetik bir g\u00f6r\u00fcn\u00fcm sunar.   <\/p>\n<\/div>\n","protected":false},"excerpt":{"rendered":"<div class=\"flex max-w-full flex-col flex-grow\">\n<div class=\"min-h-8 text-message flex w-full flex-col items-end gap-2 whitespace-normal break-words text-start [.text-message+&amp;]:mt-5\" dir=\"auto\" data-message-author-role=\"assistant\" data-message-id=\"f7112020-e4d6-466c-a954-d2724f3a16a5\" data-message-model-slug=\"gpt-4o\">\n<div class=\"flex w-full flex-col gap-1 empty:hidden first:pt-[3px]\">\n<div class=\"markdown prose w-full break-words dark:prose-invert dark\">\n<p><span style=\"color: #000000;\"><strong>BKL-017 Printed Cube Tissue Box<\/strong>, offer a stylish and hygienic solution for hotel rooms, restaurants and meeting areas. Wipes made of quality materials provide practical use. The cube box, which can be customized with different printing options, highlights your brand with an aesthetic appearance. We design it specially for you with your hotel logo and reflect your brand in the most elegant way.   <\/span><\/p>\n<ul>\n<li><span style=\"color: #000000;\"><strong>Size: <\/strong>110 X 110 X 110 mm<\/span><\/li>\n<li><span style=\"color: #000000;\"><strong>Weight: <\/strong>75 gr<\/span><\/li>\n<li><span style=\"color: #000000;\"><strong>Qty per Parcel: <\/strong>96<\/span><\/li>\n<li><span style=\"color: #000000;\"><strong>Parcel Size: <\/strong>680 x 470 x 460 mm<\/span><\/li>\n<li><span style=\"color: #000000;\"><strong>Volume:<\/strong> 0.147 m<sup>3<\/sup><\/span><\/li>\n<\/ul>\n<\/div>\n<\/div>\n<\/div>\n<\/div>\n","protected":false},"featured_media":1810,"comment_status":"open","ping_status":"closed","template":"","meta":{"inline_featured_image":false},"product_brand":[],"product_cat":[85,118],"product_tag":[],"class_list":{"0":"post-2488","1":"product","2":"type-product","3":"status-publish","4":"has-post-thumbnail","6":"product_cat-boucle-materials","7":"product_cat-bouquet-in-room","8":"tm-has-options","10":"first","11":"instock","12":"shipping-taxable","13":"product-type-simple"},"_links":{"self":[{"href":"https:\/\/globalhotel.com.tr\/en\/wp-json\/wp\/v2\/product\/2488","targetHints":{"allow":["GET"]}}],"collection":[{"href":"https:\/\/globalhotel.com.tr\/en\/wp-json\/wp\/v2\/product"}],"about":[{"href":"https:\/\/globalhotel.com.tr\/en\/wp-json\/wp\/v2\/types\/product"}],"replies":[{"embeddable":true,"href":"https:\/\/globalhotel.com.tr\/en\/wp-json\/wp\/v2\/comments?post=2488"}],"wp:featuredmedia":[{"embeddable":true,"href":"https:\/\/globalhotel.com.tr\/en\/wp-json\/wp\/v2\/media\/1810"}],"wp:attachment":[{"href":"https:\/\/globalhotel.com.tr\/en\/wp-json\/wp\/v2\/media?parent=2488"}],"wp:term":[{"taxonomy":"product_brand","embeddable":true,"href":"https:\/\/globalhotel.com.tr\/en\/wp-json\/wp\/v2\/product_brand?post=2488"},{"taxonomy":"product_cat","embeddable":true,"href":"https:\/\/globalhotel.com.tr\/en\/wp-json\/wp\/v2\/product_cat?post=2488"},{"taxonomy":"product_tag","embeddable":true,"href":"https:\/\/globalhotel.com.tr\/en\/wp-json\/wp\/v2\/product_tag?post=2488"}],"curies":[{"name":"wp","href":"https:\/\/api.w.org\/{rel}","templated":true}]}}