{"id":2466,"date":"2024-09-26T17:02:43","date_gmt":"2024-09-26T14:02:43","guid":{"rendered":"https:\/\/globalhotel.com.tr\/urun\/45-ml-bottle-003\/"},"modified":"2025-04-14T12:47:33","modified_gmt":"2025-04-14T09:47:33","slug":"45-ml-bottle-003","status":"publish","type":"product","link":"https:\/\/globalhotel.com.tr\/en\/urun\/45-ml-bottle-003\/","title":{"rendered":"45 ML Bottle &#8211; 003"},"content":{"rendered":"<h2><strong>45 ML Bottle<\/strong><\/h2>\n<p>Otel sekt\u00f6r\u00fcnde kalite ve zarafetin birle\u015fti\u011fi her detay\u0131 sunmak, misafir memnuniyetini art\u0131rman\u0131n anahtar\u0131d\u0131r. <strong><a href=\"https:\/\/globalhotel.com.tr\/en\/\">45 ml \u015fi\u015fe<\/a><\/strong>, otel odalar\u0131n\u0131zda, spa alanlar\u0131n\u0131zda ya da banyo setlerinde \u015f\u0131kl\u0131\u011f\u0131 ve fonksiyonelli\u011fi bir arada sunmak i\u00e7in m\u00fckemmel bir tercihtir. Saten dokusu ve \u015feffaf yap\u0131s\u0131yla g\u00f6rsel bir estetik sunarken, ayn\u0131 zamanda i\u00e7eri\u011fi sayesinde misafirlerinizi \u015f\u0131mart\u0131r.  <\/p>\n<h3><strong>\u015e\u0131kl\u0131k ve Kalite<\/strong><\/h3>\n<p>45 ml \u015fi\u015fe, zarif saten y\u00fczeyi ile g\u00f6z al\u0131c\u0131 bir g\u00f6r\u00fcn\u00fcm sunar. Sade ve \u015f\u0131k tasar\u0131m\u0131, otel odalar\u0131ndaki her t\u00fcrl\u00fc dekorla uyum sa\u011flar. \u00dcst d\u00fczey kaliteyi simgeleyen bu \u015fi\u015fe, \u00f6zellikle konuklar\u0131n\u0131z\u0131n ihtiyac\u0131n\u0131 kar\u015f\u0131lamak \u00fczere tasarlanm\u0131\u015ft\u0131r. Misafirlerinize sunaca\u011f\u0131n\u0131z her bir \u00fcr\u00fcn, hem g\u00f6rsel hem de fonksiyonel olarak m\u00fckemmel bir deneyim ya\u015fat\u0131r.   <\/p>\n<h2><strong>Kullan\u0131m Kolayl\u0131\u011f\u0131<\/strong><\/h2>\n<p>Saten dokusu ile \u015feffaf \u015fi\u015fe, \u00fcr\u00fcn\u00fcn ne kadar kald\u0131\u011f\u0131n\u0131 kolayca g\u00f6rmenize imkan verir. Sadece g\u00f6rsel \u015f\u0131kl\u0131k de\u011fil, ayn\u0131 zamanda pratiklik a\u00e7\u0131s\u0131ndan da ideal bir tercihtir. 45 ml&#8217;lik ideal boyutu, du\u015f jelleri, \u015fampuanlar, v\u00fccut losyonlar\u0131 ve di\u011fer banyo \u00fcr\u00fcnleri i\u00e7in m\u00fckemmeldir. Misafirlerinizin ihtiyac\u0131na g\u00f6re s\u0131kl\u0131kla kullan\u0131lan bu \u015fi\u015fe, otel odalar\u0131nda ve SPA alanlar\u0131nda her t\u00fcrl\u00fc kullan\u0131m i\u00e7in uygun b\u00fcy\u00fckl\u00fc\u011fe sahiptir.   <\/p>\n<h3><strong>Sa\u011flam ve G\u00fcvenli<\/strong><\/h3>\n<p>Bu \u015fi\u015fe, dayan\u0131kl\u0131 malzemelerden \u00fcretilmi\u015ftir. \u0130yi kalite plastik veya cam se\u00e7enekleriyle, g\u00fcvenle kullan\u0131m sa\u011flan\u0131r. S\u0131zd\u0131rmazl\u0131k \u00f6zelli\u011fi sayesinde, i\u00e7eri\u011fi korur ve ta\u015f\u0131ma s\u0131ras\u0131nda d\u00f6k\u00fclme ya da s\u0131z\u0131nt\u0131 riski yoktur. B\u00f6ylece misafirlerinizin konforunu en \u00fcst seviyeye \u00e7\u0131kar\u0131rken, otel y\u00f6netimi a\u00e7\u0131s\u0131ndan da g\u00fcvenli\u011fi sa\u011flar.   <\/p>\n","protected":false},"excerpt":{"rendered":"<p><span style=\"color: #000000;\"><strong>45 ML bottle<\/strong>, is the perfect packaging solution for hotel and corporate work. It provides hygienic and safe storage of shampoo, shower gel, lotion, cream and other liquids. The medium-sized design offers ease of transportation and ease of use, while saving space. Made of high quality plastic or glass, this bottle guarantees unbreakable and safe storage thanks to its durable and leak-proof construction. The 45 ML bottle offers an aesthetic look for hotel expansion, bathroom areas or spa facilities. Customizable with your business logo or special messages, this bottle reinforces the image of your brand&#8217;s quality and provides a comfortable experience for your guests.     <\/span><\/p>\n<p><span style=\"color: #000000;\">We have a wide range of empty bottles in different sizes and designs for cosmetic bottles. You can contact us for information about our wholesale and retail sales and for the best prices. <\/span><\/p>\n","protected":false},"featured_media":1872,"comment_status":"open","ping_status":"closed","template":"","meta":{"inline_featured_image":false},"product_brand":[],"product_cat":[85,116],"product_tag":[],"class_list":{"0":"post-2466","1":"product","2":"type-product","3":"status-publish","4":"has-post-thumbnail","6":"product_cat-boucle-materials","7":"product_cat-cosmetic-bottles","8":"tm-has-options","10":"first","11":"instock","12":"shipping-taxable","13":"product-type-simple"},"_links":{"self":[{"href":"https:\/\/globalhotel.com.tr\/en\/wp-json\/wp\/v2\/product\/2466","targetHints":{"allow":["GET"]}}],"collection":[{"href":"https:\/\/globalhotel.com.tr\/en\/wp-json\/wp\/v2\/product"}],"about":[{"href":"https:\/\/globalhotel.com.tr\/en\/wp-json\/wp\/v2\/types\/product"}],"replies":[{"embeddable":true,"href":"https:\/\/globalhotel.com.tr\/en\/wp-json\/wp\/v2\/comments?post=2466"}],"wp:featuredmedia":[{"embeddable":true,"href":"https:\/\/globalhotel.com.tr\/en\/wp-json\/wp\/v2\/media\/1872"}],"wp:attachment":[{"href":"https:\/\/globalhotel.com.tr\/en\/wp-json\/wp\/v2\/media?parent=2466"}],"wp:term":[{"taxonomy":"product_brand","embeddable":true,"href":"https:\/\/globalhotel.com.tr\/en\/wp-json\/wp\/v2\/product_brand?post=2466"},{"taxonomy":"product_cat","embeddable":true,"href":"https:\/\/globalhotel.com.tr\/en\/wp-json\/wp\/v2\/product_cat?post=2466"},{"taxonomy":"product_tag","embeddable":true,"href":"https:\/\/globalhotel.com.tr\/en\/wp-json\/wp\/v2\/product_tag?post=2466"}],"curies":[{"name":"wp","href":"https:\/\/api.w.org\/{rel}","templated":true}]}}