{"id":2464,"date":"2024-09-26T17:02:43","date_gmt":"2024-09-26T14:02:43","guid":{"rendered":"https:\/\/globalhotel.com.tr\/urun\/45-ml-bottle-001\/"},"modified":"2025-04-14T13:05:59","modified_gmt":"2025-04-14T10:05:59","slug":"45-ml-bottle-001","status":"publish","type":"product","link":"https:\/\/globalhotel.com.tr\/en\/urun\/45-ml-bottle-001\/","title":{"rendered":"45 ML Bottle &#8211; 001"},"content":{"rendered":"<h2><strong>45 ML Bottle<\/strong><\/h2>\n<p>Otel, spa, restoran ve benzeri i\u015fletmeler i\u00e7in k\u00fc\u00e7\u00fck hacimli, \u015f\u0131k ve i\u015flevsel \u015fi\u015feler ar\u0131yorsan\u0131z, <a href=\"https:\/\/globalhotel.com.tr\/en\/\"><strong>45 ML \u015fi\u015fe<\/strong><\/a> tam size g\u00f6re! Hem kullan\u0131m kolayl\u0131\u011f\u0131 hem de estetik g\u00f6r\u00fcn\u00fcm\u00fcyle dikkat \u00e7eken bu \u00fcr\u00fcn, farkl\u0131 i\u00e7eriklerle doldurulmaya uygun tasar\u0131m\u0131 sayesinde \u00e7e\u015fitli ihtiya\u00e7lar\u0131n\u0131za yan\u0131t verir. <\/p>\n<h3><strong>Dayan\u0131kl\u0131 ve Kaliteli Malzeme<\/strong><\/h3>\n<p>Bu \u015fi\u015fe, y\u00fcksek kaliteli plastikten \u00fcretilmi\u015ftir ve dayan\u0131kl\u0131 yap\u0131s\u0131 sayesinde k\u0131r\u0131lma riskini minimuma indirir. Hafifli\u011fi ile ta\u015f\u0131nmas\u0131 ve depolanmas\u0131 kolayd\u0131r. Ayr\u0131ca malzemenin sa\u011fl\u0131\u011fa uygun olmas\u0131 sayesinde i\u00e7indeki s\u0131v\u0131lar\u0131n g\u00fcvenle muhafaza edilmesini sa\u011flar.  <\/p>\n<h2><strong>Kullan\u0131m Alanlar\u0131<\/strong><\/h2>\n<p>45 ML \u015fi\u015fe, \u00f6zellikle ki\u015fisel bak\u0131m \u00fcr\u00fcnleri ve temizlik \u00e7\u00f6z\u00fcmleri i\u00e7in ideal bir tercihtir. \u015eampuan, du\u015f jeli, sa\u00e7 kremi, losyon gibi \u00fcr\u00fcnleri hijyenik ve \u00f6l\u00e7\u00fcl\u00fc \u015fekilde sunmak isteyen otel ve konaklama i\u015fletmelerinde s\u0131kl\u0131kla tercih edilir. Bunun yan\u0131 s\u0131ra, spa ve wellness merkezlerinde aromaterapi ya\u011flar\u0131 veya \u00f6zel kar\u0131\u015f\u0131mlar i\u00e7in de kullan\u0131\u015fl\u0131d\u0131r.  <\/p>\n<h3><strong>Estetik Tasar\u0131m<\/strong><\/h3>\n<p>Zarif ve kompakt tasar\u0131m\u0131 ile hem minimalist hem de modern bir g\u00f6r\u00fcn\u00fcm sunar. \u015eeffaf veya opak renk se\u00e7enekleriyle sat\u0131\u015fa sunulabilen \u015fi\u015fe, markan\u0131z\u0131n logosu veya etiketleriyle \u00f6zelle\u015ftirilebilir. Bu sayede misafirlerinize daha profesyonel ve kaliteli bir hizmet deneyimi ya\u015fatabilirsiniz.  <\/p>\n","protected":false},"excerpt":{"rendered":"<p><span style=\"color: #000000;\"><strong>45 ML bottle<\/strong>, is the perfect packaging solution for hotel and corporate work. Provides secure storage of shampoo, shower gel, lotion, cream and other liquid non-breakables. The medium-sized design offers ease of transportation and ease of use, while saving space. Made of high quality plastic or glass, this bottle guarantees unbreakable, safe storage thanks to its durable and leak-proof construction. The 45 ML bottle offers an aesthetic look for hotel expansion, bathroom areas or spa facilities. Customizable with your business logo or special messages, this bottle reinforces the image of your brand&#8217;s quality and provides a comfortable experience for your guests.     <\/span><\/p>\n<p><span style=\"color: #000000;\">We have a wide range of empty bottles in different sizes and designs for cosmetic bottles. You can contact us for information about our wholesale and retail sales and for the best prices. <\/span><\/p>\n","protected":false},"featured_media":1870,"comment_status":"open","ping_status":"closed","template":"","meta":{"inline_featured_image":false},"product_brand":[],"product_cat":[85,116],"product_tag":[],"class_list":{"0":"post-2464","1":"product","2":"type-product","3":"status-publish","4":"has-post-thumbnail","6":"product_cat-boucle-materials","7":"product_cat-cosmetic-bottles","8":"tm-has-options","10":"first","11":"instock","12":"shipping-taxable","13":"product-type-simple"},"_links":{"self":[{"href":"https:\/\/globalhotel.com.tr\/en\/wp-json\/wp\/v2\/product\/2464","targetHints":{"allow":["GET"]}}],"collection":[{"href":"https:\/\/globalhotel.com.tr\/en\/wp-json\/wp\/v2\/product"}],"about":[{"href":"https:\/\/globalhotel.com.tr\/en\/wp-json\/wp\/v2\/types\/product"}],"replies":[{"embeddable":true,"href":"https:\/\/globalhotel.com.tr\/en\/wp-json\/wp\/v2\/comments?post=2464"}],"wp:featuredmedia":[{"embeddable":true,"href":"https:\/\/globalhotel.com.tr\/en\/wp-json\/wp\/v2\/media\/1870"}],"wp:attachment":[{"href":"https:\/\/globalhotel.com.tr\/en\/wp-json\/wp\/v2\/media?parent=2464"}],"wp:term":[{"taxonomy":"product_brand","embeddable":true,"href":"https:\/\/globalhotel.com.tr\/en\/wp-json\/wp\/v2\/product_brand?post=2464"},{"taxonomy":"product_cat","embeddable":true,"href":"https:\/\/globalhotel.com.tr\/en\/wp-json\/wp\/v2\/product_cat?post=2464"},{"taxonomy":"product_tag","embeddable":true,"href":"https:\/\/globalhotel.com.tr\/en\/wp-json\/wp\/v2\/product_tag?post=2464"}],"curies":[{"name":"wp","href":"https:\/\/api.w.org\/{rel}","templated":true}]}}