{"id":2463,"date":"2024-09-26T17:02:43","date_gmt":"2024-09-26T14:02:43","guid":{"rendered":"https:\/\/globalhotel.com.tr\/urun\/40-ml-bottle-002\/"},"modified":"2025-04-14T13:00:24","modified_gmt":"2025-04-14T10:00:24","slug":"40-ml-bottle-002","status":"publish","type":"product","link":"https:\/\/globalhotel.com.tr\/en\/urun\/40-ml-bottle-002\/","title":{"rendered":"40 ML Bottle &#8211; 002"},"content":{"rendered":"<h2 class=\"serp-title\"><strong>40 ML Bottle <\/strong><\/h2>\n<p>Otelinizin, spa merkezinizin ya da i\u015fletmenizin misafirlerine sundu\u011fu hizmetin kalitesini bir ad\u0131m \u00f6teye ta\u015f\u0131mak i\u00e7in tasarlanan <a href=\"https:\/\/globalhotel.com.tr\/en\/\"><strong>40 ml \u015fi\u015fe<\/strong><\/a>, hem estetik hem de i\u015flevsellik a\u00e7\u0131s\u0131ndan m\u00fckemmel bir se\u00e7imdir. Kompakt boyutuyla kullan\u0131c\u0131 dostu bir deneyim sunarken, \u015f\u0131k tasar\u0131m\u0131 sayesinde misafirlerinize profesyonel bir imaj yans\u0131t\u0131r. <\/p>\n<p>Bu \u015fi\u015fe, genellikle \u015fampuan, du\u015f jeli, sa\u00e7 kremi, losyon ve benzeri s\u0131v\u0131 \u00fcr\u00fcnlerin sunumu i\u00e7in tercih edilmektedir. <strong>40 ml\u2019lik ideal kapasitesi<\/strong>, misafirlerin ihtiya\u00e7lar\u0131n\u0131 kar\u015f\u0131lamak i\u00e7in yeterlidir, ayn\u0131 zamanda israf\u0131 \u00f6nleyerek b\u00fct\u00e7enizi korur. Bu boyut, k\u0131sa s\u00fcreli konaklamalar i\u00e7in m\u00fckemmel bir kullan\u0131m imkan\u0131 sunar ve ta\u015f\u0131mas\u0131 son derece kolayd\u0131r. <\/p>\n<h3><strong>Y\u00fcksek Kaliteli Malzeme<\/strong><\/h3>\n<p>\u00dcr\u00fcn, kaliteli plastik ya da cam malzemeden \u00fcretilmi\u015f olup dayan\u0131kl\u0131l\u0131\u011f\u0131yla dikkat \u00e7eker. Plastik modeller hafifli\u011fiyle \u00f6ne \u00e7\u0131karken, cam \u015fi\u015feler daha l\u00fcks bir hava katar. Her iki model de uzun s\u00fcreli kullan\u0131m i\u00e7in uygundur ve otel standartlar\u0131na tam uyum sa\u011flar. BPA i\u00e7ermeyen materyaller sayesinde \u00fcr\u00fcnleriniz misafirlerinizin sa\u011fl\u0131\u011f\u0131n\u0131 riske atmaz.   <\/p>\n<h3><strong>Estetik Tasar\u0131m<\/strong><\/h3>\n<p>Minimalist ve modern bir g\u00f6r\u00fcn\u00fcme sahip olan bu \u015fi\u015fe, otel banyolar\u0131na \u015f\u0131kl\u0131k katar. \u00dczerine markan\u0131z\u0131 yans\u0131tan logolar veya \u00f6zel tasar\u0131mlar eklenebilir, b\u00f6ylece i\u015fletmenizin kurumsal kimli\u011fini \u00f6ne \u00e7\u0131karabilirsiniz. Ayr\u0131ca, \u015fi\u015fenin \u015feffaf yap\u0131s\u0131 sayesinde i\u00e7indeki \u00fcr\u00fcn miktar\u0131 kolayca g\u00f6r\u00fclebilir ve bu durum misafirlerinizin kullan\u0131m\u0131n\u0131 kolayla\u015ft\u0131r\u0131r.  <\/p>\n","protected":false},"excerpt":{"rendered":"<p><span style=\"color: #000000;\"><strong>40 ML bottle<\/strong>, is the perfect packaging solution for hotel and corporate work. It provides hygienic protection of liquids such as shampoo, shower gel, lotion and cream. The medium-sized design is both user-friendly and advantageous in terms of portability. Made of high quality plastic or glass, this bottle is durable and leak-proof, unbreakable and helps to keep it safe.40 ML bottle attracts attention with its elegance in hotel expansion, bathroom areas or spa facilities. Customizable with your business logo or special design, this bottle enhances the quality and professional image of your brand and offers a superior experience to your guests.     <\/span><\/p>\n<p><span style=\"color: #000000;\">We have a wide range of empty bottles in different sizes and designs for cosmetic bottles. You can contact us for information about our wholesale and retail sales and for the best prices. <\/span><\/p>\n","protected":false},"featured_media":1869,"comment_status":"open","ping_status":"closed","template":"","meta":{"inline_featured_image":false},"product_brand":[],"product_cat":[85,116],"product_tag":[],"class_list":{"0":"post-2463","1":"product","2":"type-product","3":"status-publish","4":"has-post-thumbnail","6":"product_cat-boucle-materials","7":"product_cat-cosmetic-bottles","8":"tm-has-options","10":"first","11":"instock","12":"shipping-taxable","13":"product-type-simple"},"_links":{"self":[{"href":"https:\/\/globalhotel.com.tr\/en\/wp-json\/wp\/v2\/product\/2463","targetHints":{"allow":["GET"]}}],"collection":[{"href":"https:\/\/globalhotel.com.tr\/en\/wp-json\/wp\/v2\/product"}],"about":[{"href":"https:\/\/globalhotel.com.tr\/en\/wp-json\/wp\/v2\/types\/product"}],"replies":[{"embeddable":true,"href":"https:\/\/globalhotel.com.tr\/en\/wp-json\/wp\/v2\/comments?post=2463"}],"wp:featuredmedia":[{"embeddable":true,"href":"https:\/\/globalhotel.com.tr\/en\/wp-json\/wp\/v2\/media\/1869"}],"wp:attachment":[{"href":"https:\/\/globalhotel.com.tr\/en\/wp-json\/wp\/v2\/media?parent=2463"}],"wp:term":[{"taxonomy":"product_brand","embeddable":true,"href":"https:\/\/globalhotel.com.tr\/en\/wp-json\/wp\/v2\/product_brand?post=2463"},{"taxonomy":"product_cat","embeddable":true,"href":"https:\/\/globalhotel.com.tr\/en\/wp-json\/wp\/v2\/product_cat?post=2463"},{"taxonomy":"product_tag","embeddable":true,"href":"https:\/\/globalhotel.com.tr\/en\/wp-json\/wp\/v2\/product_tag?post=2463"}],"curies":[{"name":"wp","href":"https:\/\/api.w.org\/{rel}","templated":true}]}}