{"id":2461,"date":"2024-09-26T17:02:43","date_gmt":"2024-09-26T14:02:43","guid":{"rendered":"https:\/\/globalhotel.com.tr\/urun\/35-ml-bottle-005\/"},"modified":"2025-04-14T13:02:46","modified_gmt":"2025-04-14T10:02:46","slug":"35-ml-bottle-005","status":"publish","type":"product","link":"https:\/\/globalhotel.com.tr\/en\/urun\/35-ml-bottle-005\/","title":{"rendered":"35 ML Bottle &#8211; 005"},"content":{"rendered":"<div class=\"flex-shrink-0 flex flex-col relative items-end\">\n<div>\n<div class=\"pt-0\">\n<div class=\"gizmo-bot-avatar flex h-8 w-8 items-center justify-center overflow-hidden rounded-full\">\n<div class=\"relative p-1 rounded-sm flex items-center justify-center bg-token-main-surface-primary text-token-text-primary h-8 w-8\"><\/div>\n<\/div>\n<\/div>\n<\/div>\n<\/div>\n<div class=\"group\/conversation-turn relative flex w-full min-w-0 flex-col agent-turn\">\n<div class=\"flex-col gap-1 md:gap-3\">\n<div class=\"flex max-w-full flex-col flex-grow\">\n<div class=\"min-h-8 text-message flex w-full flex-col items-end gap-2 whitespace-normal break-words text-start [.text-message+&amp;]:mt-5\" dir=\"auto\" data-message-author-role=\"assistant\" data-message-id=\"14274444-91f7-47e4-811c-e61e1e542b57\" data-message-model-slug=\"gpt-4o\">\n<div class=\"flex w-full flex-col gap-1 empty:hidden first:pt-[3px]\">\n<div class=\"result-streaming markdown prose w-full break-words dark:prose-invert light\">\n<h2><strong>35 ML Bottle <\/strong><\/h2>\n<p><a href=\"https:\/\/globalhotel.com.tr\/en\/\"><strong>35 ML \u015fi\u015fe<\/strong><\/a>, otel, spa, klinik ve ki\u015fisel kullan\u0131m gibi bir\u00e7ok farkl\u0131 alanda i\u015flevsel ve estetik bir \u00e7\u00f6z\u00fcm sunar. Minimalist tasar\u0131m\u0131, ta\u015f\u0131ma kolayl\u0131\u011f\u0131 ve \u00e7ok y\u00f6nl\u00fc kullan\u0131m\u0131 sayesinde olduk\u00e7a pop\u00fclerdir. Hijyenik ve kompakt bir se\u00e7enek arayan i\u015fletmeler i\u00e7in ideal olan bu \u015fi\u015feler, hem pratik hem de kullan\u0131c\u0131 dostu bir deneyim sunar.  <\/p>\n<h2><strong>Estetik ve Kullan\u0131\u015fl\u0131 Tasar\u0131m<\/strong><\/h2>\n<p>35 ML kapasiteye sahip bu \u015fi\u015fe, kompakt boyutuyla dikkat \u00e7eker. K\u00fc\u00e7\u00fck ama yeterli hacmi sayesinde \u015fampuan, du\u015f jeli, losyon, el dezenfektan\u0131 veya cilt bak\u0131m \u00fcr\u00fcnleri gibi s\u0131v\u0131lar i\u00e7in idealdir. \u015ei\u015fenin modern ve sade tasar\u0131m\u0131, otel odalar\u0131ndaki zarif bir dokunu\u015f sa\u011flar. \u015eeffaf veya opak se\u00e7enekleriyle, \u00fcr\u00fcn\u00fc markan\u0131z\u0131n konseptine uygun \u015fekilde ki\u015fiselle\u015ftirebilirsiniz. \u015ei\u015felerin \u00fczeri etiket veya bask\u0131 uygulamalar\u0131na uygun oldu\u011fundan, markan\u0131z\u0131n logosunu veya \u00f6zel bir tasar\u0131m\u0131 rahatl\u0131kla ekleyebilirsiniz.    <\/p>\n<h3><strong>Dayan\u0131kl\u0131 ve \u00c7evre Dostu Malzeme<\/strong><\/h3>\n<p>Bu \u015fi\u015feler, genellikle dayan\u0131kl\u0131 ve geri d\u00f6n\u00fc\u015ft\u00fcr\u00fclebilir malzemelerden \u00fcretilir. Plastik veya cam se\u00e7enekleriyle ihtiya\u00e7lar\u0131n\u0131za uygun bir \u00e7\u00f6z\u00fcm sunar. Plastik modeller, hafif ve k\u0131r\u0131lmaya dayan\u0131kl\u0131 yap\u0131s\u0131yla ta\u015f\u0131nabilirlik sa\u011flarken; cam \u015fi\u015feler, daha l\u00fcks bir g\u00f6r\u00fcn\u00fcm ve \u00e7evre dostu bir alternatif sunar. Kullan\u0131c\u0131 dostu kapak sistemi sayesinde d\u00f6k\u00fclme riski en aza indirilir ve i\u00e7erdi\u011fi \u00fcr\u00fcn\u00fcn uzun s\u00fcre bozulmadan saklanmas\u0131 sa\u011flan\u0131r.   <\/p>\n<h3><strong>\u00c7ok Y\u00f6nl\u00fc Kullan\u0131m Alanlar\u0131<\/strong><\/h3>\n<p>35 ML \u015fi\u015fe, yaln\u0131zca oteller i\u00e7in de\u011fil, ayn\u0131 zamanda seyahat eden bireyler i\u00e7in de harika bir se\u00e7enektir. Havaalan\u0131 g\u00fcvenlik kurallar\u0131na uygun olan boyutu sayesinde, ki\u015fisel bak\u0131m \u00fcr\u00fcnlerinizi rahat\u00e7a yan\u0131n\u0131zda ta\u015f\u0131yabilirsiniz. Ayr\u0131ca spa ve g\u00fczellik merkezlerinde deneme boyu \u00fcr\u00fcn sunumu i\u00e7in de kullan\u0131l\u0131r. Markan\u0131z\u0131n promosyon \u00fcr\u00fcnlerini bu \u015fi\u015felerle sunarak m\u00fc\u015fterilerinize profesyonel ve kaliteli bir izlenim b\u0131rakabilirsiniz.   <\/p>\n<\/div>\n<\/div>\n<\/div>\n<\/div>\n<\/div>\n<\/div>\n","protected":false},"excerpt":{"rendered":"<p><span style=\"color: #000000;\"><strong>35 ML bottle<\/strong>, is the perfect packaging solution for hotel and corporate work. This bottle allows for hygienic and practical storage of soap, shampoo, shower gel, lotion and other liquids. Its medium-sized structure offers advantages in terms of both ease of use and transportation, providing functionality without taking up space in hotel or bathroom areas. Made of high quality plastic or glass, this bottle is durable and leak-proof for long-lasting use. Customizable with your business logo or special designs, the 35 ML bottle reinforces the professional image of your brand and offers a high-quality experience to your hotel guests. With its stylish and modern look, it offers both an aesthetic and functional solution.     <\/span><\/p>\n<p><span style=\"color: #000000;\">We have a wide range of empty bottles in different sizes and designs for cosmetic bottles. You can contact us for information about our wholesale and retail sales and for the best prices. <\/span><\/p>\n","protected":false},"featured_media":1866,"comment_status":"open","ping_status":"closed","template":"","meta":{"inline_featured_image":false},"product_brand":[],"product_cat":[85,116],"product_tag":[],"class_list":{"0":"post-2461","1":"product","2":"type-product","3":"status-publish","4":"has-post-thumbnail","6":"product_cat-boucle-materials","7":"product_cat-cosmetic-bottles","8":"tm-has-options","10":"first","11":"instock","12":"shipping-taxable","13":"product-type-simple"},"_links":{"self":[{"href":"https:\/\/globalhotel.com.tr\/en\/wp-json\/wp\/v2\/product\/2461","targetHints":{"allow":["GET"]}}],"collection":[{"href":"https:\/\/globalhotel.com.tr\/en\/wp-json\/wp\/v2\/product"}],"about":[{"href":"https:\/\/globalhotel.com.tr\/en\/wp-json\/wp\/v2\/types\/product"}],"replies":[{"embeddable":true,"href":"https:\/\/globalhotel.com.tr\/en\/wp-json\/wp\/v2\/comments?post=2461"}],"wp:featuredmedia":[{"embeddable":true,"href":"https:\/\/globalhotel.com.tr\/en\/wp-json\/wp\/v2\/media\/1866"}],"wp:attachment":[{"href":"https:\/\/globalhotel.com.tr\/en\/wp-json\/wp\/v2\/media?parent=2461"}],"wp:term":[{"taxonomy":"product_brand","embeddable":true,"href":"https:\/\/globalhotel.com.tr\/en\/wp-json\/wp\/v2\/product_brand?post=2461"},{"taxonomy":"product_cat","embeddable":true,"href":"https:\/\/globalhotel.com.tr\/en\/wp-json\/wp\/v2\/product_cat?post=2461"},{"taxonomy":"product_tag","embeddable":true,"href":"https:\/\/globalhotel.com.tr\/en\/wp-json\/wp\/v2\/product_tag?post=2461"}],"curies":[{"name":"wp","href":"https:\/\/api.w.org\/{rel}","templated":true}]}}