{"id":2441,"date":"2024-09-26T17:03:03","date_gmt":"2024-09-26T14:03:03","guid":{"rendered":"https:\/\/globalhotel.com.tr\/urun\/plexi-bouquet-tray-03\/"},"modified":"2025-04-14T19:22:34","modified_gmt":"2025-04-14T16:22:34","slug":"plexi-bouquet-tray-03","status":"publish","type":"product","link":"https:\/\/globalhotel.com.tr\/en\/urun\/plexi-bouquet-tray-03\/","title":{"rendered":"Plexi Bouquet Tray &#8211; 03"},"content":{"rendered":"<h2 data-start=\"0\" data-end=\"80\"><strong data-start=\"0\" data-end=\"78\">Pleksi Buklet Tepsisi <\/strong><\/h2>\n<p data-start=\"82\" data-end=\"652\">Otel ve konaklama sekt\u00f6r\u00fcnde misafir memnuniyeti en \u00f6nemli unsurlar\u0131n ba\u015f\u0131nda gelir. K\u00fc\u00e7\u00fck ama etkili detaylar, konuklar\u0131n konforunu art\u0131r\u0131rken i\u015fletmenizin prestijini de y\u00fckseltir. <a href=\"https:\/\/globalhotel.com.tr\/en\/\"><strong data-start=\"264\" data-end=\"289\">Pleksi buklet tepsisi<\/strong><\/a>, otel odalar\u0131nda hijyenik, d\u00fczenli ve estetik bir sunum sa\u011flamak i\u00e7in \u00f6zel olarak tasarlanm\u0131\u015f bir \u00fcr\u00fcnd\u00fcr. \u015eampuan, sabun, du\u015f jeli, v\u00fccut losyonu gibi ki\u015fisel bak\u0131m \u00fcr\u00fcnlerini d\u00fczenli bir \u015fekilde sunmak i\u00e7in idealdir. \u015eeffaf veya farkl\u0131 renk se\u00e7enekleriyle \u00fcretilen bu tepsiler, her otelin dekorasyonuna uyum sa\u011flayarak modern ve zarif bir g\u00f6r\u00fcn\u00fcm kazand\u0131r\u0131r.   <\/p>\n<p data-start=\"698\" data-end=\"1185\">Pleksi buklet tepsisi, dayan\u0131kl\u0131 pleksi malzemeden \u00fcretildi\u011fi i\u00e7in uzun \u00f6m\u00fcrl\u00fcd\u00fcr ve k\u0131r\u0131lmalara kar\u015f\u0131 diren\u00e7lidir. Ayn\u0131 zamanda kolay temizlenebilir yap\u0131s\u0131 sayesinde hijyen standartlar\u0131n\u0131 \u00fcst seviyeye ta\u015f\u0131r. Otel odalar\u0131nda d\u00fczeni sa\u011flamakla kalmay\u0131p, \u015f\u0131k ve profesyonel bir g\u00f6r\u00fcnt\u00fc olu\u015fturur. Hafif yap\u0131s\u0131 sayesinde kolay ta\u015f\u0131nabilir ve gerekti\u011finde farkl\u0131 alanlarda kullan\u0131labilir. \u00d6zel tasar\u0131m\u0131 sayesinde, otel buklet \u00fcr\u00fcnlerinin kaymas\u0131n\u0131 \u00f6nleyerek d\u00fczenli bir sunum imkan\u0131 sunar.    <\/p>\n<p data-start=\"1187\" data-end=\"1469\" data-is-last-node=\"\" data-is-only-node=\"\">Pleksi buklet tepsisi, sadece otellerde de\u011fil, spa merkezleri, g\u00fczellik salonlar\u0131 ve l\u00fcks konaklama tesisleri i\u00e7in de m\u00fckemmel bir se\u00e7enektir. Misafirlerinize kaliteli bir deneyim sunmak ve otel odalar\u0131n\u0131za estetik bir dokunu\u015f katmak i\u00e7in pleksi buklet tepsisi tercih edebilirsiniz. <\/p>\n<div id=\"254C497F_ED5F_539E_BF08_9192F9A99B64\"><\/div>\n","protected":false},"excerpt":{"rendered":"<p><strong>Plexi Bouquet Tray<\/strong> draws attention among hotel supplies with its modern design and stylish appearance. Made of transparent plexi material, this tray offers long-lasting use with its light weight. Thanks to its practical and functional structure, various package options are presented in an organized manner in the bathrooms or rooms of the guests. An aesthetically elegant option, the Plexi Bouquet Tray enhances the elegance of your hotel and makes your guests&#8217; accommodation experience more special.   <\/p>\n<ul>\n<li><strong>Size:<\/strong> 170 x 130 x 200 mm<\/li>\n<li><strong>Weight:<\/strong> 300 Gr.<\/li>\n<\/ul>\n<div id=\"254C497F_ED5F_539E_BF08_9192F9A99B64\"><\/div>\n","protected":false},"featured_media":1883,"comment_status":"open","ping_status":"closed","template":"","meta":{"inline_featured_image":false},"product_brand":[],"product_cat":[85,115],"product_tag":[],"class_list":{"0":"post-2441","1":"product","2":"type-product","3":"status-publish","4":"has-post-thumbnail","6":"product_cat-boucle-materials","7":"product_cat-plexi-bouquet-tray","8":"tm-has-options","10":"first","11":"instock","12":"shipping-taxable","13":"product-type-simple"},"_links":{"self":[{"href":"https:\/\/globalhotel.com.tr\/en\/wp-json\/wp\/v2\/product\/2441","targetHints":{"allow":["GET"]}}],"collection":[{"href":"https:\/\/globalhotel.com.tr\/en\/wp-json\/wp\/v2\/product"}],"about":[{"href":"https:\/\/globalhotel.com.tr\/en\/wp-json\/wp\/v2\/types\/product"}],"replies":[{"embeddable":true,"href":"https:\/\/globalhotel.com.tr\/en\/wp-json\/wp\/v2\/comments?post=2441"}],"wp:featuredmedia":[{"embeddable":true,"href":"https:\/\/globalhotel.com.tr\/en\/wp-json\/wp\/v2\/media\/1883"}],"wp:attachment":[{"href":"https:\/\/globalhotel.com.tr\/en\/wp-json\/wp\/v2\/media?parent=2441"}],"wp:term":[{"taxonomy":"product_brand","embeddable":true,"href":"https:\/\/globalhotel.com.tr\/en\/wp-json\/wp\/v2\/product_brand?post=2441"},{"taxonomy":"product_cat","embeddable":true,"href":"https:\/\/globalhotel.com.tr\/en\/wp-json\/wp\/v2\/product_cat?post=2441"},{"taxonomy":"product_tag","embeddable":true,"href":"https:\/\/globalhotel.com.tr\/en\/wp-json\/wp\/v2\/product_tag?post=2441"}],"curies":[{"name":"wp","href":"https:\/\/api.w.org\/{rel}","templated":true}]}}