{"id":2439,"date":"2024-09-26T17:03:04","date_gmt":"2024-09-26T14:03:04","guid":{"rendered":"https:\/\/globalhotel.com.tr\/urun\/gift-wooden-boxes\/"},"modified":"2025-04-14T18:43:01","modified_gmt":"2025-04-14T15:43:01","slug":"gift-wooden-boxes","status":"publish","type":"product","link":"https:\/\/globalhotel.com.tr\/en\/urun\/gift-wooden-boxes\/","title":{"rendered":"Gift wooden box"},"content":{"rendered":"<h2 class=\"product-title product_title entry-title\"><strong>Hediyelik Ah\u015fap Kutu<\/strong><\/h2>\n<p data-start=\"86\" data-end=\"578\">Otelinizde misafirlerinize sunaca\u011f\u0131n\u0131z \u00f6zel ikramlar\u0131 veya de\u011ferli e\u015fyalar\u0131 saklamak i\u00e7in estetik ve fonksiyonelli\u011fi bir arada sunan <a href=\"https:\/\/globalhotel.com.tr\/en\/\"><strong data-start=\"219\" data-end=\"243\">hediyelik ah\u015fap kutu<\/strong><\/a>, \u015f\u0131kl\u0131\u011f\u0131 ve do\u011fall\u0131\u011f\u0131 ile \u00f6ne \u00e7\u0131k\u0131yor. \u00d6zel tasar\u0131m\u0131 sayesinde her ortama uyum sa\u011flayan bu kutular, otelinizin prestijini art\u0131r\u0131rken misafirlerinize unutulmaz bir deneyim sunar. <\/p>\n<p data-start=\"86\" data-end=\"578\">Farkl\u0131 boyut ve modellerde \u00fcretilen ah\u015fap kutular, \u00e7ay, kahve, lokum, \u00e7ikolata gibi ikraml\u0131klar\u0131n yan\u0131 s\u0131ra \u00f6zel e\u015fyalar\u0131n muhafazas\u0131nda da tercih edilir.<\/p>\n<p data-start=\"580\" data-end=\"1161\" data-is-last-node=\"\" data-is-only-node=\"\">Dayan\u0131kl\u0131 malzemelerden \u00fcretilen bu <strong data-start=\"616\" data-end=\"643\">hediyelik ah\u015fap kutular<\/strong>, uzun \u00f6m\u00fcrl\u00fc yap\u0131lar\u0131 sayesinde y\u0131llarca kullan\u0131labilir. Saten i\u00e7 kaplamal\u0131 veya oymal\u0131 modeller, otelinize zarif bir dokunu\u015f katar. Ayn\u0131 zamanda lazer kaz\u0131ma y\u00f6ntemiyle logo ve \u00f6zel tasar\u0131mlar eklenerek markan\u0131z\u0131n prestijini art\u0131rabilirsiniz.  <\/p>\n<p data-start=\"580\" data-end=\"1161\" data-is-last-node=\"\" data-is-only-node=\"\">Otel misafirleri i\u00e7in \u00f6zel kar\u015f\u0131lama kitleri, VIP odalar veya d\u00fc\u011f\u00fcn, etkinlik gibi organizasyonlarda sunulabilecek ideal bir promosyon \u00fcr\u00fcn\u00fcd\u00fcr. Hem dekoratif hem de i\u015flevsel olan bu kutular, do\u011fall\u0131\u011f\u0131 ve s\u0131cakl\u0131\u011f\u0131 ile misafirlerinize kaliteli bir konaklama deneyimi sunar. <\/p>\n","protected":false},"excerpt":{"rendered":"<p><strong>Gift wooden box<\/strong> is a perfect option for special presentations with its stylish and durable design. Made of natural wood, it attracts attention with its elegant and aesthetic appearance. Ideal for hotels, corporate businesses and special organizations, this box can be used for presenting various gift accessories, care sets or promotional presentations. Available in different sizes and designs, the wooden box ensures the safe storage of the contents and can be personalized with special printing or logo applications. This product fits both classic and modern concepts and is the perfect alternative for a prestigious gift presentation.    <\/p>\n<ul>\n<li><strong>Size:<\/strong> 175 x 420 x 70 mm<\/li>\n<li><strong>Weight:<\/strong> 1,100 Gr.<\/li>\n<\/ul>\n<div id=\"254C497F_ED5F_539E_BF08_9192F9A99B64\"><\/div>\n<div id=\"254C497F_ED5F_539E_BF08_9192F9A99B64\"><\/div>\n","protected":false},"featured_media":1897,"comment_status":"open","ping_status":"closed","template":"","meta":{"inline_featured_image":false},"product_brand":[],"product_cat":[85,113],"product_tag":[],"class_list":{"0":"post-2439","1":"product","2":"type-product","3":"status-publish","4":"has-post-thumbnail","6":"product_cat-boucle-materials","7":"product_cat-pl-wooden-boxes","8":"tm-has-options","10":"first","11":"instock","12":"shipping-taxable","13":"product-type-simple"},"_links":{"self":[{"href":"https:\/\/globalhotel.com.tr\/en\/wp-json\/wp\/v2\/product\/2439","targetHints":{"allow":["GET"]}}],"collection":[{"href":"https:\/\/globalhotel.com.tr\/en\/wp-json\/wp\/v2\/product"}],"about":[{"href":"https:\/\/globalhotel.com.tr\/en\/wp-json\/wp\/v2\/types\/product"}],"replies":[{"embeddable":true,"href":"https:\/\/globalhotel.com.tr\/en\/wp-json\/wp\/v2\/comments?post=2439"}],"wp:featuredmedia":[{"embeddable":true,"href":"https:\/\/globalhotel.com.tr\/en\/wp-json\/wp\/v2\/media\/1897"}],"wp:attachment":[{"href":"https:\/\/globalhotel.com.tr\/en\/wp-json\/wp\/v2\/media?parent=2439"}],"wp:term":[{"taxonomy":"product_brand","embeddable":true,"href":"https:\/\/globalhotel.com.tr\/en\/wp-json\/wp\/v2\/product_brand?post=2439"},{"taxonomy":"product_cat","embeddable":true,"href":"https:\/\/globalhotel.com.tr\/en\/wp-json\/wp\/v2\/product_cat?post=2439"},{"taxonomy":"product_tag","embeddable":true,"href":"https:\/\/globalhotel.com.tr\/en\/wp-json\/wp\/v2\/product_tag?post=2439"}],"curies":[{"name":"wp","href":"https:\/\/api.w.org\/{rel}","templated":true}]}}