{"id":2435,"date":"2024-09-26T17:03:03","date_gmt":"2024-09-26T14:03:03","guid":{"rendered":"https:\/\/globalhotel.com.tr\/urun\/75-ml-bottle-001\/"},"modified":"2025-04-14T12:42:09","modified_gmt":"2025-04-14T09:42:09","slug":"75-ml-bottle-001","status":"publish","type":"product","link":"https:\/\/globalhotel.com.tr\/en\/urun\/75-ml-bottle-001\/","title":{"rendered":"75 ML Bottle &#8211; 001"},"content":{"rendered":"<h2 class=\"product-title product_title entry-title\"><strong>75 ML \u015ei\u015fe<\/strong><\/h2>\n<p>Otel i\u015fletmecili\u011finde estetik ve fonksiyonellik bir arada olmal\u0131d\u0131r. M\u00fc\u015fterilerinizin konforunu \u00f6n planda tutarken ayn\u0131 zamanda \u015f\u0131kl\u0131\u011f\u0131 da g\u00f6z \u00f6n\u00fcnde bulundurman\u0131z, her detayda kaliteyi yakalamak i\u00e7in \u00f6nemlidir. Bu noktada,<a href=\"https:\/\/globalhotel.com.tr\/en\/\"><strong> 75 ml \u015fi\u015fe<\/strong><\/a>, hem estetik hem de pratik kullan\u0131m sunarak otel odalar\u0131n\u0131zda \u015f\u0131kl\u0131\u011f\u0131 art\u0131racak bir \u00fcr\u00fcn olarak \u00f6ne \u00e7\u0131kmaktad\u0131r.  <\/p>\n<p><strong>\u015e\u0131k Tasar\u0131m ve Y\u00fcksek Kalite<\/strong> Saten \u015fi\u015fe, \u015f\u0131kl\u0131\u011f\u0131 ve zarif tasar\u0131m\u0131 ile otel odalar\u0131n\u0131za modern bir dokunu\u015f ekler. Y\u00fcksek kaliteli saten malzeme ile \u00fcretilen bu \u015fi\u015fe, hem g\u00f6rsel olarak dikkat \u00e7eker hem de sa\u011flam yap\u0131s\u0131yla uzun \u00f6m\u00fcrl\u00fcd\u00fcr. \u0130nce detaylarla i\u015flenmi\u015f d\u0131\u015f y\u00fczeyi, otel odalar\u0131ndaki zarafeti tamamlarken, \u015fi\u015fenin hafifli\u011fi ve ergonomik yap\u0131s\u0131 kullan\u0131m\u0131 kolayla\u015ft\u0131r\u0131r.  <\/p>\n<p><strong>Pratik ve Kullan\u0131\u015fl\u0131<\/strong> 75 ml hacmindeki bu \u015fi\u015fe, konuklar\u0131n\u0131z i\u00e7in m\u00fckemmel bir kullan\u0131m sunar. \u015ei\u015fenin ideal boyutu, \u00f6zellikle \u015fampuan, du\u015f jeli, v\u00fccut losyonu gibi ki\u015fisel bak\u0131m \u00fcr\u00fcnlerini depolamak i\u00e7in uygundur. Ayn\u0131 zamanda ta\u015f\u0131nmas\u0131 son derece pratik olup, konuklar\u0131n ihtiya\u00e7lar\u0131na h\u0131zl\u0131ca ula\u015fmalar\u0131n\u0131 sa\u011flar. Bu \u00fcr\u00fcn, sadece otel odalar\u0131nda de\u011fil, spa merkezlerinde, saunada veya havuz ba\u015flar\u0131nda da rahatl\u0131kla kullan\u0131labilir.   <\/p>\n<p><strong>Hijyenik ve Dayan\u0131kl\u0131<\/strong> Otel malzemelerinde hijyenin \u00f6nemi b\u00fcy\u00fckt\u00fcr. 75 ml saten \u015fi\u015fe, s\u0131zd\u0131rmaz \u00f6zellikleri sayesinde \u00fcr\u00fcnlerin g\u00fcvenli bir \u015fekilde muhafaza edilmesini sa\u011flar. \u015ei\u015fenin a\u011fz\u0131, kolayca a\u00e7\u0131l\u0131p kapanabilen bir mekanizma ile donat\u0131lm\u0131\u015ft\u0131r ve i\u00e7eri\u011fin g\u00fcvenli bir \u015fekilde korunmas\u0131n\u0131 sa\u011flar. Ayn\u0131 zamanda \u015fi\u015fe, uzun s\u00fcreli kullan\u0131mda dayan\u0131kl\u0131d\u0131r, \u00e7izilmelere kar\u015f\u0131 diren\u00e7lidir ve y\u0131llar boyu kullan\u0131labilir.   <\/p>\n","protected":false},"excerpt":{"rendered":"<p><span style=\"color: #000000;\"><strong>75 ML bottle<\/strong>, It is a stylish, practical and functional packaging solution for hotel and corporate work. It provides hygienic and safe storage of shampoo, shower gel, lotion, cream and other liquids. The medium-sized design offers the advantage of ease of use and portability, saves space and looks stylish at the same time. Made of high quality plastic or glass, this bottle is durable and leak-proof, making it suitable for long-lasting use. The ergonomic design ensures controlled spillage and prevents waste. The 75 ML bottle creates an aesthetic detail and enhances the elegance of hotel bathroom areas or spa facilities. Customizable with your business logo or special designs, this bottle reinforces the professional and quality image of your brand and offers an excellent experience to your guests.      <\/span><\/p>\n<p><span style=\"color: #000000;\">We have a wide range of empty bottles in different sizes and designs for cosmetic bottles. You can contact us for information about our wholesale and retail sales and for the best prices. <\/span><\/p>\n","protected":false},"featured_media":1879,"comment_status":"open","ping_status":"closed","template":"","meta":{"inline_featured_image":false},"product_brand":[],"product_cat":[85,116],"product_tag":[],"class_list":{"0":"post-2435","1":"product","2":"type-product","3":"status-publish","4":"has-post-thumbnail","6":"product_cat-boucle-materials","7":"product_cat-cosmetic-bottles","8":"tm-has-options","10":"first","11":"instock","12":"shipping-taxable","13":"product-type-simple"},"_links":{"self":[{"href":"https:\/\/globalhotel.com.tr\/en\/wp-json\/wp\/v2\/product\/2435","targetHints":{"allow":["GET"]}}],"collection":[{"href":"https:\/\/globalhotel.com.tr\/en\/wp-json\/wp\/v2\/product"}],"about":[{"href":"https:\/\/globalhotel.com.tr\/en\/wp-json\/wp\/v2\/types\/product"}],"replies":[{"embeddable":true,"href":"https:\/\/globalhotel.com.tr\/en\/wp-json\/wp\/v2\/comments?post=2435"}],"wp:featuredmedia":[{"embeddable":true,"href":"https:\/\/globalhotel.com.tr\/en\/wp-json\/wp\/v2\/media\/1879"}],"wp:attachment":[{"href":"https:\/\/globalhotel.com.tr\/en\/wp-json\/wp\/v2\/media?parent=2435"}],"wp:term":[{"taxonomy":"product_brand","embeddable":true,"href":"https:\/\/globalhotel.com.tr\/en\/wp-json\/wp\/v2\/product_brand?post=2435"},{"taxonomy":"product_cat","embeddable":true,"href":"https:\/\/globalhotel.com.tr\/en\/wp-json\/wp\/v2\/product_cat?post=2435"},{"taxonomy":"product_tag","embeddable":true,"href":"https:\/\/globalhotel.com.tr\/en\/wp-json\/wp\/v2\/product_tag?post=2435"}],"curies":[{"name":"wp","href":"https:\/\/api.w.org\/{rel}","templated":true}]}}