{"id":2434,"date":"2024-09-26T17:03:03","date_gmt":"2024-09-26T14:03:03","guid":{"rendered":"https:\/\/globalhotel.com.tr\/urun\/50-ml-bottle-001\/"},"modified":"2025-04-14T12:20:35","modified_gmt":"2025-04-14T09:20:35","slug":"50-ml-bottle-001","status":"publish","type":"product","link":"https:\/\/globalhotel.com.tr\/en\/urun\/50-ml-bottle-001\/","title":{"rendered":"50 ML Bottle &#8211; 001"},"content":{"rendered":"<h2 class=\"product-title product_title entry-title\"><strong>50 ML \u015ei\u015fe<\/strong><\/h2>\n<p>Otel sekt\u00f6r\u00fcnde misafir memnuniyetini en \u00fcst d\u00fczeyde tutmak, her detay\u0131n \u00f6zenle se\u00e7ilmesini gerektirir. Bu ba\u011flamda, hijyen ve konforun yan\u0131 s\u0131ra estetik de b\u00fcy\u00fck \u00f6nem ta\u015f\u0131r.<strong><a href=\"https:\/\/globalhotel.com.tr\/en\/\"> 50 ML \u015fi\u015fe<\/a><\/strong>, otel odalar\u0131nda \u015f\u0131kl\u0131\u011f\u0131 ve kullan\u0131\u015fl\u0131l\u0131\u011f\u0131 bir arada sunan m\u00fckemmel bir se\u00e7enektir. \u0130ster banyo malzemeleri, ister ki\u015fisel bak\u0131m \u00fcr\u00fcnleri i\u00e7in kullan\u0131ls\u0131n, bu \u015fi\u015fe, hem misafirlere hem de otel i\u015fletmecilerine b\u00fcy\u00fck kolayl\u0131k sa\u011flar.  <\/p>\n<h2><strong>\u015e\u0131k ve Kullan\u0131\u015fl\u0131 Tasar\u0131m<\/strong><\/h2>\n<p>50 ML \u015fi\u015fe, minimalist ve \u015f\u0131k tasar\u0131m\u0131yla her otel odas\u0131na uyum sa\u011flar. \u015ei\u015fenin zarif yap\u0131s\u0131, otel odalar\u0131n\u0131n dekorasyonuna katk\u0131 sunar, ayr\u0131ca misafirlere premium bir deneyim sunar. \u015ei\u015fenin hafif ve kompakt yap\u0131s\u0131, otel odalar\u0131nda kullan\u0131m kolayl\u0131\u011f\u0131 sa\u011flar, ayn\u0131 zamanda seyahat eden misafirler i\u00e7in pratik bir se\u00e7enek olu\u015fturur.  <\/p>\n<h3><strong>Hijyenik ve G\u00fcvenli Kullan\u0131m<\/strong><\/h3>\n<p>Bu 50 ML \u015fi\u015feler, y\u00fcksek kaliteli plastikten \u00fcretilmi\u015ftir. \u015ei\u015fenin tasar\u0131m\u0131, i\u00e7eriklerin s\u0131zmas\u0131n\u0131 engeller ve misafirlere temiz bir kullan\u0131m sunar. \u015ei\u015felerin kapaklar\u0131, i\u00e7eriklerin g\u00fcvenli bir \u015fekilde korunmas\u0131na yard\u0131mc\u0131 olur. Hijyen standartlar\u0131na uygun olarak \u00fcretilen bu \u015fi\u015feler, otel odalar\u0131nda g\u00fcvenle kullan\u0131labilir.   <\/p>\n<h3><strong>\u00c7e\u015fitli Kullan\u0131m Alanlar\u0131<\/strong><\/h3>\n<p>50 ML \u015fi\u015fe, birden fazla kullan\u0131m alan\u0131na sahip olup, otel odalar\u0131nda \u00e7e\u015fitli \u00fcr\u00fcnler i\u00e7in ideal bir depolama \u00e7\u00f6z\u00fcm\u00fc sunar. \u015eampuan, sa\u00e7 kremi, v\u00fccut losyonu, du\u015f jeli, el kremi ve benzeri \u00fcr\u00fcnler i\u00e7in m\u00fckemmel bir tercihtir. Misafirlerin ihtiya\u00e7lar\u0131na g\u00f6re i\u00e7eriklerinizi rahat\u00e7a bu \u015fi\u015felere koyabilir, otel odalar\u0131nda yer tasarrufu sa\u011flayabilirsiniz.  <\/p>\n","protected":false},"excerpt":{"rendered":"<p><span style=\"color: #000000;\"><strong>50 ML Bottle<\/strong>, is the perfect packaging solution for hotel and corporate work. It allows hygienic and safe protection of liquids such as soap, shampoo, shower gel, lotion, cream. The medium-sized design offers the advantage of both ease of use and portability. Made of high quality plastic or glass, this bottle is durable and leak-proof, making it unbreakable and safe to store. The ergonomic design allows for controlled pouring, preventing waste. The 50 ML bottle stands out in hotel bathroom areas or spa facilities with its elegance and solvency. Customizable with your business logos or special messages, this bottle enriches the quality and professional image of your brand and offers a comfortable experience to your guests.      <\/span><\/p>\n<p><span style=\"color: #000000;\">We have a wide range of empty bottles in different sizes and designs for cosmetic bottles. You can contact us for information about our wholesale and retail sales and for the best prices. <\/span><\/p>\n","protected":false},"featured_media":1873,"comment_status":"open","ping_status":"closed","template":"","meta":{"inline_featured_image":false},"product_brand":[],"product_cat":[85,116],"product_tag":[],"class_list":{"0":"post-2434","1":"product","2":"type-product","3":"status-publish","4":"has-post-thumbnail","6":"product_cat-boucle-materials","7":"product_cat-cosmetic-bottles","8":"tm-has-options","10":"first","11":"instock","12":"shipping-taxable","13":"product-type-simple"},"_links":{"self":[{"href":"https:\/\/globalhotel.com.tr\/en\/wp-json\/wp\/v2\/product\/2434","targetHints":{"allow":["GET"]}}],"collection":[{"href":"https:\/\/globalhotel.com.tr\/en\/wp-json\/wp\/v2\/product"}],"about":[{"href":"https:\/\/globalhotel.com.tr\/en\/wp-json\/wp\/v2\/types\/product"}],"replies":[{"embeddable":true,"href":"https:\/\/globalhotel.com.tr\/en\/wp-json\/wp\/v2\/comments?post=2434"}],"wp:featuredmedia":[{"embeddable":true,"href":"https:\/\/globalhotel.com.tr\/en\/wp-json\/wp\/v2\/media\/1873"}],"wp:attachment":[{"href":"https:\/\/globalhotel.com.tr\/en\/wp-json\/wp\/v2\/media?parent=2434"}],"wp:term":[{"taxonomy":"product_brand","embeddable":true,"href":"https:\/\/globalhotel.com.tr\/en\/wp-json\/wp\/v2\/product_brand?post=2434"},{"taxonomy":"product_cat","embeddable":true,"href":"https:\/\/globalhotel.com.tr\/en\/wp-json\/wp\/v2\/product_cat?post=2434"},{"taxonomy":"product_tag","embeddable":true,"href":"https:\/\/globalhotel.com.tr\/en\/wp-json\/wp\/v2\/product_tag?post=2434"}],"curies":[{"name":"wp","href":"https:\/\/api.w.org\/{rel}","templated":true}]}}