{"id":2432,"date":"2024-09-26T17:03:03","date_gmt":"2024-09-26T14:03:03","guid":{"rendered":"https:\/\/globalhotel.com.tr\/urun\/55-ml-bottle-001\/"},"modified":"2025-04-14T12:22:17","modified_gmt":"2025-04-14T09:22:17","slug":"55-ml-bottle-001","status":"publish","type":"product","link":"https:\/\/globalhotel.com.tr\/en\/urun\/55-ml-bottle-001\/","title":{"rendered":"55 ML Bottle &#8211; 001"},"content":{"rendered":"<h2 class=\"product-title product_title entry-title\"><strong>55 ML \u015ei\u015fe<\/strong><\/h2>\n<p>Otel i\u015fletmelerinde misafirlerin konforunu art\u0131rmak, ayn\u0131 zamanda \u015f\u0131kl\u0131\u011f\u0131 yakalamak olduk\u00e7a \u00f6nemlidir. <strong><a href=\"https:\/\/globalhotel.com.tr\/en\/\">55 ml \u015fi\u015fe<\/a><\/strong>, hem fonksiyonel hem de estetik a\u00e7\u0131dan otel odalar\u0131nda, banyolarda ve spa alanlar\u0131nda kullan\u0131lmak \u00fczere m\u00fckemmel bir se\u00e7enektir. Bu \u015fi\u015fe, sadece i\u00e7eri\u011fi de\u011fil, tasar\u0131m\u0131 ile de dikkatleri \u00fczerine \u00e7eker. \u0130nce detaylarla i\u015flenmi\u015f y\u00fczeyi ve modern \u00e7izgileri sayesinde, otel odalar\u0131n\u0131zda l\u00fcks bir atmosfer yarat\u0131r.   <\/p>\n<h3><strong>Estetik Tasar\u0131m ve Kaliteli Malzeme<\/strong><\/h3>\n<p>\u015ei\u015fenin saten dokusu, ona zarif bir g\u00f6r\u00fcn\u00fcm kazand\u0131r\u0131r. Hafif mat y\u00fczey, \u0131\u015f\u0131\u011f\u0131n yans\u0131mas\u0131n\u0131 kontrol ederek sade ama \u015f\u0131k bir estetik sunar. Plastik ya da cam gibi di\u011fer materyallerle k\u0131yasland\u0131\u011f\u0131nda, saten \u015fi\u015fe daha modern ve sofistike bir his uyand\u0131r\u0131r. Hem sa\u011flam hem de hafif olan bu \u015fi\u015fe, uzun s\u00fcreli kullan\u0131ma uygun olup, otel misafirlerinize g\u00fcvenli bir deneyim sunar.   <\/p>\n<h2><strong>Kullan\u0131m Kolayl\u0131\u011f\u0131 ve Ta\u015f\u0131ma Pratikli\u011fi<\/strong><\/h2>\n<p>55 ml kapasitesi, hem seyahatler i\u00e7in ideal hem de otel odalar\u0131ndaki kullan\u0131m i\u00e7in uygun b\u00fcy\u00fckl\u00fckte bir \u015fi\u015fedir. S\u0131v\u0131 sabun, \u015fampuan, v\u00fccut losyonu ya da du\u015f jeli gibi \u00fcr\u00fcnleri depolamak i\u00e7in m\u00fckemmeldir. Kullan\u0131m\u0131 son derece pratik olan bu \u015fi\u015fe, misafirlere her kullan\u0131mda rahatl\u0131k sa\u011flar. Ayr\u0131ca, kompakt yap\u0131s\u0131 sayesinde ta\u015f\u0131mas\u0131 kolayd\u0131r, bu da seyahat eden misafirler i\u00e7in \u00f6nemli bir avantajd\u0131r.   <\/p>\n<h3><strong>\u00c7evre Dostu ve Ekonomik Se\u00e7enek<\/strong><\/h3>\n<p>Saten \u015fi\u015fenin yeniden doldurulabilir olmas\u0131, \u00e7evre dostu bir \u00e7\u00f6z\u00fcm sunar. Bir kez sat\u0131n al\u0131nd\u0131\u011f\u0131nda, uzun s\u00fcre kullan\u0131labilir ve otel i\u015fletmeleri i\u00e7in maliyetleri d\u00fc\u015f\u00fcr\u00fcr. Ayn\u0131 zamanda bu \u015fi\u015fe, \u00e7evresel etkilerini en aza indirgemek isteyen oteller i\u00e7in ideal bir \u00fcr\u00fcnd\u00fcr. \u015ei\u015fenin kullan\u0131m s\u00fcresi boyunca, otel sahipleri ve y\u00f6neticileri hem estetik hem de ekonomik a\u00e7\u0131dan avantaj elde ederler.   <\/p>\n","protected":false},"excerpt":{"rendered":"<div class=\"flex-shrink-0 flex flex-col relative items-end\">\n<div>\n<div class=\"pt-0\">\n<div class=\"gizmo-bot-avatar flex h-8 w-8 items-center justify-center overflow-hidden rounded-full\">\n<div class=\"relative p-1 rounded-sm flex items-center justify-center bg-token-main-surface-primary text-token-text-primary h-8 w-8\"><span style=\"color: #000000;\"><strong>55 ML Bottle<\/strong>, is an ideal packaging solution for hotel and corporate activities. It provides hygienic, safe and secure protection of shampoos, shower gels, lotions, creams and other liquids. The medium-sized design offers the advantage of ease of use and portability, while providing a sleek look with a minimal footprint. Made of high quality plastic or glass, this bottle is durable and leak-proof, making it suitable for long-lasting use. The 55 ML bottle is perfect for use in hotel bathrooms or spa facilities. Customizable with your business logo or special designs, this bottle enhances the quality and professional image of your brand and offers a great experience to your guests.     <\/span><\/div>\n<\/div>\n<\/div>\n<\/div>\n<\/div>\n<div class=\"group\/conversation-turn relative flex w-full min-w-0 flex-col agent-turn\">\n<div class=\"flex-col gap-1 md:gap-3\">\n<div class=\"flex max-w-full flex-col flex-grow\">\n<div class=\"min-h-8 text-message flex w-full flex-col items-end gap-2 whitespace-normal break-words text-start [.text-message+&amp;]:mt-5\" dir=\"auto\" data-message-author-role=\"assistant\" data-message-id=\"dba43797-ae7a-4181-902c-be8495377ec2\" data-message-model-slug=\"gpt-4o-mini\">\n<div class=\"flex w-full flex-col gap-1 empty:hidden first:pt-[3px]\">\n<div class=\"markdown prose w-full break-words dark:prose-invert dark\">\n<p>&nbsp;<\/p>\n<\/div>\n<\/div>\n<\/div>\n<\/div>\n<\/div>\n<\/div>\n<p><span style=\"color: #000000;\">We have a wide range of empty bottles in different sizes and designs for cosmetic bottles. You can contact us for information about our wholesale and retail sales and for the best prices. <\/span><\/p>\n","protected":false},"featured_media":1874,"comment_status":"open","ping_status":"closed","template":"","meta":{"inline_featured_image":false},"product_brand":[],"product_cat":[85,116],"product_tag":[],"class_list":{"0":"post-2432","1":"product","2":"type-product","3":"status-publish","4":"has-post-thumbnail","6":"product_cat-boucle-materials","7":"product_cat-cosmetic-bottles","8":"tm-has-options","10":"first","11":"instock","12":"shipping-taxable","13":"product-type-simple"},"_links":{"self":[{"href":"https:\/\/globalhotel.com.tr\/en\/wp-json\/wp\/v2\/product\/2432","targetHints":{"allow":["GET"]}}],"collection":[{"href":"https:\/\/globalhotel.com.tr\/en\/wp-json\/wp\/v2\/product"}],"about":[{"href":"https:\/\/globalhotel.com.tr\/en\/wp-json\/wp\/v2\/types\/product"}],"replies":[{"embeddable":true,"href":"https:\/\/globalhotel.com.tr\/en\/wp-json\/wp\/v2\/comments?post=2432"}],"wp:featuredmedia":[{"embeddable":true,"href":"https:\/\/globalhotel.com.tr\/en\/wp-json\/wp\/v2\/media\/1874"}],"wp:attachment":[{"href":"https:\/\/globalhotel.com.tr\/en\/wp-json\/wp\/v2\/media?parent=2432"}],"wp:term":[{"taxonomy":"product_brand","embeddable":true,"href":"https:\/\/globalhotel.com.tr\/en\/wp-json\/wp\/v2\/product_brand?post=2432"},{"taxonomy":"product_cat","embeddable":true,"href":"https:\/\/globalhotel.com.tr\/en\/wp-json\/wp\/v2\/product_cat?post=2432"},{"taxonomy":"product_tag","embeddable":true,"href":"https:\/\/globalhotel.com.tr\/en\/wp-json\/wp\/v2\/product_tag?post=2432"}],"curies":[{"name":"wp","href":"https:\/\/api.w.org\/{rel}","templated":true}]}}