{"id":2431,"date":"2024-09-26T17:03:03","date_gmt":"2024-09-26T14:03:03","guid":{"rendered":"https:\/\/globalhotel.com.tr\/urun\/55-ml-bottle-002\/"},"modified":"2025-04-14T12:24:32","modified_gmt":"2025-04-14T09:24:32","slug":"55-ml-bottle-002","status":"publish","type":"product","link":"https:\/\/globalhotel.com.tr\/en\/urun\/55-ml-bottle-002\/","title":{"rendered":"55 ML Bottle &#8211; 002"},"content":{"rendered":"<h2 class=\"product-title product_title entry-title\"><strong>55 ML Bottle<\/strong><\/h2>\n<p>Otel, spa ve g\u00fczellik merkezleri i\u00e7in vazge\u00e7ilmez bir \u00fcr\u00fcn olan <a href=\"https:\/\/globalhotel.com.tr\/en\/\"><strong>55 ML \u015fi\u015fe<\/strong><\/a>, \u015f\u0131kl\u0131\u011f\u0131 ve pratikli\u011fiyle her t\u00fcr ihtiyaca cevap verir. \u00d6zellikle hijyenik \u00fcr\u00fcnlerin, v\u00fccut bak\u0131m \u00fcr\u00fcnlerinin, parf\u00fcm ve losyonlar\u0131n saklanmas\u0131 i\u00e7in ideal bir \u00e7\u00f6z\u00fcmd\u00fcr. \u015eeffaf ve estetik g\u00f6r\u00fcn\u00fcme sahip olan bu \u015fi\u015fe, i\u00e7eri\u011fin kolayca g\u00f6r\u00fclmesine imkan tan\u0131rken, kullan\u0131c\u0131lara \u015f\u0131kl\u0131k da sunar.  <\/p>\n<h2><strong>High Quality and Durability<\/strong><\/h2>\n<p>Bu \u015fi\u015fe, dayan\u0131kl\u0131 ve kaliteli malzemelerden \u00fcretilmi\u015ftir. Hem \u015feffafl\u0131k hem de dayan\u0131kl\u0131l\u0131k a\u00e7\u0131s\u0131ndan m\u00fckemmel performans sergileyen bu \u00fcr\u00fcn, ta\u015f\u0131ma ve kullan\u0131m s\u0131ras\u0131nda d\u0131\u015f etkenlere kar\u015f\u0131 son derece diren\u00e7lidir. Cam veya plastik \u015fi\u015felerle k\u0131yasland\u0131\u011f\u0131nda, saten y\u00fczeyi ve ergonomik yap\u0131s\u0131yla uzun \u00f6m\u00fcrl\u00fcd\u00fcr. Otel odalar\u0131n\u0131zda, masaj salonlar\u0131n\u0131zda ya da spa alanlar\u0131n\u0131zda kullanmak i\u00e7in m\u00fckemmel bir tercihtir.   <\/p>\n<h3><strong>\u00c7e\u015fitli Kullan\u0131m Alanlar\u0131<\/strong><\/h3>\n<p>55 ML \u015fi\u015fe, geni\u015f kullan\u0131m alan\u0131 sunar. Otel odalar\u0131ndaki ki\u015fisel bak\u0131m \u00fcr\u00fcnleri, banyo \u015fampuan\u0131, v\u00fccut losyonu, el kremi ve parf\u00fcm gibi \u00fcr\u00fcnlerin hijyenik ve estetik bir \u015fekilde sunulmas\u0131 i\u00e7in uygundur. Ayn\u0131 zamanda spa merkezlerinde de kullan\u0131labilir. Minimalist tasar\u0131m\u0131 sayesinde \u015fi\u015fe, otel odalar\u0131n\u0131n dekorasyonuna da uyum sa\u011flar.   <\/p>\n<h3><strong>Kullan\u0131m Kolayl\u0131\u011f\u0131<\/strong><\/h3>\n<p>Sadece \u015f\u0131k bir g\u00f6r\u00fcnt\u00fc sunmakla kalmaz, kullan\u0131m a\u00e7\u0131s\u0131ndan da olduk\u00e7a pratiktir. K\u00fc\u00e7\u00fck boyutu sayesinde, \u015fi\u015feyi elinize al\u0131p kullanmak son derece kolayd\u0131r. \u00dcr\u00fcn, damlatma ve d\u00f6kme esnas\u0131nda rahatl\u0131kla kontrol edilebilen bir mekanizmaya sahip olup, istenilen miktar\u0131n tam olarak al\u0131nmas\u0131n\u0131 sa\u011flar. Ayr\u0131ca, saten y\u00fczeyi sayesinde \u015fi\u015fenin kaymas\u0131n\u0131 engeller ve g\u00fcvenli bir kullan\u0131m sa\u011flar.   <\/p>\n","protected":false},"excerpt":{"rendered":"<p><span style=\"color: #000000;\"><strong>55 ML Bottle<\/strong>, is an ideal packaging solution for hotel and corporate activities. It provides hygienic, safe and secure protection of shampoos, shower gels, lotions, creams and other liquids. The medium-sized design offers the advantage of ease of use and portability, while providing a sleek look with a minimal footprint. Made of high quality plastic or glass, this bottle is durable and leak-proof, making it suitable for long-lasting use. The 55 ML bottle is perfect for use in hotel bathrooms or spa facilities. Customizable with your business logo or special designs, this bottle enhances the quality and professional image of your brand and offers a great experience to your guests.     <\/span><\/p>\n<p><span style=\"color: #000000;\">We have a wide range of empty bottles in different sizes and designs for cosmetic bottles. You can contact us for information about our wholesale and retail sales and for the best prices. <\/span><\/p>\n","protected":false},"featured_media":1875,"comment_status":"open","ping_status":"closed","template":"","meta":{"inline_featured_image":false},"product_brand":[],"product_cat":[85,116],"product_tag":[],"class_list":{"0":"post-2431","1":"product","2":"type-product","3":"status-publish","4":"has-post-thumbnail","6":"product_cat-boucle-materials","7":"product_cat-cosmetic-bottles","8":"tm-has-options","10":"first","11":"instock","12":"shipping-taxable","13":"product-type-simple"},"_links":{"self":[{"href":"https:\/\/globalhotel.com.tr\/en\/wp-json\/wp\/v2\/product\/2431","targetHints":{"allow":["GET"]}}],"collection":[{"href":"https:\/\/globalhotel.com.tr\/en\/wp-json\/wp\/v2\/product"}],"about":[{"href":"https:\/\/globalhotel.com.tr\/en\/wp-json\/wp\/v2\/types\/product"}],"replies":[{"embeddable":true,"href":"https:\/\/globalhotel.com.tr\/en\/wp-json\/wp\/v2\/comments?post=2431"}],"wp:featuredmedia":[{"embeddable":true,"href":"https:\/\/globalhotel.com.tr\/en\/wp-json\/wp\/v2\/media\/1875"}],"wp:attachment":[{"href":"https:\/\/globalhotel.com.tr\/en\/wp-json\/wp\/v2\/media?parent=2431"}],"wp:term":[{"taxonomy":"product_brand","embeddable":true,"href":"https:\/\/globalhotel.com.tr\/en\/wp-json\/wp\/v2\/product_brand?post=2431"},{"taxonomy":"product_cat","embeddable":true,"href":"https:\/\/globalhotel.com.tr\/en\/wp-json\/wp\/v2\/product_cat?post=2431"},{"taxonomy":"product_tag","embeddable":true,"href":"https:\/\/globalhotel.com.tr\/en\/wp-json\/wp\/v2\/product_tag?post=2431"}],"curies":[{"name":"wp","href":"https:\/\/api.w.org\/{rel}","templated":true}]}}