{"id":2423,"date":"2024-09-26T17:03:04","date_gmt":"2024-09-26T14:03:04","guid":{"rendered":"https:\/\/globalhotel.com.tr\/urun\/plexi-soap-dispenser-01\/"},"modified":"2025-04-14T19:37:47","modified_gmt":"2025-04-14T16:37:47","slug":"plexi-soap-dispenser-01","status":"publish","type":"product","link":"https:\/\/globalhotel.com.tr\/en\/urun\/plexi-soap-dispenser-01\/","title":{"rendered":"Plexi Soap Dispenser &#8211; 01"},"content":{"rendered":"<h2 data-start=\"0\" data-end=\"76\"><strong data-start=\"0\" data-end=\"74\">Pleksi Sabunluk<\/strong><\/h2>\n<p data-start=\"78\" data-end=\"492\">Otel, restoran, kafe, spa ve bir\u00e7ok i\u015fletmede hijyen, m\u00fc\u015fteri memnuniyetinin en \u00f6nemli unsurlar\u0131ndan biridir. \u015e\u0131k ve modern bir tasar\u0131m sunan <a href=\"https:\/\/globalhotel.com.tr\/en\/\"><strong data-start=\"220\" data-end=\"239\">pleksi sabunluk<\/strong><\/a>, estetik g\u00f6r\u00fcn\u00fcm\u00fc ve dayan\u0131kl\u0131 yap\u0131s\u0131yla uzun \u00f6m\u00fcrl\u00fc bir kullan\u0131m sa\u011flar. Pleksi malzeme, cam\u0131n zarif g\u00f6r\u00fcnt\u00fcs\u00fcn\u00fc sunarken, k\u0131r\u0131lmaya kar\u015f\u0131 dayan\u0131kl\u0131 ve hafif olmas\u0131yla da b\u00fcy\u00fck avantaj sa\u011flar. Bu sayede hem \u015f\u0131k hem de pratik bir hijyen \u00e7\u00f6z\u00fcm\u00fc sunar.   <\/p>\n<p data-start=\"494\" data-end=\"991\">Pleksi sabunluklar, s\u0131v\u0131 sabun, dezenfektan veya losyon gibi \u00e7e\u015fitli temizlik \u00fcr\u00fcnlerinin hijyenik bir \u015fekilde sunulmas\u0131na olanak tan\u0131r. \u015eeffaf veya renkli tasar\u0131mlar\u0131 ile farkl\u0131 konseptlere uyum sa\u011flayarak otellerin, restoranlar\u0131n ve ofislerin dekorasyonuna zarafet katar. Ayr\u0131ca, suya ve kimyasallara kar\u015f\u0131 dayan\u0131kl\u0131 olmas\u0131, uzun s\u00fcreli kullan\u0131mlarda bile ilk g\u00fcnk\u00fc \u015f\u0131kl\u0131\u011f\u0131n\u0131 korumas\u0131n\u0131 sa\u011flar. Kolay temizlenebilir y\u00fczeyi sayesinde hijyen standartlar\u0131n\u0131 en \u00fcst seviyede tutmaya yard\u0131mc\u0131 olur.   <\/p>\n<p data-start=\"494\" data-end=\"991\"><strong data-start=\"1443\" data-end=\"1462\">Pleksi sabunluk<\/strong>, zarif g\u00f6r\u00fcnt\u00fcs\u00fc, dayan\u0131kl\u0131 malzemesi ve hijyenik kullan\u0131m avantajlar\u0131yla otel ve i\u015fletmeler i\u00e7in m\u00fckemmel bir tercihtir. \u015e\u0131kl\u0131\u011f\u0131 ve fonksiyonelli\u011fi bir araya getiren bu \u00fcr\u00fcn, misafirlerinize hijyenik ve konforlu bir deneyim sunman\u0131z\u0131 sa\u011flar. <\/p>\n<div id=\"254C497F_ED5F_539E_BF08_9192F9A99B64\"><\/div>\n","protected":false},"excerpt":{"rendered":"<p><strong>Plexi Soap Dispenser<\/strong> adds elegance to hotel bathrooms with its modern and elegant design. Made of transparent plexi material, this soap dispenser provides a practical use with its durable and easy-to-clean feature. While storing your soap hygienically, it harmonizes with your hotel decoration with its minimal and aesthetic structure. Offering long-lasting use thanks to its light and robust structure, Plexi Soap Dispenser offers an elegant and practical option in your hotel bathrooms.   <\/p>\n<ul>\n<li><strong>Size:<\/strong> 90 x 90 x 10 mm<\/li>\n<li><strong>Weight:<\/strong> 76 Gr<\/li>\n<\/ul>\n<div id=\"254C497F_ED5F_539E_BF08_9192F9A99B64\"><\/div>\n","protected":false},"featured_media":1888,"comment_status":"open","ping_status":"closed","template":"","meta":{"inline_featured_image":false},"product_brand":[],"product_cat":[85,114],"product_tag":[],"class_list":{"0":"post-2423","1":"product","2":"type-product","3":"status-publish","4":"has-post-thumbnail","6":"product_cat-boucle-materials","7":"product_cat-soap-dispensers","8":"tm-has-options","10":"first","11":"instock","12":"shipping-taxable","13":"product-type-simple"},"_links":{"self":[{"href":"https:\/\/globalhotel.com.tr\/en\/wp-json\/wp\/v2\/product\/2423","targetHints":{"allow":["GET"]}}],"collection":[{"href":"https:\/\/globalhotel.com.tr\/en\/wp-json\/wp\/v2\/product"}],"about":[{"href":"https:\/\/globalhotel.com.tr\/en\/wp-json\/wp\/v2\/types\/product"}],"replies":[{"embeddable":true,"href":"https:\/\/globalhotel.com.tr\/en\/wp-json\/wp\/v2\/comments?post=2423"}],"wp:featuredmedia":[{"embeddable":true,"href":"https:\/\/globalhotel.com.tr\/en\/wp-json\/wp\/v2\/media\/1888"}],"wp:attachment":[{"href":"https:\/\/globalhotel.com.tr\/en\/wp-json\/wp\/v2\/media?parent=2423"}],"wp:term":[{"taxonomy":"product_brand","embeddable":true,"href":"https:\/\/globalhotel.com.tr\/en\/wp-json\/wp\/v2\/product_brand?post=2423"},{"taxonomy":"product_cat","embeddable":true,"href":"https:\/\/globalhotel.com.tr\/en\/wp-json\/wp\/v2\/product_cat?post=2423"},{"taxonomy":"product_tag","embeddable":true,"href":"https:\/\/globalhotel.com.tr\/en\/wp-json\/wp\/v2\/product_tag?post=2423"}],"curies":[{"name":"wp","href":"https:\/\/api.w.org\/{rel}","templated":true}]}}