{"id":2418,"date":"2024-09-26T17:03:24","date_gmt":"2024-09-26T14:03:24","guid":{"rendered":"https:\/\/globalhotel.com.tr\/urun\/luxury-wooden-box\/"},"modified":"2025-04-14T18:26:05","modified_gmt":"2025-04-14T15:26:05","slug":"luxury-wooden-box","status":"publish","type":"product","link":"https:\/\/globalhotel.com.tr\/en\/urun\/luxury-wooden-box\/","title":{"rendered":"Luxury Wooden Box"},"content":{"rendered":"<h2 id=\"254C497F_ED5F_539E_BF08_9192F9A99B64\"><strong>Luxury Wooden Box<\/strong><\/h2>\n<p data-start=\"79\" data-end=\"534\">Oteller, restoranlar ve l\u00fcks mekanlar i\u00e7in \u00f6zel olarak tasarlanm\u0131\u015f <a href=\"https:\/\/globalhotel.com.tr\/en\/\"><strong data-start=\"146\" data-end=\"165\">L\u00fcks Ah\u015fap Kutu<\/strong><\/a>, estetik ve fonksiyonelli\u011fi bir araya getirerek prestijinizi art\u0131ran bir \u00fcr\u00fcnd\u00fcr.<\/p>\n<p data-start=\"79\" data-end=\"534\">Do\u011fal ah\u015fab\u0131n zarif dokusuyla \u00fcretilen bu kutular, hem dekoratif hem de kullan\u0131\u015fl\u0131 bir \u00e7\u00f6z\u00fcm sunar. Misafirlerinize sunaca\u011f\u0131n\u0131z her detay\u0131n \u015f\u0131kl\u0131kla b\u00fct\u00fcnle\u015fmesi i\u00e7in ideal olan bu \u00f6zel kutular, sabun, havlu, \u00e7ay-kahve setleri veya \u00f6zel ikramlar gibi \u00e7e\u015fitli ama\u00e7larla kullan\u0131labilir. <\/p>\n<p data-start=\"536\" data-end=\"967\">Birinci s\u0131n\u0131f malzemelerle \u00fcretilen <strong data-start=\"572\" data-end=\"591\">L\u00fcks Ah\u015fap Kutu<\/strong>, uzun \u00f6m\u00fcrl\u00fc ve dayan\u0131kl\u0131d\u0131r. Ah\u015fab\u0131n do\u011fal yap\u0131s\u0131 sayesinde, her kutu kendine \u00f6zg\u00fc bir dokuya ve renge sahiptir. <\/p>\n<p data-start=\"536\" data-end=\"967\">Farkl\u0131 boyut ve tasar\u0131m se\u00e7enekleriyle sunulan bu kutular, otel odalar\u0131ndan lobi alanlar\u0131na kadar bir\u00e7ok yerde kullan\u0131labilir. Ayr\u0131ca, \u00fczerine i\u015fletmenizin logosu veya \u00f6zel desenler i\u015flenerek <strong data-start=\"898\" data-end=\"923\">ki\u015fiselle\u015ftirilebilir<\/strong>, b\u00f6ylece markan\u0131z\u0131n prestijini y\u00fckseltir. <\/p>\n","protected":false},"excerpt":{"rendered":"<p><strong>Luxury Wooden Box<\/strong> stands out among hotel supplies with its elegant design and high quality workmanship. Made of durable wood, this box provides stylish and safe storage of valuables. It creates a different atmosphere in your hotel rooms with its modern and stylish lines. With different size and design options, it offers a solution suitable for the needs of its guests. Luxury Wooden Box reflects the characteristics of your hotel with both functional and decorative features.    <\/p>\n<ul>\n<li>Cover with clip<\/li>\n<li>Natural wood<\/li>\n<li><strong>Size:<\/strong> 180 x 350 x 80 mm<\/li>\n<li><strong>Weight:<\/strong> 1,450 Gr.<\/li>\n<\/ul>\n<p>&nbsp;<\/p>\n<div id=\"254C497F_ED5F_539E_BF08_9192F9A99B64\"><\/div>\n","protected":false},"featured_media":1911,"comment_status":"open","ping_status":"closed","template":"","meta":{"inline_featured_image":false},"product_brand":[],"product_cat":[85,113],"product_tag":[],"class_list":{"0":"post-2418","1":"product","2":"type-product","3":"status-publish","4":"has-post-thumbnail","6":"product_cat-boucle-materials","7":"product_cat-pl-wooden-boxes","8":"tm-has-options","10":"first","11":"instock","12":"shipping-taxable","13":"product-type-simple"},"_links":{"self":[{"href":"https:\/\/globalhotel.com.tr\/en\/wp-json\/wp\/v2\/product\/2418","targetHints":{"allow":["GET"]}}],"collection":[{"href":"https:\/\/globalhotel.com.tr\/en\/wp-json\/wp\/v2\/product"}],"about":[{"href":"https:\/\/globalhotel.com.tr\/en\/wp-json\/wp\/v2\/types\/product"}],"replies":[{"embeddable":true,"href":"https:\/\/globalhotel.com.tr\/en\/wp-json\/wp\/v2\/comments?post=2418"}],"wp:featuredmedia":[{"embeddable":true,"href":"https:\/\/globalhotel.com.tr\/en\/wp-json\/wp\/v2\/media\/1911"}],"wp:attachment":[{"href":"https:\/\/globalhotel.com.tr\/en\/wp-json\/wp\/v2\/media?parent=2418"}],"wp:term":[{"taxonomy":"product_brand","embeddable":true,"href":"https:\/\/globalhotel.com.tr\/en\/wp-json\/wp\/v2\/product_brand?post=2418"},{"taxonomy":"product_cat","embeddable":true,"href":"https:\/\/globalhotel.com.tr\/en\/wp-json\/wp\/v2\/product_cat?post=2418"},{"taxonomy":"product_tag","embeddable":true,"href":"https:\/\/globalhotel.com.tr\/en\/wp-json\/wp\/v2\/product_tag?post=2418"}],"curies":[{"name":"wp","href":"https:\/\/api.w.org\/{rel}","templated":true}]}}