{"id":2362,"date":"2024-09-26T17:04:30","date_gmt":"2024-09-26T14:04:30","guid":{"rendered":"https:\/\/globalhotel.com.tr\/urun\/large-cargo-trolleys\/"},"modified":"2025-04-15T21:34:35","modified_gmt":"2025-04-15T18:34:35","slug":"large-cargo-trolleys","status":"publish","type":"product","link":"https:\/\/globalhotel.com.tr\/en\/urun\/large-cargo-trolleys\/","title":{"rendered":"Large Cargo Trolley"},"content":{"rendered":"<h2 class=\"product-title product_title entry-title\"><strong>Large Cargo Trolley<\/strong><\/h2>\n<p class=\"\" data-start=\"79\" data-end=\"646\">Otel i\u015fletmeleri, g\u00fcnl\u00fck operasyonlar\u0131n\u0131 verimli bir \u015fekilde y\u00fcr\u00fctebilmek i\u00e7in pratik ve sa\u011flam ekipmanlara ihtiya\u00e7 duyar. Bu noktada, <a href=\"https:\/\/globalhotel.com.tr\/en\/\"><strong data-start=\"214\" data-end=\"242\">B\u00fcy\u00fck Y\u00fck Ta\u015f\u0131ma Arabas\u0131<\/strong><\/a>, otel personelinin a\u011f\u0131r y\u00fckleri kolayca ta\u015f\u0131mas\u0131na yard\u0131mc\u0131 olan m\u00fckemmel bir \u00e7\u00f6z\u00fcmd\u00fcr. Hem dayan\u0131kl\u0131l\u0131\u011f\u0131 hem de i\u015flevselli\u011fi ile otel odalar\u0131ndan restoranlara, depolardan etkinlik alanlar\u0131na kadar her alanda kullan\u0131labilir. B\u00fcy\u00fck y\u00fck ta\u015f\u0131ma arabas\u0131, otel sekt\u00f6r\u00fcnde operasyonel verimlili\u011fi art\u0131rmak ve \u00e7al\u0131\u015fanlar\u0131n i\u015flerini daha h\u0131zl\u0131 ve g\u00fcvenli bir \u015fekilde yapmalar\u0131n\u0131 sa\u011flamak i\u00e7in ideal bir \u00fcr\u00fcnd\u00fcr.   <\/p>\n<h3 data-start=\"648\" data-end=\"676\"><strong data-start=\"648\" data-end=\"676\">Dayan\u0131kl\u0131 ve Sa\u011flam Yap\u0131<\/strong><\/h3>\n<p class=\"\" data-start=\"678\" data-end=\"1196\">B\u00fcy\u00fck y\u00fck ta\u015f\u0131ma arabas\u0131, y\u00fcksek kaliteli malzemelerden \u00fcretilmi\u015ftir. Metal \u00e7er\u00e7evesi, ta\u015f\u0131ma kapasitesine g\u00f6re g\u00fc\u00e7lendirilmi\u015f olup, her t\u00fcrl\u00fc a\u011f\u0131r y\u00fck\u00fc rahatl\u0131kla ta\u015f\u0131yabilecek dayan\u0131kl\u0131l\u0131\u011fa sahiptir. Tekerlekleri, her t\u00fcrl\u00fc zemin \u00fczerinde rahat\u00e7a hareket edebilmesini sa\u011flar ve zorlay\u0131c\u0131 ko\u015fullarda bile uzun s\u00fcreli kullan\u0131mda bile performans\u0131ndan \u00f6d\u00fcn vermez. Bu araba, \u00f6zellikle otel odalar\u0131ndaki a\u011f\u0131r temizlik malzemelerinin, yedek yataklar\u0131n, havlular\u0131n veya di\u011fer b\u00fcy\u00fck e\u015fyalar\u0131n ta\u015f\u0131nmas\u0131nda olduk\u00e7a etkilidir.   <\/p>\n<h3 data-start=\"1198\" data-end=\"1244\"><strong data-start=\"1198\" data-end=\"1244\">Kolay Kullan\u0131m ve Y\u00fcksek Ta\u015f\u0131ma Kapasitesi<\/strong><\/h3>\n<p class=\"\" data-start=\"1246\" data-end=\"1674\">B\u00fcy\u00fck y\u00fck ta\u015f\u0131ma arabas\u0131n\u0131n tasar\u0131m\u0131, kullan\u0131c\u0131 dostudur. Ta\u015f\u0131ma i\u015flemi s\u0131ras\u0131nda rahatl\u0131kla kontrol edilebilen ergonomik tutma kollar\u0131 sayesinde, personel uzun s\u00fcreli kullan\u0131mlarda bile rahat eder. Ayr\u0131ca, geni\u015f ta\u015f\u0131ma alan\u0131 sayesinde bir\u00e7ok e\u015fyay\u0131 ayn\u0131 anda ta\u015f\u0131ma imkan\u0131 sunar, b\u00f6ylece zaman tasarrufu sa\u011flan\u0131r. Otel personelinin i\u015f g\u00fcc\u00fcn\u00fc hafifleten bu \u00f6zellik, b\u00fcy\u00fck etkinliklerde ya da yo\u011fun zamanlarda b\u00fcy\u00fck fark yarat\u0131r.   <\/p>\n<h3 data-start=\"1676\" data-end=\"1698\"><strong data-start=\"1676\" data-end=\"1698\">\u00c7ok Y\u00f6nl\u00fc Kullan\u0131m<\/strong><\/h3>\n<p class=\"\" data-start=\"1700\" data-end=\"2174\">Otelin farkl\u0131 alanlar\u0131nda kullan\u0131labilen b\u00fcy\u00fck y\u00fck ta\u015f\u0131ma arabas\u0131, sadece odalarda de\u011fil, ayn\u0131 zamanda otel i\u00e7indeki depolama alanlar\u0131nda, mutfaklarda ve hizmet alanlar\u0131nda da olduk\u00e7a i\u015flevseldir. Restoran malzemelerinin ta\u015f\u0131nmas\u0131, temizlik malzemelerinin odalardan depolara aktar\u0131lmas\u0131 veya etkinliklerin d\u00fczenlenmesi gibi i\u015flemleri daha h\u0131zl\u0131 ve verimli hale getirir. Ayn\u0131 zamanda, dayan\u0131kl\u0131 yap\u0131s\u0131 sayesinde uzun s\u00fcreli kullan\u0131mda dahi formunu ve fonksiyonelli\u011fini korur.  <\/p>\n<div id=\"254C497F_ED5F_539E_BF08_9192F9A99B64\"><\/div>\n","protected":false},"excerpt":{"rendered":"<p><strong>Large Cargo Trolley<\/strong>, Allows easy transportation of heavy loads in hotels and commercial areas. With its durable structure and large carrying capacity, it allows storage of large accessories. Thanks to its ergonomic design, it offers ease of use and provides a labor-efficient transportation solution.  <\/p>\n<ul>\n<li>Polypropylene material<\/li>\n<li>188 Kg carrying capacity<\/li>\n<li>Impact protective tires<\/li>\n<li><strong>Size :<\/strong> 540 x 910 x 880 mm<\/li>\n<li><strong>Weight:<\/strong> 9,4 kg<\/li>\n<li><strong>Qty. per Parcel:<\/strong> 1<\/li>\n<\/ul>\n<div id=\"254C497F_ED5F_539E_BF08_9192F9A99B64\"><\/div>\n","protected":false},"featured_media":1993,"comment_status":"open","ping_status":"closed","template":"","meta":{"inline_featured_image":false},"product_brand":[],"product_cat":[101,104],"product_tag":[],"class_list":{"0":"post-2362","1":"product","2":"type-product","3":"status-publish","4":"has-post-thumbnail","6":"product_cat-floor-and-reception-equipment","7":"product_cat-floor-carts","8":"tm-has-options","10":"first","11":"instock","12":"shipping-taxable","13":"product-type-simple"},"_links":{"self":[{"href":"https:\/\/globalhotel.com.tr\/en\/wp-json\/wp\/v2\/product\/2362","targetHints":{"allow":["GET"]}}],"collection":[{"href":"https:\/\/globalhotel.com.tr\/en\/wp-json\/wp\/v2\/product"}],"about":[{"href":"https:\/\/globalhotel.com.tr\/en\/wp-json\/wp\/v2\/types\/product"}],"replies":[{"embeddable":true,"href":"https:\/\/globalhotel.com.tr\/en\/wp-json\/wp\/v2\/comments?post=2362"}],"wp:featuredmedia":[{"embeddable":true,"href":"https:\/\/globalhotel.com.tr\/en\/wp-json\/wp\/v2\/media\/1993"}],"wp:attachment":[{"href":"https:\/\/globalhotel.com.tr\/en\/wp-json\/wp\/v2\/media?parent=2362"}],"wp:term":[{"taxonomy":"product_brand","embeddable":true,"href":"https:\/\/globalhotel.com.tr\/en\/wp-json\/wp\/v2\/product_brand?post=2362"},{"taxonomy":"product_cat","embeddable":true,"href":"https:\/\/globalhotel.com.tr\/en\/wp-json\/wp\/v2\/product_cat?post=2362"},{"taxonomy":"product_tag","embeddable":true,"href":"https:\/\/globalhotel.com.tr\/en\/wp-json\/wp\/v2\/product_tag?post=2362"}],"curies":[{"name":"wp","href":"https:\/\/api.w.org\/{rel}","templated":true}]}}