{"id":2307,"date":"2024-10-22T12:17:01","date_gmt":"2024-10-22T09:17:01","guid":{"rendered":"https:\/\/globalhotel.com.tr\/urun\/dijitsu-85-dw-9900-webos-tv\/"},"modified":"2025-04-08T13:40:16","modified_gmt":"2025-04-08T10:40:16","slug":"dijitsu-85-dw-9900-webos-tv","status":"publish","type":"product","link":"https:\/\/globalhotel.com.tr\/en\/urun\/dijitsu-85-dw-9900-webos-tv\/","title":{"rendered":"Dijitsu 85 DW 9900 webOS TV"},"content":{"rendered":"","protected":false},"excerpt":{"rendered":"<p><strong>Dijitsu 85 DW 9900 webOS TV<\/strong>, With its large screen and advanced webOS operating system, it offers a high-end viewing experience for hotels and accommodation facilities. Its 85-inch widescreen display, high resolution and vibrant colors enhance the comfort of guests, while the webOS operating system provides a fast and smooth user experience. Its sleek and modern design adds a touch of luxury to hotel rooms or public areas. Multiple connectivity options provide flexibility of use with easy integration with different devices.   <\/p>\n<ul>\n<li><strong>HDMI Input:<\/strong> x3<\/li>\n<li><strong>CI Slot Input:<\/strong> x1<\/li>\n<li><strong>USB Input:<\/strong> x2<\/li>\n<li><strong>RF Input:<\/strong> x2<\/li>\n<li>Headphone output x1 <\/li>\n<li>Dijital Ses Optik \u00e7\u0131k\u0131\u015f\u0131. *1<\/li>\n<li><strong>AV support resolution:<\/strong> PAL\/576P*NTSC\/480P<\/li>\n<li><strong>HDMI support resolution:<\/strong> 3840*2160 60hz<\/li>\n<li><strong>HDMI Version:<\/strong> 2.1<\/li>\n<li><strong>HDCP Version:<\/strong> 1.4\/2.2<\/li>\n<li><strong>HDMI-CEC:<\/strong> Yes<\/li>\n<li><strong>MSK:<\/strong> Yes<\/li>\n<li>HDMI-ARC. Yes <\/li>\n<li><strong>arc:<\/strong> Yes<\/li>\n<li><strong>HDMI-HDR10:<\/strong> Yes<\/li>\n<li><strong>HDR10:<\/strong> 400W<\/li>\n<li><strong>Wireless network:<\/strong> \u2264 0.5W<\/li>\n<li><strong>Speaker output power:<\/strong> 2*8W<\/li>\n<li><strong>Intelligent system:<\/strong> Webos<\/li>\n<li><strong>Intelligent system version:<\/strong> 2,0<\/li>\n<li><strong>Energy class:<\/strong> G<\/li>\n<\/ul>\n","protected":false},"featured_media":2184,"comment_status":"open","ping_status":"closed","template":"","meta":{"inline_featured_image":false},"product_brand":[],"product_cat":[97,89],"product_tag":[],"class_list":{"0":"post-2307","1":"product","2":"type-product","3":"status-publish","4":"has-post-thumbnail","6":"product_cat-hotel-televisions","7":"product_cat-in-room-equipment","8":"tm-has-options","10":"first","11":"instock","12":"shipping-taxable","13":"product-type-simple"},"_links":{"self":[{"href":"https:\/\/globalhotel.com.tr\/en\/wp-json\/wp\/v2\/product\/2307","targetHints":{"allow":["GET"]}}],"collection":[{"href":"https:\/\/globalhotel.com.tr\/en\/wp-json\/wp\/v2\/product"}],"about":[{"href":"https:\/\/globalhotel.com.tr\/en\/wp-json\/wp\/v2\/types\/product"}],"replies":[{"embeddable":true,"href":"https:\/\/globalhotel.com.tr\/en\/wp-json\/wp\/v2\/comments?post=2307"}],"wp:featuredmedia":[{"embeddable":true,"href":"https:\/\/globalhotel.com.tr\/en\/wp-json\/wp\/v2\/media\/2184"}],"wp:attachment":[{"href":"https:\/\/globalhotel.com.tr\/en\/wp-json\/wp\/v2\/media?parent=2307"}],"wp:term":[{"taxonomy":"product_brand","embeddable":true,"href":"https:\/\/globalhotel.com.tr\/en\/wp-json\/wp\/v2\/product_brand?post=2307"},{"taxonomy":"product_cat","embeddable":true,"href":"https:\/\/globalhotel.com.tr\/en\/wp-json\/wp\/v2\/product_cat?post=2307"},{"taxonomy":"product_tag","embeddable":true,"href":"https:\/\/globalhotel.com.tr\/en\/wp-json\/wp\/v2\/product_tag?post=2307"}],"curies":[{"name":"wp","href":"https:\/\/api.w.org\/{rel}","templated":true}]}}