{"id":4098,"date":"2024-09-26T16:59:09","date_gmt":"2024-09-26T13:59:09","guid":{"rendered":"https:\/\/globalhotel.com.tr\/urun\/abfallbehaelter-aus-metall\/"},"modified":"2024-09-26T16:59:09","modified_gmt":"2024-09-26T13:59:09","slug":"abfallbehaelter-aus-metall","status":"publish","type":"product","link":"https:\/\/globalhotel.com.tr\/de\/urun\/abfallbehaelter-aus-metall\/","title":{"rendered":"Abfallbeh\u00e4lter aus Metall"},"content":{"rendered":"","protected":false},"excerpt":{"rendered":"<p>Der <strong>Metallabfallbeh\u00e4lter<\/strong> wurde entwickelt, um eine sichere und organisierte Sammlung von Metallabf\u00e4llen in Hotels und Unterk\u00fcnften zu gew\u00e4hrleisten. Er ist aus langlebigem und robustem Material gefertigt und sammelt Metallabf\u00e4lle effektiv. Sein modernes und stilvolles Design verleiht Hotelzimmern, B\u00fcros, Lobbys und Gemeinschaftsbereichen eine \u00e4sthetische Note. Durch seine praktische Verwendung und seine leicht zu reinigenden Eigenschaften sorgt er f\u00fcr eine hygienische Umgebung. Der Metallabfallbeh\u00e4lter tr\u00e4gt zu den Bem\u00fchungen um Nachhaltigkeit bei, indem er eine umweltfreundliche L\u00f6sung bietet.    <\/p>\n<ul>\n<li>Werkstoff Polypropylen<\/li>\n<li>80 Liter Abfallvolumen<\/li>\n<li><strong>Gr\u00f6\u00dfe: <\/strong>550 x 1050 x 340<\/li>\n<li><strong>Gewicht: <\/strong>6,8 kg<\/li>\n<\/ul>\n","protected":false},"featured_media":4099,"comment_status":"open","ping_status":"closed","template":"","meta":{"inline_featured_image":false},"product_brand":[],"product_cat":[184],"product_tag":[],"class_list":{"0":"post-4098","1":"product","2":"type-product","3":"status-publish","4":"has-post-thumbnail","6":"product_cat-null-abfall-und-recycling-behalter","7":"tm-has-options","9":"first","10":"instock","11":"shipping-taxable","12":"product-type-simple"},"_links":{"self":[{"href":"https:\/\/globalhotel.com.tr\/de\/wp-json\/wp\/v2\/product\/4098","targetHints":{"allow":["GET"]}}],"collection":[{"href":"https:\/\/globalhotel.com.tr\/de\/wp-json\/wp\/v2\/product"}],"about":[{"href":"https:\/\/globalhotel.com.tr\/de\/wp-json\/wp\/v2\/types\/product"}],"replies":[{"embeddable":true,"href":"https:\/\/globalhotel.com.tr\/de\/wp-json\/wp\/v2\/comments?post=4098"}],"wp:featuredmedia":[{"embeddable":true,"href":"https:\/\/globalhotel.com.tr\/de\/wp-json\/wp\/v2\/media\/4099"}],"wp:attachment":[{"href":"https:\/\/globalhotel.com.tr\/de\/wp-json\/wp\/v2\/media?parent=4098"}],"wp:term":[{"taxonomy":"product_brand","embeddable":true,"href":"https:\/\/globalhotel.com.tr\/de\/wp-json\/wp\/v2\/product_brand?post=4098"},{"taxonomy":"product_cat","embeddable":true,"href":"https:\/\/globalhotel.com.tr\/de\/wp-json\/wp\/v2\/product_cat?post=4098"},{"taxonomy":"product_tag","embeddable":true,"href":"https:\/\/globalhotel.com.tr\/de\/wp-json\/wp\/v2\/product_tag?post=4098"}],"curies":[{"name":"wp","href":"https:\/\/api.w.org\/{rel}","templated":true}]}}