{"id":4090,"date":"2024-09-26T16:58:48","date_gmt":"2024-09-26T13:58:48","guid":{"rendered":"https:\/\/globalhotel.com.tr\/urun\/re-006-kellnerschalter\/"},"modified":"2025-07-30T13:38:16","modified_gmt":"2025-07-30T10:38:16","slug":"re-006-kellnerschalter","status":"publish","type":"product","link":"https:\/\/globalhotel.com.tr\/de\/urun\/re-006-kellnerschalter\/","title":{"rendered":"RE-006 Kellnerschalter"},"content":{"rendered":"","protected":false},"excerpt":{"rendered":"<p>Die <strong>RE-006 Kellnertheke <\/strong>ist ein funktionelles Produkt, das f\u00fcr einen schnellen und effektiven Service f\u00fcr Kellner in Hotels und Restaurants entwickelt wurde. Er ist aus langlebigen Materialien gefertigt und erleichtert den Kellnern dank seiner gro\u00dfen Arbeitsfl\u00e4che und praktischen Ablagefl\u00e4chen die regelm\u00e4\u00dfige und schnelle Aufnahme von Bestellungen. Sein stilvolles und modernes Design tr\u00e4gt zum \u00e4sthetischen Erscheinungsbild des Restaurants oder der Hotellobby bei. Die Kellnertheke steigert die Arbeitseffizienz des Personals und sorgt f\u00fcr die Zufriedenheit der G\u00e4ste durch einen schnellen Service.   <\/p>\n<ul>\n<li class=\"av_iconlist_title iconlist_title_small \">MDF-Material<\/li>\n<li class=\"av_iconlist_title iconlist_title_small \">2 Deckel<\/li>\n<li class=\"av_iconlist_title iconlist_title_small \">Schublade mit mehreren F\u00e4chern<\/li>\n<li class=\"av_iconlist_title iconlist_title_small \">2 Rollen mit Feststellern und 2 Rollen ohne Feststeller<\/li>\n<li><strong>Gr\u00f6\u00dfe: <\/strong>1330 x 850 x 570 mm<\/li>\n<li><strong>Gewicht:<\/strong> 68 kg<\/li>\n<\/ul>\n","protected":false},"featured_media":4091,"comment_status":"open","ping_status":"closed","template":"","meta":{"inline_featured_image":false},"product_brand":[],"product_cat":[146,183],"product_tag":[],"class_list":{"0":"post-4090","1":"product","2":"type-product","3":"status-publish","4":"has-post-thumbnail","6":"product_cat-restaurant-ausstattung","7":"product_cat-servicewagen","8":"tm-has-options","10":"first","11":"instock","12":"shipping-taxable","13":"product-type-simple"},"_links":{"self":[{"href":"https:\/\/globalhotel.com.tr\/de\/wp-json\/wp\/v2\/product\/4090","targetHints":{"allow":["GET"]}}],"collection":[{"href":"https:\/\/globalhotel.com.tr\/de\/wp-json\/wp\/v2\/product"}],"about":[{"href":"https:\/\/globalhotel.com.tr\/de\/wp-json\/wp\/v2\/types\/product"}],"replies":[{"embeddable":true,"href":"https:\/\/globalhotel.com.tr\/de\/wp-json\/wp\/v2\/comments?post=4090"}],"wp:featuredmedia":[{"embeddable":true,"href":"https:\/\/globalhotel.com.tr\/de\/wp-json\/wp\/v2\/media\/4091"}],"wp:attachment":[{"href":"https:\/\/globalhotel.com.tr\/de\/wp-json\/wp\/v2\/media?parent=4090"}],"wp:term":[{"taxonomy":"product_brand","embeddable":true,"href":"https:\/\/globalhotel.com.tr\/de\/wp-json\/wp\/v2\/product_brand?post=4090"},{"taxonomy":"product_cat","embeddable":true,"href":"https:\/\/globalhotel.com.tr\/de\/wp-json\/wp\/v2\/product_cat?post=4090"},{"taxonomy":"product_tag","embeddable":true,"href":"https:\/\/globalhotel.com.tr\/de\/wp-json\/wp\/v2\/product_tag?post=4090"}],"curies":[{"name":"wp","href":"https:\/\/api.w.org\/{rel}","templated":true}]}}