{"id":4088,"date":"2024-09-26T16:59:09","date_gmt":"2024-09-26T13:59:09","guid":{"rendered":"https:\/\/globalhotel.com.tr\/urun\/re-005-minibar-wagen\/"},"modified":"2024-09-26T16:59:09","modified_gmt":"2024-09-26T13:59:09","slug":"re-005-minibar-wagen","status":"publish","type":"product","link":"https:\/\/globalhotel.com.tr\/de\/urun\/re-005-minibar-wagen\/","title":{"rendered":"RE-005 Minibar-Wagen"},"content":{"rendered":"<p>&nbsp;<\/p>\n<div id=\"254C497F_ED5F_539E_BF08_9192F9A99B64\"><\/div>\n","protected":false},"excerpt":{"rendered":"<p>Der <strong>RE-005 Minibarwagen<\/strong> ist ein funktionelles Produkt, das entwickelt wurde, um den G\u00e4sten in Hotels und Unterk\u00fcnften auf praktische und stilvolle Weise einen Minibar-Service zu bieten. Er ist aus strapazierf\u00e4higem Material gefertigt und sein fortschrittliches Design sorgt daf\u00fcr, dass Getr\u00e4nke und Snacks geordnet aufbewahrt werden. Dank seiner beweglichen Struktur kann er leicht in den Zimmern platziert werden. Sein stilvolles und modernes Design verleiht den Hotelzimmern einen \u00e4sthetischen Touch und macht die \u00dcbernachtung noch komfortabler. Minibar Trolley steigert die Zufriedenheit der G\u00e4ste, indem er einen schnellen und einfachen Service bietet.    <\/p>\n<ul>\n<li class=\"av_iconlist_title iconlist_title_small \">Werkstoff Polypropylen<\/li>\n<li class=\"av_iconlist_title iconlist_title_small \">6 bewegliche Verschlussdeckel, 12 feste Deckel<\/li>\n<li class=\"av_iconlist_title iconlist_title_small \">4 St\u00fcck Regal<\/li>\n<li class=\"av_iconlist_title iconlist_title_small \">Aufprallschutz-Reifen<\/li>\n<li><strong>Gr\u00f6\u00dfe:<\/strong> 540 x 1080 x 1350 mm<\/li>\n<li><strong>Gewicht:<\/strong> 33 kg<\/li>\n<li><strong>St\u00fcck im Paket:<\/strong> 1<\/li>\n<\/ul>\n","protected":false},"featured_media":4089,"comment_status":"open","ping_status":"closed","template":"","meta":{"inline_featured_image":false},"product_brand":[],"product_cat":[146,183],"product_tag":[],"class_list":{"0":"post-4088","1":"product","2":"type-product","3":"status-publish","4":"has-post-thumbnail","6":"product_cat-restaurant-ausstattung","7":"product_cat-servicewagen","8":"tm-has-options","10":"first","11":"instock","12":"shipping-taxable","13":"product-type-simple"},"_links":{"self":[{"href":"https:\/\/globalhotel.com.tr\/de\/wp-json\/wp\/v2\/product\/4088","targetHints":{"allow":["GET"]}}],"collection":[{"href":"https:\/\/globalhotel.com.tr\/de\/wp-json\/wp\/v2\/product"}],"about":[{"href":"https:\/\/globalhotel.com.tr\/de\/wp-json\/wp\/v2\/types\/product"}],"replies":[{"embeddable":true,"href":"https:\/\/globalhotel.com.tr\/de\/wp-json\/wp\/v2\/comments?post=4088"}],"wp:featuredmedia":[{"embeddable":true,"href":"https:\/\/globalhotel.com.tr\/de\/wp-json\/wp\/v2\/media\/4089"}],"wp:attachment":[{"href":"https:\/\/globalhotel.com.tr\/de\/wp-json\/wp\/v2\/media?parent=4088"}],"wp:term":[{"taxonomy":"product_brand","embeddable":true,"href":"https:\/\/globalhotel.com.tr\/de\/wp-json\/wp\/v2\/product_brand?post=4088"},{"taxonomy":"product_cat","embeddable":true,"href":"https:\/\/globalhotel.com.tr\/de\/wp-json\/wp\/v2\/product_cat?post=4088"},{"taxonomy":"product_tag","embeddable":true,"href":"https:\/\/globalhotel.com.tr\/de\/wp-json\/wp\/v2\/product_tag?post=4088"}],"curies":[{"name":"wp","href":"https:\/\/api.w.org\/{rel}","templated":true}]}}