{"id":4086,"date":"2024-09-26T16:59:09","date_gmt":"2024-09-26T13:59:09","guid":{"rendered":"https:\/\/globalhotel.com.tr\/urun\/re-003-servicewagen\/"},"modified":"2024-09-26T16:59:09","modified_gmt":"2024-09-26T13:59:09","slug":"re-003-servicewagen","status":"publish","type":"product","link":"https:\/\/globalhotel.com.tr\/de\/urun\/re-003-servicewagen\/","title":{"rendered":"RE-003 Servicewagen"},"content":{"rendered":"<p>&nbsp;<\/p>\n<div id=\"254C497F_ED5F_539E_BF08_9192F9A99B64\"><\/div>\n","protected":false},"excerpt":{"rendered":"<p>Der<strong> RE-003 Servicewagen<\/strong> ist ein praktisches Produkt, mit dem in Hotels und Restaurants Speisen und Getr\u00e4nke schnell und regelm\u00e4\u00dfig an die G\u00e4ste ausgegeben werden k\u00f6nnen. Er ist aus langlebigen Materialien gefertigt und bietet dank seiner robusten Struktur eine lange Nutzungsdauer. Gro\u00dfe Ablagefl\u00e4chen und Schubladen erm\u00f6glichen einen effizienten und organisierten Servicebetrieb. Das leicht zu bewegende Design erm\u00f6glicht dem Personal ein bequemes Man\u00f6vrieren w\u00e4hrend des Services. Mit seiner \u00e4sthetischen und funktionalen Struktur bietet der Servicewagen den G\u00e4sten ein hochwertiges Serviceerlebnis.    <\/p>\n<ul>\n<li class=\"av_iconlist_title iconlist_title_small \">Werkstoff Polypropylen<\/li>\n<li class=\"av_iconlist_title iconlist_title_small \">3 St\u00fcck Regal<\/li>\n<li class=\"av_iconlist_title iconlist_title_small \">Beidseitiger Schiebegriff<\/li>\n<li class=\"av_iconlist_title iconlist_title_small \">Aufprallschutz-Reifen<\/li>\n<li><strong>Gr\u00f6\u00dfe:<\/strong> 530 x 1080 x 990 mm<\/li>\n<li><strong>Gewicht:<\/strong> 17,9 kg<\/li>\n<li><strong>St\u00fcck im Paket:<\/strong> 1<\/li>\n<\/ul>\n","protected":false},"featured_media":4087,"comment_status":"open","ping_status":"closed","template":"","meta":{"inline_featured_image":false},"product_brand":[],"product_cat":[146,183],"product_tag":[],"class_list":{"0":"post-4086","1":"product","2":"type-product","3":"status-publish","4":"has-post-thumbnail","6":"product_cat-restaurant-ausstattung","7":"product_cat-servicewagen","8":"tm-has-options","10":"first","11":"instock","12":"shipping-taxable","13":"product-type-simple"},"_links":{"self":[{"href":"https:\/\/globalhotel.com.tr\/de\/wp-json\/wp\/v2\/product\/4086","targetHints":{"allow":["GET"]}}],"collection":[{"href":"https:\/\/globalhotel.com.tr\/de\/wp-json\/wp\/v2\/product"}],"about":[{"href":"https:\/\/globalhotel.com.tr\/de\/wp-json\/wp\/v2\/types\/product"}],"replies":[{"embeddable":true,"href":"https:\/\/globalhotel.com.tr\/de\/wp-json\/wp\/v2\/comments?post=4086"}],"wp:featuredmedia":[{"embeddable":true,"href":"https:\/\/globalhotel.com.tr\/de\/wp-json\/wp\/v2\/media\/4087"}],"wp:attachment":[{"href":"https:\/\/globalhotel.com.tr\/de\/wp-json\/wp\/v2\/media?parent=4086"}],"wp:term":[{"taxonomy":"product_brand","embeddable":true,"href":"https:\/\/globalhotel.com.tr\/de\/wp-json\/wp\/v2\/product_brand?post=4086"},{"taxonomy":"product_cat","embeddable":true,"href":"https:\/\/globalhotel.com.tr\/de\/wp-json\/wp\/v2\/product_cat?post=4086"},{"taxonomy":"product_tag","embeddable":true,"href":"https:\/\/globalhotel.com.tr\/de\/wp-json\/wp\/v2\/product_tag?post=4086"}],"curies":[{"name":"wp","href":"https:\/\/api.w.org\/{rel}","templated":true}]}}