{"id":4084,"date":"2024-09-26T16:59:09","date_gmt":"2024-09-26T13:59:09","guid":{"rendered":"https:\/\/globalhotel.com.tr\/urun\/re-002-service-trolley-aus-holz\/"},"modified":"2024-09-26T16:59:09","modified_gmt":"2024-09-26T13:59:09","slug":"re-002-service-trolley-aus-holz","status":"publish","type":"product","link":"https:\/\/globalhotel.com.tr\/de\/urun\/re-002-service-trolley-aus-holz\/","title":{"rendered":"RE-002 Service-Trolley aus Holz"},"content":{"rendered":"<p>&nbsp;<\/p>\n<div id=\"254C497F_ED5F_539E_BF08_9192F9A99B64\"><\/div>\n","protected":false},"excerpt":{"rendered":"<p>Der <strong>RE-002 Servierwagen aus Holz <\/strong>ist ein elegantes Produkt, das zum stilvollen und funktionalen Servieren von Speisen und Getr\u00e4nken in Hotels und Restaurants entwickelt wurde. Er besteht aus haltbarem Holzmaterial und ist robust und langlebig. Gro\u00dfe Ablagefl\u00e4chen und Schubladen erm\u00f6glichen eine organisierte und effektive Bedienung. Sein stilvolles Design bietet ein \u00e4sthetisches Erscheinungsbild in Restaurants, Konferenzr\u00e4umen oder Hotelzimmern. Der h\u00f6lzerne Servicewagen verbessert die Servicequalit\u00e4t, indem er den G\u00e4sten eine hochwertige und praktische Serviceerfahrung bietet.    <\/p>\n<ul>\n<li>Werkstoff Holz<\/li>\n<li>3 Regale f\u00fcr die Gastronomie<\/li>\n<li>2 Rollen mit Feststellern und 2 Rollen ohne Feststeller<\/li>\n<li><strong>Gr\u00f6\u00dfe: <\/strong>860 x 1020 x 510 mm<\/li>\n<li><strong>Gewicht:<\/strong> 30 kg<\/li>\n<\/ul>\n","protected":false},"featured_media":4085,"comment_status":"open","ping_status":"closed","template":"","meta":{"inline_featured_image":false},"product_brand":[],"product_cat":[146,183],"product_tag":[],"class_list":{"0":"post-4084","1":"product","2":"type-product","3":"status-publish","4":"has-post-thumbnail","6":"product_cat-restaurant-ausstattung","7":"product_cat-servicewagen","8":"tm-has-options","10":"first","11":"instock","12":"shipping-taxable","13":"product-type-simple"},"_links":{"self":[{"href":"https:\/\/globalhotel.com.tr\/de\/wp-json\/wp\/v2\/product\/4084","targetHints":{"allow":["GET"]}}],"collection":[{"href":"https:\/\/globalhotel.com.tr\/de\/wp-json\/wp\/v2\/product"}],"about":[{"href":"https:\/\/globalhotel.com.tr\/de\/wp-json\/wp\/v2\/types\/product"}],"replies":[{"embeddable":true,"href":"https:\/\/globalhotel.com.tr\/de\/wp-json\/wp\/v2\/comments?post=4084"}],"wp:featuredmedia":[{"embeddable":true,"href":"https:\/\/globalhotel.com.tr\/de\/wp-json\/wp\/v2\/media\/4085"}],"wp:attachment":[{"href":"https:\/\/globalhotel.com.tr\/de\/wp-json\/wp\/v2\/media?parent=4084"}],"wp:term":[{"taxonomy":"product_brand","embeddable":true,"href":"https:\/\/globalhotel.com.tr\/de\/wp-json\/wp\/v2\/product_brand?post=4084"},{"taxonomy":"product_cat","embeddable":true,"href":"https:\/\/globalhotel.com.tr\/de\/wp-json\/wp\/v2\/product_cat?post=4084"},{"taxonomy":"product_tag","embeddable":true,"href":"https:\/\/globalhotel.com.tr\/de\/wp-json\/wp\/v2\/product_tag?post=4084"}],"curies":[{"name":"wp","href":"https:\/\/api.w.org\/{rel}","templated":true}]}}