{"id":4082,"date":"2024-09-26T16:59:09","date_gmt":"2024-09-26T13:59:09","guid":{"rendered":"https:\/\/globalhotel.com.tr\/urun\/re-001-servicewagen\/"},"modified":"2024-09-26T16:59:09","modified_gmt":"2024-09-26T13:59:09","slug":"re-001-servicewagen","status":"publish","type":"product","link":"https:\/\/globalhotel.com.tr\/de\/urun\/re-001-servicewagen\/","title":{"rendered":"RE-001 Servicewagen"},"content":{"rendered":"<p>&nbsp;<\/p>\n<div id=\"254C497F_ED5F_539E_BF08_9192F9A99B64\"><\/div>\n","protected":false},"excerpt":{"rendered":"<p>Der<strong> RE-001 Servicewagen<\/strong> wurde mit hoher Kapazit\u00e4t und Haltbarkeit entwickelt und aus Polypropylen hergestellt. Er bietet ein Volumen von 120 Litern, so dass gro\u00dfe Mengen an Abfall transportiert werden k\u00f6nnen. Mit 2 geschlossenen Regalen mit 3 Seiten und einem offenen Regal mit 4 Seiten erm\u00f6glicht er den geordneten Transport von verschiedenen Materialarten. Dank der sto\u00dffesten Reifen ist der Wagen vor \u00e4u\u00dferen Einfl\u00fcssen gesch\u00fctzt und beh\u00e4lt seine Langlebigkeit im Langzeiteinsatz. Der Servicewagen ist eine ideale L\u00f6sung, um einen effektiven und sicheren Service in Hotels und Restaurants zu gew\u00e4hrleisten.    <\/p>\n<ul>\n<li class=\"av_iconlist_title iconlist_title_small \">Werkstoff Polypropylen<\/li>\n<li class=\"av_iconlist_title iconlist_title_small \">120 Liter Fassungsverm\u00f6gen des Abfallbeh\u00e4lters<\/li>\n<li class=\"av_iconlist_title iconlist_title_small \">2 obere B\u00f6den an 3 Seiten geschlossen und 1 oberer Boden an 4 Seiten offen<\/li>\n<li class=\"av_iconlist_title iconlist_title_small \">Aufprallschutz-Reifen<\/li>\n<li><strong>Gr\u00f6\u00dfe:<\/strong> 530 x 1480 x 1020 mm<\/li>\n<li><strong>Gewicht:<\/strong> 29,5 kg<\/li>\n<li><strong>St\u00fcck im Paket:<\/strong> 1<\/li>\n<\/ul>\n","protected":false},"featured_media":4083,"comment_status":"open","ping_status":"closed","template":"","meta":{"inline_featured_image":false},"product_brand":[],"product_cat":[146,183],"product_tag":[],"class_list":{"0":"post-4082","1":"product","2":"type-product","3":"status-publish","4":"has-post-thumbnail","6":"product_cat-restaurant-ausstattung","7":"product_cat-servicewagen","8":"tm-has-options","10":"first","11":"instock","12":"shipping-taxable","13":"product-type-simple"},"_links":{"self":[{"href":"https:\/\/globalhotel.com.tr\/de\/wp-json\/wp\/v2\/product\/4082","targetHints":{"allow":["GET"]}}],"collection":[{"href":"https:\/\/globalhotel.com.tr\/de\/wp-json\/wp\/v2\/product"}],"about":[{"href":"https:\/\/globalhotel.com.tr\/de\/wp-json\/wp\/v2\/types\/product"}],"replies":[{"embeddable":true,"href":"https:\/\/globalhotel.com.tr\/de\/wp-json\/wp\/v2\/comments?post=4082"}],"wp:featuredmedia":[{"embeddable":true,"href":"https:\/\/globalhotel.com.tr\/de\/wp-json\/wp\/v2\/media\/4083"}],"wp:attachment":[{"href":"https:\/\/globalhotel.com.tr\/de\/wp-json\/wp\/v2\/media?parent=4082"}],"wp:term":[{"taxonomy":"product_brand","embeddable":true,"href":"https:\/\/globalhotel.com.tr\/de\/wp-json\/wp\/v2\/product_brand?post=4082"},{"taxonomy":"product_cat","embeddable":true,"href":"https:\/\/globalhotel.com.tr\/de\/wp-json\/wp\/v2\/product_cat?post=4082"},{"taxonomy":"product_tag","embeddable":true,"href":"https:\/\/globalhotel.com.tr\/de\/wp-json\/wp\/v2\/product_tag?post=4082"}],"curies":[{"name":"wp","href":"https:\/\/api.w.org\/{rel}","templated":true}]}}