{"id":4080,"date":"2024-09-26T16:59:09","date_gmt":"2024-09-26T13:59:09","guid":{"rendered":"https:\/\/globalhotel.com.tr\/urun\/re-004-minibar-wagen\/"},"modified":"2024-09-26T16:59:09","modified_gmt":"2024-09-26T13:59:09","slug":"re-004-minibar-wagen","status":"publish","type":"product","link":"https:\/\/globalhotel.com.tr\/de\/urun\/re-004-minibar-wagen\/","title":{"rendered":"RE-004 Minibar-Wagen"},"content":{"rendered":"<p>&nbsp;<\/p>\n<div id=\"254C497F_ED5F_539E_BF08_9192F9A99B64\"><\/div>\n","protected":false},"excerpt":{"rendered":"<p>Der <strong>Minibar-Trolley <\/strong>ist ein stilvolles und funktionelles Produkt, das entwickelt wurde, um den G\u00e4sten in Hotels und Unterk\u00fcnften einen schnellen und praktischen Minibar-Service zu bieten. Er ist aus strapazierf\u00e4higem Material gefertigt und bietet dank seiner Struktur mit hohem Fassungsverm\u00f6gen eine organisierte und sichere Aufbewahrung von Getr\u00e4nken und Snacks. Dank seines beweglichen Designs l\u00e4sst er sich leicht in den Zimmern platzieren. Mit seinem stilvollen und modernen Aussehen verleiht der Minibar-Trolley den Hotelzimmern einen \u00e4sthetischen Touch und bietet den G\u00e4sten ein komfortables Serviceerlebnis.   <\/p>\n<ul>\n<li class=\"av_iconlist_title iconlist_title_small \">MDF-Lam surface<\/li>\n<li class=\"av_iconlist_title iconlist_title_small \">Elektrostatisch lackiert<\/li>\n<li class=\"av_iconlist_title iconlist_title_small \">Mit abschlie\u00dfbarem Deckel<\/li>\n<li class=\"av_iconlist_title iconlist_title_small \">4 St\u00fcck Regal<\/li>\n<li class=\"av_iconlist_title iconlist_title_small \">Anti-Impact-Reifen<\/li>\n<li class=\"av_iconlist_title iconlist_title_small \">2 Rollen mit Feststellern und 2 Rollen ohne Feststeller<\/li>\n<li><strong>Gr\u00f6\u00dfe:<\/strong> 700 x 1400 x 560 mm<\/li>\n<li><strong>Gewicht:<\/strong> 48,8 kg<\/li>\n<\/ul>\n","protected":false},"featured_media":4081,"comment_status":"open","ping_status":"closed","template":"","meta":{"inline_featured_image":false},"product_brand":[],"product_cat":[146,183],"product_tag":[],"class_list":{"0":"post-4080","1":"product","2":"type-product","3":"status-publish","4":"has-post-thumbnail","6":"product_cat-restaurant-ausstattung","7":"product_cat-servicewagen","8":"tm-has-options","10":"first","11":"instock","12":"shipping-taxable","13":"product-type-simple"},"_links":{"self":[{"href":"https:\/\/globalhotel.com.tr\/de\/wp-json\/wp\/v2\/product\/4080","targetHints":{"allow":["GET"]}}],"collection":[{"href":"https:\/\/globalhotel.com.tr\/de\/wp-json\/wp\/v2\/product"}],"about":[{"href":"https:\/\/globalhotel.com.tr\/de\/wp-json\/wp\/v2\/types\/product"}],"replies":[{"embeddable":true,"href":"https:\/\/globalhotel.com.tr\/de\/wp-json\/wp\/v2\/comments?post=4080"}],"wp:featuredmedia":[{"embeddable":true,"href":"https:\/\/globalhotel.com.tr\/de\/wp-json\/wp\/v2\/media\/4081"}],"wp:attachment":[{"href":"https:\/\/globalhotel.com.tr\/de\/wp-json\/wp\/v2\/media?parent=4080"}],"wp:term":[{"taxonomy":"product_brand","embeddable":true,"href":"https:\/\/globalhotel.com.tr\/de\/wp-json\/wp\/v2\/product_brand?post=4080"},{"taxonomy":"product_cat","embeddable":true,"href":"https:\/\/globalhotel.com.tr\/de\/wp-json\/wp\/v2\/product_cat?post=4080"},{"taxonomy":"product_tag","embeddable":true,"href":"https:\/\/globalhotel.com.tr\/de\/wp-json\/wp\/v2\/product_tag?post=4080"}],"curies":[{"name":"wp","href":"https:\/\/api.w.org\/{rel}","templated":true}]}}