{"id":4071,"date":"2024-09-26T17:00:10","date_gmt":"2024-09-26T14:00:10","guid":{"rendered":"https:\/\/globalhotel.com.tr\/urun\/softsky-fusshandtuch\/"},"modified":"2024-09-26T17:00:10","modified_gmt":"2024-09-26T14:00:10","slug":"softsky-fusshandtuch","status":"publish","type":"product","link":"https:\/\/globalhotel.com.tr\/de\/urun\/softsky-fusshandtuch\/","title":{"rendered":"Softsky Fu\u00dfhandtuch"},"content":{"rendered":"<p>&nbsp;<\/p>\n<div id=\"254C497F_ED5F_539E_BF08_9192F9A99B64\"><\/div>\n","protected":false},"excerpt":{"rendered":"<p><strong>Softsky Foot Towel<\/strong> ist ein hochwertiges Produkt, das f\u00fcr den Komfort der G\u00e4ste in Hotels und Unterk\u00fcnften entwickelt wurde. Dank seiner weichen und saugf\u00e4higen Beschaffenheit hilft es, die F\u00fc\u00dfe nach dem Baden schnell und effektiv zu trocknen. Das Softsky-Fu\u00dfhandtuch bietet mit seinem strapazierf\u00e4higen Stoff und seiner hohen Saugkraft eine lange Nutzungsdauer. Sein stilvolles und elegantes Design verleiht Hotelzimmern einen eleganten Touch. Indem es den G\u00e4sten Komfort und Hygiene bietet, macht es das Hotelerlebnis noch angenehmer.    <\/p>\n<ul>\n<li>50 x 90 cm<\/li>\n<li>20\/2 Ringgarn<\/li>\n<\/ul>\n<p><strong>TEKS-007: <\/strong>190 gr<\/p>\n<p><strong>TEKS-008: <\/strong>250 gr<\/p>\n<p><strong>TEKS-009: <\/strong>300 gr<\/p>\n<p>&nbsp;<\/p>\n<div id=\"254C497F_ED5F_539E_BF08_9192F9A99B64\"><\/div>\n","protected":false},"featured_media":4072,"comment_status":"open","ping_status":"closed","template":"","meta":{"inline_featured_image":false},"product_brand":[],"product_cat":[140,182],"product_tag":[179],"class_list":{"0":"post-4071","1":"product","2":"type-product","3":"status-publish","4":"has-post-thumbnail","6":"product_cat-ausstattung-im-raum","7":"product_cat-hoteltextilien","8":"product_tag-venus-de","9":"tm-has-options","11":"first","12":"instock","13":"shipping-taxable","14":"product-type-simple"},"_links":{"self":[{"href":"https:\/\/globalhotel.com.tr\/de\/wp-json\/wp\/v2\/product\/4071","targetHints":{"allow":["GET"]}}],"collection":[{"href":"https:\/\/globalhotel.com.tr\/de\/wp-json\/wp\/v2\/product"}],"about":[{"href":"https:\/\/globalhotel.com.tr\/de\/wp-json\/wp\/v2\/types\/product"}],"replies":[{"embeddable":true,"href":"https:\/\/globalhotel.com.tr\/de\/wp-json\/wp\/v2\/comments?post=4071"}],"wp:featuredmedia":[{"embeddable":true,"href":"https:\/\/globalhotel.com.tr\/de\/wp-json\/wp\/v2\/media\/4072"}],"wp:attachment":[{"href":"https:\/\/globalhotel.com.tr\/de\/wp-json\/wp\/v2\/media?parent=4071"}],"wp:term":[{"taxonomy":"product_brand","embeddable":true,"href":"https:\/\/globalhotel.com.tr\/de\/wp-json\/wp\/v2\/product_brand?post=4071"},{"taxonomy":"product_cat","embeddable":true,"href":"https:\/\/globalhotel.com.tr\/de\/wp-json\/wp\/v2\/product_cat?post=4071"},{"taxonomy":"product_tag","embeddable":true,"href":"https:\/\/globalhotel.com.tr\/de\/wp-json\/wp\/v2\/product_tag?post=4071"}],"curies":[{"name":"wp","href":"https:\/\/api.w.org\/{rel}","templated":true}]}}