{"id":4069,"date":"2024-09-26T17:00:10","date_gmt":"2024-09-26T14:00:10","guid":{"rendered":"https:\/\/globalhotel.com.tr\/urun\/softsky-badehandtuch\/"},"modified":"2024-09-26T17:00:10","modified_gmt":"2024-09-26T14:00:10","slug":"softsky-badehandtuch","status":"publish","type":"product","link":"https:\/\/globalhotel.com.tr\/de\/urun\/softsky-badehandtuch\/","title":{"rendered":"Softsky Badehandtuch"},"content":{"rendered":"<p>&nbsp;<\/p>\n<div id=\"254C497F_ED5F_539E_BF08_9192F9A99B64\"><\/div>\n","protected":false},"excerpt":{"rendered":"<p><strong>Softsky Bath Towel<\/strong> ist ein Produkt mit hoher Saugf\u00e4higkeit und weicher Textur, das speziell f\u00fcr Hotels und Beherbergungsbetriebe entwickelt wurde. Seine hochwertige Baumwolltextur bietet h\u00f6chsten Komfort, indem sie den K\u00f6rper nach dem Baden schnell trocknet. Dank seiner strapazierf\u00e4higen Struktur ist es auch nach h\u00e4ufigem Waschen noch lange haltbar und beh\u00e4lt seine Form. Sein stilvolles und schlichtes Design harmoniert mit der eleganten Atmosph\u00e4re von Hotelzimmern. Bathroom Hotel Towel ist die ideale Wahl, um den Komfort der G\u00e4ste zu maximieren.    <\/p>\n<ul>\n<li>20\/2 Ringgarn<\/li>\n<\/ul>\n<p><strong>TEKS-004: <\/strong>70 x 140 cm | 500 gr<\/p>\n<p><strong>TEKS-005: <\/strong>90 x 150 cm | 600 gr<\/p>\n<p><strong>TEKS-006: <\/strong>90 x 150 cm | 800 gr<\/p>\n","protected":false},"featured_media":4070,"comment_status":"open","ping_status":"closed","template":"","meta":{"inline_featured_image":false},"product_brand":[],"product_cat":[140,182],"product_tag":[179],"class_list":{"0":"post-4069","1":"product","2":"type-product","3":"status-publish","4":"has-post-thumbnail","6":"product_cat-ausstattung-im-raum","7":"product_cat-hoteltextilien","8":"product_tag-venus-de","9":"tm-has-options","11":"first","12":"instock","13":"shipping-taxable","14":"product-type-simple"},"_links":{"self":[{"href":"https:\/\/globalhotel.com.tr\/de\/wp-json\/wp\/v2\/product\/4069","targetHints":{"allow":["GET"]}}],"collection":[{"href":"https:\/\/globalhotel.com.tr\/de\/wp-json\/wp\/v2\/product"}],"about":[{"href":"https:\/\/globalhotel.com.tr\/de\/wp-json\/wp\/v2\/types\/product"}],"replies":[{"embeddable":true,"href":"https:\/\/globalhotel.com.tr\/de\/wp-json\/wp\/v2\/comments?post=4069"}],"wp:featuredmedia":[{"embeddable":true,"href":"https:\/\/globalhotel.com.tr\/de\/wp-json\/wp\/v2\/media\/4070"}],"wp:attachment":[{"href":"https:\/\/globalhotel.com.tr\/de\/wp-json\/wp\/v2\/media?parent=4069"}],"wp:term":[{"taxonomy":"product_brand","embeddable":true,"href":"https:\/\/globalhotel.com.tr\/de\/wp-json\/wp\/v2\/product_brand?post=4069"},{"taxonomy":"product_cat","embeddable":true,"href":"https:\/\/globalhotel.com.tr\/de\/wp-json\/wp\/v2\/product_cat?post=4069"},{"taxonomy":"product_tag","embeddable":true,"href":"https:\/\/globalhotel.com.tr\/de\/wp-json\/wp\/v2\/product_tag?post=4069"}],"curies":[{"name":"wp","href":"https:\/\/api.w.org\/{rel}","templated":true}]}}