{"id":4067,"date":"2024-09-26T17:00:10","date_gmt":"2024-09-26T14:00:10","guid":{"rendered":"https:\/\/globalhotel.com.tr\/urun\/softsky-handtuch\/"},"modified":"2024-09-26T17:00:10","modified_gmt":"2024-09-26T14:00:10","slug":"softsky-handtuch","status":"publish","type":"product","link":"https:\/\/globalhotel.com.tr\/de\/urun\/softsky-handtuch\/","title":{"rendered":"Softsky Handtuch"},"content":{"rendered":"<p>&nbsp;<\/p>\n<div id=\"254C497F_ED5F_539E_BF08_9192F9A99B64\"><\/div>\n","protected":false},"excerpt":{"rendered":"<p>Das <strong>Softsky-Handtuch<\/strong> ist ein weiches und strapazierf\u00e4higes Handtuch, das Hygiene und Komfort in Hotels und Beherbergungsbetrieben in den Vordergrund stellt. Die sehr saugf\u00e4hige Baumwolltextur l\u00e4sst die H\u00e4nde schnell trocknen. Sein stilvolles und schlichtes Design harmoniert mit Hotelb\u00e4dern und G\u00e4stebereichen. Dank seiner langlebigen und strapazierf\u00e4higen Struktur beh\u00e4lt es auch bei h\u00e4ufigem Waschen seine Form. Das Softsky-Handtuch bietet einen komfortablen und hygienischen Gebrauch, der das Erlebnis der G\u00e4ste verbessert.    <\/p>\n<ul>\n<li id=\"254C497F_ED5F_539E_BF08_9192F9A99B64\">50 x 90 cm<\/li>\n<li>20\/2 Ringgarn<\/li>\n<\/ul>\n<p><strong>TEKS-001:<\/strong> 225 gr<\/p>\n<p><strong>TEKS-002: <\/strong>250 gr<\/p>\n<p><strong>TEKS-003: <\/strong>300 gr<\/p>\n<p>&nbsp;<\/p>\n","protected":false},"featured_media":4068,"comment_status":"open","ping_status":"closed","template":"","meta":{"inline_featured_image":false},"product_brand":[],"product_cat":[140,182],"product_tag":[179],"class_list":{"0":"post-4067","1":"product","2":"type-product","3":"status-publish","4":"has-post-thumbnail","6":"product_cat-ausstattung-im-raum","7":"product_cat-hoteltextilien","8":"product_tag-venus-de","9":"tm-has-options","11":"first","12":"instock","13":"shipping-taxable","14":"product-type-simple"},"_links":{"self":[{"href":"https:\/\/globalhotel.com.tr\/de\/wp-json\/wp\/v2\/product\/4067","targetHints":{"allow":["GET"]}}],"collection":[{"href":"https:\/\/globalhotel.com.tr\/de\/wp-json\/wp\/v2\/product"}],"about":[{"href":"https:\/\/globalhotel.com.tr\/de\/wp-json\/wp\/v2\/types\/product"}],"replies":[{"embeddable":true,"href":"https:\/\/globalhotel.com.tr\/de\/wp-json\/wp\/v2\/comments?post=4067"}],"wp:featuredmedia":[{"embeddable":true,"href":"https:\/\/globalhotel.com.tr\/de\/wp-json\/wp\/v2\/media\/4068"}],"wp:attachment":[{"href":"https:\/\/globalhotel.com.tr\/de\/wp-json\/wp\/v2\/media?parent=4067"}],"wp:term":[{"taxonomy":"product_brand","embeddable":true,"href":"https:\/\/globalhotel.com.tr\/de\/wp-json\/wp\/v2\/product_brand?post=4067"},{"taxonomy":"product_cat","embeddable":true,"href":"https:\/\/globalhotel.com.tr\/de\/wp-json\/wp\/v2\/product_cat?post=4067"},{"taxonomy":"product_tag","embeddable":true,"href":"https:\/\/globalhotel.com.tr\/de\/wp-json\/wp\/v2\/product_tag?post=4067"}],"curies":[{"name":"wp","href":"https:\/\/api.w.org\/{rel}","templated":true}]}}