{"id":4065,"date":"2024-09-26T17:00:11","date_gmt":"2024-09-26T14:00:11","guid":{"rendered":"https:\/\/globalhotel.com.tr\/urun\/softsky-bettbezug\/"},"modified":"2024-09-26T17:00:11","modified_gmt":"2024-09-26T14:00:11","slug":"softsky-bettbezug","status":"publish","type":"product","link":"https:\/\/globalhotel.com.tr\/de\/urun\/softsky-bettbezug\/","title":{"rendered":"Softsky Bettbezug"},"content":{"rendered":"<p>&nbsp;<\/p>\n<div id=\"254C497F_ED5F_539E_BF08_9192F9A99B64\"><\/div>\n","protected":false},"excerpt":{"rendered":"<p>Der <strong>Softsky-Bettbezug <\/strong>wurde speziell f\u00fcr Hotels und Beherbergungsbetriebe entwickelt und bietet mit seiner weichen Textur und seinem stilvollen Design ein angenehmes Schlaferlebnis. Sein atmungsaktives und strapazierf\u00e4higes Gewebe sorgt daf\u00fcr, dass sich die G\u00e4ste wohlf\u00fchlen, w\u00e4hrend seine leicht zu waschende und langlebige Struktur ihn f\u00fcr den Einsatz in Hotels geeignet macht. Sein stilvolles und elegantes Aussehen verleiht Hotelzimmern eine luxuri\u00f6se und \u00e4sthetische Atmosph\u00e4re. Der Softsky-Bettbezug ist eine ideale Wahl, die durch die Kombination von Qualit\u00e4t und Komfort die Zufriedenheit der G\u00e4ste erh\u00f6ht.   <\/p>\n<p><strong>TEKS-031:<\/strong> Einzelperson 57 Draht | 160 x 230<\/p>\n<p><strong>TEKS-032:<\/strong> Einzelperson 63 Draht | 160 x 230<\/p>\n<p><strong>TEKS-033:<\/strong> Einfacher 83er Draht | 160 x 230<\/p>\n<p><strong>TEKS-034:<\/strong> Doppelter 57er Draht | 200 x 230<\/p>\n<p><strong>TEKS-035:<\/strong> Doppelter 63er Draht | 200 x 230<\/p>\n<p><strong>TEKS-036:<\/strong> Doppelter 83er Draht | 200 x 230<\/p>\n","protected":false},"featured_media":4066,"comment_status":"open","ping_status":"closed","template":"","meta":{"inline_featured_image":false},"product_brand":[],"product_cat":[140,182],"product_tag":[179],"class_list":{"0":"post-4065","1":"product","2":"type-product","3":"status-publish","4":"has-post-thumbnail","6":"product_cat-ausstattung-im-raum","7":"product_cat-hoteltextilien","8":"product_tag-venus-de","9":"tm-has-options","11":"first","12":"instock","13":"shipping-taxable","14":"product-type-simple"},"_links":{"self":[{"href":"https:\/\/globalhotel.com.tr\/de\/wp-json\/wp\/v2\/product\/4065","targetHints":{"allow":["GET"]}}],"collection":[{"href":"https:\/\/globalhotel.com.tr\/de\/wp-json\/wp\/v2\/product"}],"about":[{"href":"https:\/\/globalhotel.com.tr\/de\/wp-json\/wp\/v2\/types\/product"}],"replies":[{"embeddable":true,"href":"https:\/\/globalhotel.com.tr\/de\/wp-json\/wp\/v2\/comments?post=4065"}],"wp:featuredmedia":[{"embeddable":true,"href":"https:\/\/globalhotel.com.tr\/de\/wp-json\/wp\/v2\/media\/4066"}],"wp:attachment":[{"href":"https:\/\/globalhotel.com.tr\/de\/wp-json\/wp\/v2\/media?parent=4065"}],"wp:term":[{"taxonomy":"product_brand","embeddable":true,"href":"https:\/\/globalhotel.com.tr\/de\/wp-json\/wp\/v2\/product_brand?post=4065"},{"taxonomy":"product_cat","embeddable":true,"href":"https:\/\/globalhotel.com.tr\/de\/wp-json\/wp\/v2\/product_cat?post=4065"},{"taxonomy":"product_tag","embeddable":true,"href":"https:\/\/globalhotel.com.tr\/de\/wp-json\/wp\/v2\/product_tag?post=4065"}],"curies":[{"name":"wp","href":"https:\/\/api.w.org\/{rel}","templated":true}]}}