{"id":4063,"date":"2024-09-26T17:00:11","date_gmt":"2024-09-26T14:00:11","guid":{"rendered":"https:\/\/globalhotel.com.tr\/urun\/softsky-bettlaken\/"},"modified":"2024-09-26T17:00:11","modified_gmt":"2024-09-26T14:00:11","slug":"softsky-bettlaken","status":"publish","type":"product","link":"https:\/\/globalhotel.com.tr\/de\/urun\/softsky-bettlaken\/","title":{"rendered":"Softsky Bettlaken"},"content":{"rendered":"<p>&nbsp;<\/p>\n<div id=\"254C497F_ED5F_539E_BF08_9192F9A99B64\"><\/div>\n","protected":false},"excerpt":{"rendered":"<p><strong>Softsky Bed Sheet <\/strong>ist ein hochwertiges Produkt, das Komfort und Eleganz in Hotels und Beherbergungsbetrieben verbindet. Sein weiches und strapazierf\u00e4higes Gewebe sorgt daf\u00fcr, dass die G\u00e4ste einen angenehmen Schlaf erleben. Es bietet Frische dank seiner atmungsaktiven Struktur und ist praktisch, da es leicht zu waschen ist und eine lange Lebensdauer hat. Sein stilvolles und elegantes Design verleiht Hotelzimmern einen luxuri\u00f6sen und \u00e4sthetischen Touch. Das Softsky-Bettlaken erh\u00f6ht die Zufriedenheit der G\u00e4ste, indem es Komfort und Qualit\u00e4t miteinander verbindet.    <\/p>\n<p><strong>TEKS-036:<\/strong> Einzelperson 57 Draht | 180 x 280<\/p>\n<p><strong>TEKS-037:<\/strong> Einzelner 63er Draht | 180 x 280<\/p>\n<p><strong>TEKS-038:<\/strong> Einzelner 83er Draht | 180 x 280<\/p>\n<p><strong>TEKS-039:<\/strong> Doppelter 57er Draht | 280 x 280<\/p>\n<p><strong>TEKS-040:<\/strong> Doppelter 63er Draht | 280 x 280<\/p>\n<p><strong>TEKS-041: <\/strong>Doppelter 83er Draht | 280 x 280<\/p>\n","protected":false},"featured_media":4064,"comment_status":"open","ping_status":"closed","template":"","meta":{"inline_featured_image":false},"product_brand":[],"product_cat":[140,182],"product_tag":[179],"class_list":{"0":"post-4063","1":"product","2":"type-product","3":"status-publish","4":"has-post-thumbnail","6":"product_cat-ausstattung-im-raum","7":"product_cat-hoteltextilien","8":"product_tag-venus-de","9":"tm-has-options","11":"first","12":"instock","13":"shipping-taxable","14":"product-type-simple"},"_links":{"self":[{"href":"https:\/\/globalhotel.com.tr\/de\/wp-json\/wp\/v2\/product\/4063","targetHints":{"allow":["GET"]}}],"collection":[{"href":"https:\/\/globalhotel.com.tr\/de\/wp-json\/wp\/v2\/product"}],"about":[{"href":"https:\/\/globalhotel.com.tr\/de\/wp-json\/wp\/v2\/types\/product"}],"replies":[{"embeddable":true,"href":"https:\/\/globalhotel.com.tr\/de\/wp-json\/wp\/v2\/comments?post=4063"}],"wp:featuredmedia":[{"embeddable":true,"href":"https:\/\/globalhotel.com.tr\/de\/wp-json\/wp\/v2\/media\/4064"}],"wp:attachment":[{"href":"https:\/\/globalhotel.com.tr\/de\/wp-json\/wp\/v2\/media?parent=4063"}],"wp:term":[{"taxonomy":"product_brand","embeddable":true,"href":"https:\/\/globalhotel.com.tr\/de\/wp-json\/wp\/v2\/product_brand?post=4063"},{"taxonomy":"product_cat","embeddable":true,"href":"https:\/\/globalhotel.com.tr\/de\/wp-json\/wp\/v2\/product_cat?post=4063"},{"taxonomy":"product_tag","embeddable":true,"href":"https:\/\/globalhotel.com.tr\/de\/wp-json\/wp\/v2\/product_tag?post=4063"}],"curies":[{"name":"wp","href":"https:\/\/api.w.org\/{rel}","templated":true}]}}