{"id":4057,"date":"2024-09-26T17:00:11","date_gmt":"2024-09-26T14:00:11","guid":{"rendered":"https:\/\/globalhotel.com.tr\/urun\/softsky-steppdecke\/"},"modified":"2024-09-26T17:00:11","modified_gmt":"2024-09-26T14:00:11","slug":"softsky-steppdecke","status":"publish","type":"product","link":"https:\/\/globalhotel.com.tr\/de\/urun\/softsky-steppdecke\/","title":{"rendered":"Softsky-Steppdecke"},"content":{"rendered":"<p>&nbsp;<\/p>\n<div id=\"254C497F_ED5F_539E_BF08_9192F9A99B64\"><\/div>\n","protected":false},"excerpt":{"rendered":"<p><strong>Softsky Quilt<\/strong> ist ein leichtes und warmes Produkt, das in Hotels und Beherbergungsbetrieben f\u00fcr maximalen Komfort und W\u00e4rme sorgt. Das F\u00fcllmaterial aus Mikrofaser bietet ein angenehmes Schlaferlebnis, da es sich perfekt an den K\u00f6rper anpasst. Das weiche und atmungsaktive Au\u00dfenmaterial sorgt f\u00fcr W\u00e4rme ohne Schwitzen. Dank seiner strapazierf\u00e4higen und langlebigen Struktur beh\u00e4lt er auch nach h\u00e4ufigem Waschen seine Form. Softsky Comforter ist eine komfortable, leichte und hygienische Option, die Hotelzimmern einen Hauch von Luxus verleiht.    <\/p>\n<p>50 x 70 cm | 20\/2 Ringgarn<\/p>\n<ul>\n<li><strong>TEKS-022:<\/strong> Einfach | 155 x 215 &#8211; 300 gr<\/li>\n<li><strong>TEKS-023:<\/strong> Einfach | 155 x 215 &#8211; 400 gr<\/li>\n<li><strong>TEKS-024:<\/strong> Doppelt | 195 x 215 &#8211; 300 gr<\/li>\n<li><strong>TEKS-025:<\/strong> Doppelt | 195 x 215 &#8211; 400 gr<\/li>\n<\/ul>\n","protected":false},"featured_media":4058,"comment_status":"open","ping_status":"closed","template":"","meta":{"inline_featured_image":false},"product_brand":[],"product_cat":[140,182],"product_tag":[179],"class_list":{"0":"post-4057","1":"product","2":"type-product","3":"status-publish","4":"has-post-thumbnail","6":"product_cat-ausstattung-im-raum","7":"product_cat-hoteltextilien","8":"product_tag-venus-de","9":"tm-has-options","11":"first","12":"instock","13":"shipping-taxable","14":"product-type-simple"},"_links":{"self":[{"href":"https:\/\/globalhotel.com.tr\/de\/wp-json\/wp\/v2\/product\/4057","targetHints":{"allow":["GET"]}}],"collection":[{"href":"https:\/\/globalhotel.com.tr\/de\/wp-json\/wp\/v2\/product"}],"about":[{"href":"https:\/\/globalhotel.com.tr\/de\/wp-json\/wp\/v2\/types\/product"}],"replies":[{"embeddable":true,"href":"https:\/\/globalhotel.com.tr\/de\/wp-json\/wp\/v2\/comments?post=4057"}],"wp:featuredmedia":[{"embeddable":true,"href":"https:\/\/globalhotel.com.tr\/de\/wp-json\/wp\/v2\/media\/4058"}],"wp:attachment":[{"href":"https:\/\/globalhotel.com.tr\/de\/wp-json\/wp\/v2\/media?parent=4057"}],"wp:term":[{"taxonomy":"product_brand","embeddable":true,"href":"https:\/\/globalhotel.com.tr\/de\/wp-json\/wp\/v2\/product_brand?post=4057"},{"taxonomy":"product_cat","embeddable":true,"href":"https:\/\/globalhotel.com.tr\/de\/wp-json\/wp\/v2\/product_cat?post=4057"},{"taxonomy":"product_tag","embeddable":true,"href":"https:\/\/globalhotel.com.tr\/de\/wp-json\/wp\/v2\/product_tag?post=4057"}],"curies":[{"name":"wp","href":"https:\/\/api.w.org\/{rel}","templated":true}]}}