{"id":4055,"date":"2024-09-26T17:00:11","date_gmt":"2024-09-26T14:00:11","guid":{"rendered":"https:\/\/globalhotel.com.tr\/urun\/softsky-kopfkissenbezug\/"},"modified":"2024-09-26T17:00:11","modified_gmt":"2024-09-26T14:00:11","slug":"softsky-kopfkissenbezug","status":"publish","type":"product","link":"https:\/\/globalhotel.com.tr\/de\/urun\/softsky-kopfkissenbezug\/","title":{"rendered":"Softsky Kopfkissenbezug"},"content":{"rendered":"<p>&nbsp;<\/p>\n<div id=\"254C497F_ED5F_539E_BF08_9192F9A99B64\"><\/div>\n","protected":false},"excerpt":{"rendered":"<p><strong>Softsky Pillowcase<\/strong> ist ein Qualit\u00e4tsprodukt, das speziell f\u00fcr den Komfort und die Hygiene in Hotels und Beherbergungsbetrieben entwickelt wurde. Sein weiches und atmungsaktives Gewebe bietet den G\u00e4sten ein angenehmes Schlaferlebnis, w\u00e4hrend seine leicht zu waschende und strapazierf\u00e4hige Struktur eine langfristige Nutzung gew\u00e4hrleistet. Sein stilvolles und elegantes Design verleiht Hotelzimmern einen eleganten Touch und bietet gleichzeitig einen hygienischen Schutz, damit die Kissen sauber und frisch bleiben. Softsky Pillowcase ist eine ideale Wahl, die den Komfort der G\u00e4ste und die \u00c4sthetik in Hotelzimmern erh\u00f6ht.   <\/p>\n<ul>\n<li>50 x 70 cm<\/li>\n<\/ul>\n<p><strong>TEKS-028:<\/strong> 57 Tel<\/p>\n<p><strong>TEKS-029: <\/strong>63 Tel<\/p>\n<p><strong>TEKS-030: <\/strong>83 Wire Satin Road<\/p>\n","protected":false},"featured_media":4056,"comment_status":"open","ping_status":"closed","template":"","meta":{"inline_featured_image":false},"product_brand":[],"product_cat":[140,182],"product_tag":[179],"class_list":{"0":"post-4055","1":"product","2":"type-product","3":"status-publish","4":"has-post-thumbnail","6":"product_cat-ausstattung-im-raum","7":"product_cat-hoteltextilien","8":"product_tag-venus-de","9":"tm-has-options","11":"first","12":"instock","13":"shipping-taxable","14":"product-type-simple"},"_links":{"self":[{"href":"https:\/\/globalhotel.com.tr\/de\/wp-json\/wp\/v2\/product\/4055","targetHints":{"allow":["GET"]}}],"collection":[{"href":"https:\/\/globalhotel.com.tr\/de\/wp-json\/wp\/v2\/product"}],"about":[{"href":"https:\/\/globalhotel.com.tr\/de\/wp-json\/wp\/v2\/types\/product"}],"replies":[{"embeddable":true,"href":"https:\/\/globalhotel.com.tr\/de\/wp-json\/wp\/v2\/comments?post=4055"}],"wp:featuredmedia":[{"embeddable":true,"href":"https:\/\/globalhotel.com.tr\/de\/wp-json\/wp\/v2\/media\/4056"}],"wp:attachment":[{"href":"https:\/\/globalhotel.com.tr\/de\/wp-json\/wp\/v2\/media?parent=4055"}],"wp:term":[{"taxonomy":"product_brand","embeddable":true,"href":"https:\/\/globalhotel.com.tr\/de\/wp-json\/wp\/v2\/product_brand?post=4055"},{"taxonomy":"product_cat","embeddable":true,"href":"https:\/\/globalhotel.com.tr\/de\/wp-json\/wp\/v2\/product_cat?post=4055"},{"taxonomy":"product_tag","embeddable":true,"href":"https:\/\/globalhotel.com.tr\/de\/wp-json\/wp\/v2\/product_tag?post=4055"}],"curies":[{"name":"wp","href":"https:\/\/api.w.org\/{rel}","templated":true}]}}