{"id":4053,"date":"2024-09-26T17:00:11","date_gmt":"2024-09-26T14:00:11","guid":{"rendered":"https:\/\/globalhotel.com.tr\/urun\/softsky-kissen-kopfkissen\/"},"modified":"2024-09-26T17:00:11","modified_gmt":"2024-09-26T14:00:11","slug":"softsky-kissen-kopfkissen","status":"publish","type":"product","link":"https:\/\/globalhotel.com.tr\/de\/urun\/softsky-kissen-kopfkissen\/","title":{"rendered":"Softsky Kissen Kopfkissen"},"content":{"rendered":"","protected":false},"excerpt":{"rendered":"<p><strong>Softsky Pillow Cloth<\/strong> ist ein Qualit\u00e4tsprodukt, das Kissen sch\u00fctzt und eine hygienische L\u00f6sung in Hotels und Beherbergungsbetrieben bietet. Dank seiner fl\u00fcssigkeitsdichten Beschichtung sch\u00fctzt es die Kissen vor \u00e4u\u00dferen Einfl\u00fcssen und Schmutz, w\u00e4hrend sein weiches und atmungsaktives Gewebe den G\u00e4sten ein angenehmes Schlaferlebnis bietet. Die strapazierf\u00e4hige und langlebige Struktur sorgt f\u00fcr eine langfristige Nutzung, da sie auch bei h\u00e4ufigem Waschen ihre Form beibeh\u00e4lt. Softsky Pillow Topper erh\u00f6ht den Komfort der G\u00e4ste durch die Kombination von Schutz und Komfort.   <\/p>\n<ul>\n<li class=\"av_iconlist_title iconlist_title_small \"><strong>TEKS-019: <\/strong>50 x 70 cm<\/li>\n<\/ul>\n","protected":false},"featured_media":4054,"comment_status":"open","ping_status":"closed","template":"","meta":{"inline_featured_image":false},"product_brand":[],"product_cat":[140,182],"product_tag":[179],"class_list":{"0":"post-4053","1":"product","2":"type-product","3":"status-publish","4":"has-post-thumbnail","6":"product_cat-ausstattung-im-raum","7":"product_cat-hoteltextilien","8":"product_tag-venus-de","9":"tm-has-options","11":"first","12":"instock","13":"shipping-taxable","14":"product-type-simple"},"_links":{"self":[{"href":"https:\/\/globalhotel.com.tr\/de\/wp-json\/wp\/v2\/product\/4053","targetHints":{"allow":["GET"]}}],"collection":[{"href":"https:\/\/globalhotel.com.tr\/de\/wp-json\/wp\/v2\/product"}],"about":[{"href":"https:\/\/globalhotel.com.tr\/de\/wp-json\/wp\/v2\/types\/product"}],"replies":[{"embeddable":true,"href":"https:\/\/globalhotel.com.tr\/de\/wp-json\/wp\/v2\/comments?post=4053"}],"wp:featuredmedia":[{"embeddable":true,"href":"https:\/\/globalhotel.com.tr\/de\/wp-json\/wp\/v2\/media\/4054"}],"wp:attachment":[{"href":"https:\/\/globalhotel.com.tr\/de\/wp-json\/wp\/v2\/media?parent=4053"}],"wp:term":[{"taxonomy":"product_brand","embeddable":true,"href":"https:\/\/globalhotel.com.tr\/de\/wp-json\/wp\/v2\/product_brand?post=4053"},{"taxonomy":"product_cat","embeddable":true,"href":"https:\/\/globalhotel.com.tr\/de\/wp-json\/wp\/v2\/product_cat?post=4053"},{"taxonomy":"product_tag","embeddable":true,"href":"https:\/\/globalhotel.com.tr\/de\/wp-json\/wp\/v2\/product_tag?post=4053"}],"curies":[{"name":"wp","href":"https:\/\/api.w.org\/{rel}","templated":true}]}}