{"id":4029,"date":"2024-09-26T17:01:15","date_gmt":"2024-09-26T14:01:15","guid":{"rendered":"https:\/\/globalhotel.com.tr\/urun\/ghs016-smartsky-buegeleisen-und-tischaufhaenger\/"},"modified":"2024-09-26T17:01:15","modified_gmt":"2024-09-26T14:01:15","slug":"ghs016-smartsky-buegeleisen-und-tischaufhaenger","status":"publish","type":"product","link":"https:\/\/globalhotel.com.tr\/de\/urun\/ghs016-smartsky-buegeleisen-und-tischaufhaenger\/","title":{"rendered":"GHS016 Smartsky B\u00fcgeleisen und Tischaufh\u00e4nger"},"content":{"rendered":"","protected":false},"excerpt":{"rendered":"<p><strong>GHS016 Smartsky B\u00fcgeleisen- und Tischaufh\u00e4nger <\/strong>bietet eine organisierte und sichere Aufbewahrungsl\u00f6sung f\u00fcr B\u00fcgeleisen in Hotels und Unterkunftseinrichtungen. Er ist aus strapazierf\u00e4higem und hitzebest\u00e4ndigem Material gefertigt und spart Platz, indem er das B\u00fcgeleisen und den B\u00fcgeltisch an der Wand oder im Schrank aufh\u00e4ngt. Sein kompaktes und ergonomisches Design macht die B\u00fcgelausr\u00fcstung leicht zug\u00e4nglich und sorgt f\u00fcr ein organisiertes Aussehen. Der Smartsky B\u00fcgeleisen- und Tischaufh\u00e4nger ist eine praktische und stilvolle L\u00f6sung f\u00fcr die Organisation in Hotelzimmern.   <\/p>\n<ul>\n<li> Hitzebest\u00e4ndiges Material<\/li>\n<li> Verchromt<\/li>\n<\/ul>\n","protected":false},"featured_media":4030,"comment_status":"open","ping_status":"closed","template":"","meta":{"inline_featured_image":false},"product_brand":[],"product_cat":[140,142],"product_tag":[],"class_list":{"0":"post-4029","1":"product","2":"type-product","3":"status-publish","4":"has-post-thumbnail","6":"product_cat-ausstattung-im-raum","7":"product_cat-hotel-typ-eisen","8":"tm-has-options","10":"first","11":"instock","12":"shipping-taxable","13":"product-type-simple"},"_links":{"self":[{"href":"https:\/\/globalhotel.com.tr\/de\/wp-json\/wp\/v2\/product\/4029","targetHints":{"allow":["GET"]}}],"collection":[{"href":"https:\/\/globalhotel.com.tr\/de\/wp-json\/wp\/v2\/product"}],"about":[{"href":"https:\/\/globalhotel.com.tr\/de\/wp-json\/wp\/v2\/types\/product"}],"replies":[{"embeddable":true,"href":"https:\/\/globalhotel.com.tr\/de\/wp-json\/wp\/v2\/comments?post=4029"}],"wp:featuredmedia":[{"embeddable":true,"href":"https:\/\/globalhotel.com.tr\/de\/wp-json\/wp\/v2\/media\/4030"}],"wp:attachment":[{"href":"https:\/\/globalhotel.com.tr\/de\/wp-json\/wp\/v2\/media?parent=4029"}],"wp:term":[{"taxonomy":"product_brand","embeddable":true,"href":"https:\/\/globalhotel.com.tr\/de\/wp-json\/wp\/v2\/product_brand?post=4029"},{"taxonomy":"product_cat","embeddable":true,"href":"https:\/\/globalhotel.com.tr\/de\/wp-json\/wp\/v2\/product_cat?post=4029"},{"taxonomy":"product_tag","embeddable":true,"href":"https:\/\/globalhotel.com.tr\/de\/wp-json\/wp\/v2\/product_tag?post=4029"}],"curies":[{"name":"wp","href":"https:\/\/api.w.org\/{rel}","templated":true}]}}