{"id":4026,"date":"2024-09-26T17:01:15","date_gmt":"2024-09-26T14:01:15","guid":{"rendered":"https:\/\/globalhotel.com.tr\/urun\/hotel-typ-buegelbrett\/"},"modified":"2024-09-26T17:01:15","modified_gmt":"2024-09-26T14:01:15","slug":"hotel-typ-buegelbrett","status":"publish","type":"product","link":"https:\/\/globalhotel.com.tr\/de\/urun\/hotel-typ-buegelbrett\/","title":{"rendered":"Hotel Typ B\u00fcgelbrett"},"content":{"rendered":"","protected":false},"excerpt":{"rendered":"<p>Der <strong>Hotelb\u00fcgeltisch<\/strong> wurde entwickelt, um ein praktisches und bequemes B\u00fcgeln in Hotels und Unterk\u00fcnften zu erm\u00f6glichen. Er ist aus strapazierf\u00e4higem und leichtem Material gefertigt und l\u00e4sst sich dank seiner faltbaren Struktur leicht transportieren und aufbewahren. Die gro\u00dfe B\u00fcgelfl\u00e4che und die hitzebest\u00e4ndige Beschichtung sorgen f\u00fcr eine komfortable und sichere Nutzung. Mit seinem eleganten und ergonomischen Design erm\u00f6glicht es den G\u00e4sten, ihre Kleidung m\u00fchelos zu b\u00fcgeln.   <\/p>\n<ul>\n<li>Feuerfester Stoff<\/li>\n<li> Einstellbare H\u00f6he<\/li>\n<li>Struktur aus lackiertem Stahl<\/li>\n<li><strong>Gr\u00f6\u00dfe: <\/strong>330 x 1100 x 830 mm<\/li>\n<li><strong>Gewicht der Einheit:<\/strong> 3 kg<\/li>\n<li><strong>St\u00fccke im Paket:<\/strong> 2<\/li>\n<li><strong>Gr\u00f6\u00dfe des Pakets:<\/strong> 1000 x 2000 x 3500mm<\/li>\n<li><strong>Volumen: <\/strong>0,42 m3<\/li>\n<\/ul>\n","protected":false},"featured_media":4027,"comment_status":"open","ping_status":"closed","template":"","meta":{"inline_featured_image":false},"product_brand":[],"product_cat":[140,142],"product_tag":[],"class_list":{"0":"post-4026","1":"product","2":"type-product","3":"status-publish","4":"has-post-thumbnail","6":"product_cat-ausstattung-im-raum","7":"product_cat-hotel-typ-eisen","8":"tm-has-options","10":"first","11":"instock","12":"shipping-taxable","13":"product-type-simple"},"_links":{"self":[{"href":"https:\/\/globalhotel.com.tr\/de\/wp-json\/wp\/v2\/product\/4026","targetHints":{"allow":["GET"]}}],"collection":[{"href":"https:\/\/globalhotel.com.tr\/de\/wp-json\/wp\/v2\/product"}],"about":[{"href":"https:\/\/globalhotel.com.tr\/de\/wp-json\/wp\/v2\/types\/product"}],"replies":[{"embeddable":true,"href":"https:\/\/globalhotel.com.tr\/de\/wp-json\/wp\/v2\/comments?post=4026"}],"wp:featuredmedia":[{"embeddable":true,"href":"https:\/\/globalhotel.com.tr\/de\/wp-json\/wp\/v2\/media\/4027"}],"wp:attachment":[{"href":"https:\/\/globalhotel.com.tr\/de\/wp-json\/wp\/v2\/media?parent=4026"}],"wp:term":[{"taxonomy":"product_brand","embeddable":true,"href":"https:\/\/globalhotel.com.tr\/de\/wp-json\/wp\/v2\/product_brand?post=4026"},{"taxonomy":"product_cat","embeddable":true,"href":"https:\/\/globalhotel.com.tr\/de\/wp-json\/wp\/v2\/product_cat?post=4026"},{"taxonomy":"product_tag","embeddable":true,"href":"https:\/\/globalhotel.com.tr\/de\/wp-json\/wp\/v2\/product_tag?post=4026"}],"curies":[{"name":"wp","href":"https:\/\/api.w.org\/{rel}","templated":true}]}}