{"id":4021,"date":"2024-09-26T17:01:15","date_gmt":"2024-09-26T14:01:15","guid":{"rendered":"https:\/\/globalhotel.com.tr\/urun\/ks-001-global-standard-safe\/"},"modified":"2024-09-26T17:01:15","modified_gmt":"2024-09-26T14:01:15","slug":"ks-001-global-standard-safe","status":"publish","type":"product","link":"https:\/\/globalhotel.com.tr\/de\/urun\/ks-001-global-standard-safe\/","title":{"rendered":"KS-001 Global Standard Safe"},"content":{"rendered":"","protected":false},"excerpt":{"rendered":"<p>Der <strong>KS-001 Global Standard Safe <\/strong>ist ein robustes Produkt, das f\u00fcr einen sicheren Bereich f\u00fcr G\u00e4ste in Hotels und Beherbergungsbetrieben entwickelt wurde. Hergestellt aus langlebigem und zuverl\u00e4ssigem Material, bietet er Schutz f\u00fcr Wertsachen. Dank seines kompakten und benutzerfreundlichen Designs ist er einfach zu bedienen und kann bequem in Hotelzimmern platziert werden. Der Global Standard Safe bietet eine sichere Aufbewahrungsl\u00f6sung f\u00fcr G\u00e4ste und macht ihren Aufenthalt sicherer und komfortabler.   <\/p>\n<article class=\"article-icon-entry av-iconlist-empty\">\n<div class=\"iconlist_content_wrap\">\n<header class=\"entry-content-header\">\n<ul>\n<li class=\"av_iconlist_title iconlist_title_small \">Einstellung eines 4- bis 6-stelligen Benutzerpassworts<\/li>\n<li class=\"av_iconlist_title iconlist_title_small \">Master-Passwort-\u00d6ffnungsfunktion<\/li>\n<li class=\"av_iconlist_title iconlist_title_small \">\u00d6ffnen mit Ceu-Ger\u00e4t m\u00f6glich<\/li>\n<li class=\"av_iconlist_title iconlist_title_small \">Aufschl\u00fcsselung der letzten 100 Er\u00f6ffnungen\/Schlie\u00dfungen<\/li>\n<li class=\"av_iconlist_title iconlist_title_small \">Elektrostatisch pulverbeschichtet<\/li>\n<li><strong>Gr\u00f6\u00dfe:<\/strong> 360 x 300 x 220 mm<\/li>\n<li><strong>Gewicht: <\/strong>7 kg<\/li>\n<li><strong>Montage : <\/strong>Ged\u00fcbelt in M\u00f6bel<\/li>\n<li><strong>Farbe :<\/strong> Schwarz \/ Creme<\/li>\n<li><strong>St\u00fcck im Paket:<\/strong> 1<\/li>\n<li><strong>Gr\u00f6\u00dfe des Pakets:<\/strong> 380 x 320 x 240 mm<\/li>\n<li><strong>Volumen:<\/strong> 0,029 m3<\/li>\n<\/ul>\n<\/header>\n<\/div>\n<\/article>\n","protected":false},"featured_media":4020,"comment_status":"open","ping_status":"closed","template":"","meta":{"inline_featured_image":false},"product_brand":[],"product_cat":[140,180],"product_tag":[],"class_list":{"0":"post-4021","1":"product","2":"type-product","3":"status-publish","4":"has-post-thumbnail","6":"product_cat-ausstattung-im-raum","7":"product_cat-hotel-typ-tresore","8":"tm-has-options","10":"first","11":"instock","12":"shipping-taxable","13":"product-type-simple"},"_links":{"self":[{"href":"https:\/\/globalhotel.com.tr\/de\/wp-json\/wp\/v2\/product\/4021","targetHints":{"allow":["GET"]}}],"collection":[{"href":"https:\/\/globalhotel.com.tr\/de\/wp-json\/wp\/v2\/product"}],"about":[{"href":"https:\/\/globalhotel.com.tr\/de\/wp-json\/wp\/v2\/types\/product"}],"replies":[{"embeddable":true,"href":"https:\/\/globalhotel.com.tr\/de\/wp-json\/wp\/v2\/comments?post=4021"}],"wp:featuredmedia":[{"embeddable":true,"href":"https:\/\/globalhotel.com.tr\/de\/wp-json\/wp\/v2\/media\/4020"}],"wp:attachment":[{"href":"https:\/\/globalhotel.com.tr\/de\/wp-json\/wp\/v2\/media?parent=4021"}],"wp:term":[{"taxonomy":"product_brand","embeddable":true,"href":"https:\/\/globalhotel.com.tr\/de\/wp-json\/wp\/v2\/product_brand?post=4021"},{"taxonomy":"product_cat","embeddable":true,"href":"https:\/\/globalhotel.com.tr\/de\/wp-json\/wp\/v2\/product_cat?post=4021"},{"taxonomy":"product_tag","embeddable":true,"href":"https:\/\/globalhotel.com.tr\/de\/wp-json\/wp\/v2\/product_tag?post=4021"}],"curies":[{"name":"wp","href":"https:\/\/api.w.org\/{rel}","templated":true}]}}