{"id":4012,"date":"2024-09-26T17:01:15","date_gmt":"2024-09-26T14:01:15","guid":{"rendered":"https:\/\/globalhotel.com.tr\/urun\/ks-002-globale-laptoptasche\/"},"modified":"2024-09-26T17:01:15","modified_gmt":"2024-09-26T14:01:15","slug":"ks-002-globale-laptoptasche","status":"publish","type":"product","link":"https:\/\/globalhotel.com.tr\/de\/urun\/ks-002-globale-laptoptasche\/","title":{"rendered":"KS-002 Globale Laptoptasche"},"content":{"rendered":"","protected":false},"excerpt":{"rendered":"<p>Der <strong>KS-002 Global Laptop Safe<\/strong> bietet eine sichere und elegante Transportl\u00f6sung f\u00fcr G\u00e4ste in Hotels und Unterk\u00fcnften. Er besteht aus strapazierf\u00e4higem Material und wurde entwickelt, um Laptops vor \u00e4u\u00dferen Einfl\u00fcssen zu sch\u00fctzen. Dank seiner kompakten und ergonomischen Struktur ist er leicht zu tragen. Mit seinem eleganten Design bietet er den G\u00e4sten ein sicheres Transporterlebnis und bietet einen praktischen Nutzen in Hotelzimmern. Der Global Laptop Safe ist ein ideales Produkt, um die wertvollen Gegenst\u00e4nde der G\u00e4ste zu sch\u00fctzen.    <\/p>\n<article class=\"article-icon-entry av-iconlist-empty\">\n<div class=\"iconlist_content_wrap\">\n<header class=\"entry-content-header\">\n<ul>\n<li class=\"av_iconlist_title iconlist_title_small \">EINSTELLUNG EINES 4- BIS 6-STELLIGEN BENUTZERPASSWORTS<\/li>\n<li class=\"av_iconlist_title iconlist_title_small \">M\u00d6GLICHKEIT DES \u00d6FFNENS MIT MASTER-PASSWORT<\/li>\n<li class=\"av_iconlist_title iconlist_title_small \">M\u00d6GLICHKEIT, MIT DEM CEU-GER\u00c4T GE\u00d6FFNET ZU WERDEN<\/li>\n<li class=\"av_iconlist_title iconlist_title_small \">AUFSCHL\u00dcSSELUNG DER LETZTEN 100 ER\u00d6FFNUNGEN\/SCHLIESSUNGEN<\/li>\n<li class=\"av_iconlist_title iconlist_title_small \">ELEKTROSTATISCH PULVERBESCHICHTET<\/li>\n<li class=\"av_iconlist_title iconlist_title_small \">KANN IN EINEM LAPTOP GESPEICHERT WERDEN.<\/li>\n<li><strong>Gr\u00f6\u00dfe:<\/strong> 400 x 440 x 220 mm<\/li>\n<li><strong>Gewicht:<\/strong> 10 kg<\/li>\n<li><strong>Montage : <\/strong>Ged\u00fcbelt in M\u00f6bel<\/li>\n<li><strong>Farbe :<\/strong> Schwarz \/ Creme<\/li>\n<li><strong>St\u00fcck im Paket:<\/strong> 1<\/li>\n<li><strong>Gr\u00f6\u00dfe des Pakets:<\/strong> 420 x 460 x 240 mm<\/li>\n<li><strong>Volumen:<\/strong> 0,046 m3<\/li>\n<\/ul>\n<\/header>\n<\/div>\n<\/article>\n","protected":false},"featured_media":4013,"comment_status":"open","ping_status":"closed","template":"","meta":{"inline_featured_image":false},"product_brand":[],"product_cat":[140,180],"product_tag":[],"class_list":{"0":"post-4012","1":"product","2":"type-product","3":"status-publish","4":"has-post-thumbnail","6":"product_cat-ausstattung-im-raum","7":"product_cat-hotel-typ-tresore","8":"tm-has-options","10":"first","11":"instock","12":"shipping-taxable","13":"product-type-simple"},"_links":{"self":[{"href":"https:\/\/globalhotel.com.tr\/de\/wp-json\/wp\/v2\/product\/4012","targetHints":{"allow":["GET"]}}],"collection":[{"href":"https:\/\/globalhotel.com.tr\/de\/wp-json\/wp\/v2\/product"}],"about":[{"href":"https:\/\/globalhotel.com.tr\/de\/wp-json\/wp\/v2\/types\/product"}],"replies":[{"embeddable":true,"href":"https:\/\/globalhotel.com.tr\/de\/wp-json\/wp\/v2\/comments?post=4012"}],"wp:featuredmedia":[{"embeddable":true,"href":"https:\/\/globalhotel.com.tr\/de\/wp-json\/wp\/v2\/media\/4013"}],"wp:attachment":[{"href":"https:\/\/globalhotel.com.tr\/de\/wp-json\/wp\/v2\/media?parent=4012"}],"wp:term":[{"taxonomy":"product_brand","embeddable":true,"href":"https:\/\/globalhotel.com.tr\/de\/wp-json\/wp\/v2\/product_brand?post=4012"},{"taxonomy":"product_cat","embeddable":true,"href":"https:\/\/globalhotel.com.tr\/de\/wp-json\/wp\/v2\/product_cat?post=4012"},{"taxonomy":"product_tag","embeddable":true,"href":"https:\/\/globalhotel.com.tr\/de\/wp-json\/wp\/v2\/product_tag?post=4012"}],"curies":[{"name":"wp","href":"https:\/\/api.w.org\/{rel}","templated":true}]}}